{"id":2783,"date":"2025-04-17T09:30:25","date_gmt":"2025-04-17T07:30:25","guid":{"rendered":"https:\/\/international-funeral.com\/?page_id=2783"},"modified":"2025-05-23T14:01:42","modified_gmt":"2025-05-23T12:01:42","slug":"compte-fiduciaire","status":"publish","type":"page","link":"https:\/\/international-funeral.com\/fr\/treuhandkonto\/","title":{"rendered":"Compte fiduciaire"},"content":{"rendered":"<div data-elementor-type=\"wp-page\" data-elementor-id=\"2783\" class=\"elementor elementor-2783\" data-elementor-post-type=\"page\">\n\t\t\t\t<div class=\"elementor-element elementor-element-88d7a42 e-flex e-con-boxed e-con e-parent\" data-id=\"88d7a42\" data-element_type=\"container\" data-e-type=\"container\">\n\t\t\t\t\t<div class=\"e-con-inner\">\n\t\t\t\t<div class=\"elementor-element elementor-element-d641c81 elementor-widget elementor-widget-text-editor\" data-id=\"d641c81\" data-element_type=\"widget\" data-e-type=\"widget\" data-widget_type=\"text-editor.default\">\n\t\t\t\t<div class=\"elementor-widget-container\">\n\t\t\t\t\t\t\t\t\t<h1 data-start=\"172\" data-end=\"241\">Payer en toute s\u00e9curit\u00e9 avec un compte fiduciaire pour les transferts internationaux<\/h1><p class=\"\" data-start=\"243\" data-end=\"653\">Lors d'un transfert international, la confiance est essentielle, surtout en ce qui concerne le r\u00e8glement financier. C'est pourquoi nous vous offrons la possibilit\u00e9 d'effectuer des paiements de mani\u00e8re s\u00fbre et compr\u00e9hensible via un compte fiduciaire. Ce compte sert exclusivement \u00e0 couvrir vos frais de transfert et \u00e0 garantir que toutes les prestations seront ex\u00e9cut\u00e9es comme convenu - de mani\u00e8re discr\u00e8te, transparente et conforme \u00e0 la loi.<\/p><h2 data-start=\"655\" data-end=\"712\">Transparence et confiance pour les survivants du monde entier<\/h2><p class=\"\" data-start=\"714\" data-end=\"1188\">Un compte fiduciaire ne prot\u00e8ge pas seulement votre paiement, il apporte aussi de la clart\u00e9 \u00e0 toutes les parties concern\u00e9es. Une structure financi\u00e8re s\u00fbre est d'une grande importance, en particulier pour les transferts mondiaux qui s'accompagnent de d\u00e9fis diplomatiques, logistiques et culturels. Gr\u00e2ce \u00e0 notre service fiduciaire, nous garantissons que tous les fonds sont utilis\u00e9s \u00e0 bon escient - par exemple pour les frais consulaires, le transport a\u00e9rien, les formalit\u00e9s douani\u00e8res ou les fun\u00e9railles dans le pays de destination.<\/p><h2 data-start=\"1190\" data-end=\"1240\">Vos avantages pour les obs\u00e8ques internationales<\/h2><p class=\"\" data-start=\"1242\" data-end=\"1627\">Qu'il s'agisse d'un rapatriement depuis l'Europe, l'Asie, l'Afrique ou l'Am\u00e9rique, notre \u00e9quipe exp\u00e9riment\u00e9e s'occupe de tous les d\u00e9tails. Gr\u00e2ce \u00e0 l'utilisation d'un compte fiduciaire, nous vous offrons une s\u00e9curit\u00e9 maximale pour tous les frais de rapatriement. Ainsi, en p\u00e9riode de deuil, vous pouvez vous concentrer sur l'essentiel, tandis que nous r\u00e9glons les aspects organisationnels et financiers de mani\u00e8re fiable en arri\u00e8re-plan.<\/p>\t\t\t\t\t\t\t\t<\/div>\n\t\t\t\t<\/div>\n\t\t\t\t\t<\/div>\n\t\t\t\t<\/div>\n\t\t\t\t<\/div>","protected":false},"excerpt":{"rendered":"<p>Sicher zahlen mit Treuhandkonto bei internationalen \u00dcberf\u00fchrungen Bei internationalen \u00dcberf\u00fchrungen ist Vertrauen entscheidend \u2013 besonders bei der finanziellen Abwicklung. Deshalb bieten wir Ihnen die M\u00f6glichkeit, Zahlungen sicher und nachvollziehbar \u00fcber ein Treuhandkonto abzuwickeln. Dieses Konto dient ausschlie\u00dflich der Absicherung Ihrer \u00dcberf\u00fchrungskosten und stellt sicher, dass alle Leistungen wie vereinbart ausgef\u00fchrt werden \u2013 diskret, transparent und [&hellip;]<\/p>\n","protected":false},"author":1,"featured_media":0,"parent":0,"menu_order":0,"comment_status":"closed","ping_status":"closed","template":"","meta":{"_acf_changed":false,"footnotes":""},"class_list":["post-2783","page","type-page","status-publish","hentry"],"acf":[],"yoast_head":"<!-- This site is optimized with the Yoast SEO plugin v27.5 - https:\/\/yoast.com\/product\/yoast-seo-wordpress\/ -->\n<title>Treuhandkonto f\u00fcr sichere \u00dcberf\u00fchrungen | International Funeral<\/title>\n<meta name=\"description\" content=\"Sichere Zahlung \u00fcber Treuhandkonto bei Auslands\u00fcberf\u00fchrungen \u2013 transparent, zweckgebunden &amp; diskret. Weltweit zuverl\u00e4ssig geregelt.\" \/>\n<meta name=\"robots\" content=\"index, follow, max-snippet:-1, max-image-preview:large, max-video-preview:-1\" \/>\n<link rel=\"canonical\" href=\"https:\/\/international-funeral.com\/fr\/compte-fiduciaire\/\" \/>\n<meta property=\"og:locale\" content=\"fr_FR\" \/>\n<meta property=\"og:type\" content=\"article\" \/>\n<meta property=\"og:title\" content=\"Treuhandkonto f\u00fcr sichere \u00dcberf\u00fchrungen | International Funeral\" \/>\n<meta property=\"og:description\" content=\"Sichere Zahlung \u00fcber Treuhandkonto bei Auslands\u00fcberf\u00fchrungen \u2013 transparent, zweckgebunden &amp; diskret. Weltweit zuverl\u00e4ssig geregelt.\" \/>\n<meta property=\"og:url\" content=\"https:\/\/international-funeral.com\/fr\/compte-fiduciaire\/\" \/>\n<meta property=\"og:site_name\" content=\"international-funeral.com\" \/>\n<meta property=\"article:modified_time\" content=\"2025-05-23T12:01:42+00:00\" \/>\n<meta name=\"twitter:card\" content=\"summary_large_image\" \/>\n<meta name=\"twitter:label1\" content=\"Dur\u00e9e de lecture estim\u00e9e\" \/>\n\t<meta name=\"twitter:data1\" content=\"1 minute\" \/>\n<script type=\"application\/ld+json\" class=\"yoast-schema-graph\">{\"@context\":\"https:\\\/\\\/schema.org\",\"@graph\":[{\"@type\":\"WebPage\",\"@id\":\"https:\\\/\\\/international-funeral.com\\\/treuhandkonto\\\/\",\"url\":\"https:\\\/\\\/international-funeral.com\\\/treuhandkonto\\\/\",\"name\":\"Treuhandkonto f\u00fcr sichere \u00dcberf\u00fchrungen | International Funeral\",\"isPartOf\":{\"@id\":\"https:\\\/\\\/international-funeral.com\\\/#website\"},\"datePublished\":\"2025-04-17T07:30:25+00:00\",\"dateModified\":\"2025-05-23T12:01:42+00:00\",\"description\":\"Sichere Zahlung \u00fcber Treuhandkonto bei Auslands\u00fcberf\u00fchrungen \u2013 transparent, zweckgebunden & diskret. Weltweit zuverl\u00e4ssig geregelt.\",\"breadcrumb\":{\"@id\":\"https:\\\/\\\/international-funeral.com\\\/treuhandkonto\\\/#breadcrumb\"},\"inLanguage\":\"fr-FR\",\"potentialAction\":[{\"@type\":\"ReadAction\",\"target\":[\"https:\\\/\\\/international-funeral.com\\\/treuhandkonto\\\/\"]}]},{\"@type\":\"BreadcrumbList\",\"@id\":\"https:\\\/\\\/international-funeral.com\\\/treuhandkonto\\\/#breadcrumb\",\"itemListElement\":[{\"@type\":\"ListItem\",\"position\":1,\"name\":\"Startseite\",\"item\":\"https:\\\/\\\/international-funeral.com\\\/\"},{\"@type\":\"ListItem\",\"position\":2,\"name\":\"Treuhandkonto\"}]},{\"@type\":\"WebSite\",\"@id\":\"https:\\\/\\\/international-funeral.com\\\/#website\",\"url\":\"https:\\\/\\\/international-funeral.com\\\/\",\"name\":\"international-funeral.com\",\"description\":\"Pompes Fun\u00e9bres |\u00a0Funeral Home | Wordwide Transfers\",\"publisher\":{\"@id\":\"https:\\\/\\\/international-funeral.com\\\/#organization\"},\"potentialAction\":[{\"@type\":\"SearchAction\",\"target\":{\"@type\":\"EntryPoint\",\"urlTemplate\":\"https:\\\/\\\/international-funeral.com\\\/?s={search_term_string}\"},\"query-input\":{\"@type\":\"PropertyValueSpecification\",\"valueRequired\":true,\"valueName\":\"search_term_string\"}}],\"inLanguage\":\"fr-FR\"},{\"@type\":\"Organization\",\"@id\":\"https:\\\/\\\/international-funeral.com\\\/#organization\",\"name\":\"international-funeral.com\",\"url\":\"https:\\\/\\\/international-funeral.com\\\/\",\"logo\":{\"@type\":\"ImageObject\",\"inLanguage\":\"fr-FR\",\"@id\":\"https:\\\/\\\/international-funeral.com\\\/#\\\/schema\\\/logo\\\/image\\\/\",\"url\":\"https:\\\/\\\/international-funeral.com\\\/wp-content\\\/uploads\\\/2025\\\/05\\\/if_logo_pos.png\",\"contentUrl\":\"https:\\\/\\\/international-funeral.com\\\/wp-content\\\/uploads\\\/2025\\\/05\\\/if_logo_pos.png\",\"width\":1890,\"height\":543,\"caption\":\"international-funeral.com\"},\"image\":{\"@id\":\"https:\\\/\\\/international-funeral.com\\\/#\\\/schema\\\/logo\\\/image\\\/\"}}]}<\/script>\n<!-- \/ Yoast SEO plugin. -->","yoast_head_json":{"title":"Compte fiduciaire pour un transfert s\u00e9curis\u00e9 | International Funeral","description":"Paiement s\u00e9curis\u00e9 via un compte fiduciaire pour les transferts \u00e0 l'\u00e9tranger - transparent, affect\u00e9 \u00e0 un usage pr\u00e9cis &amp; discret. Un r\u00e8glement fiable dans le monde entier.","robots":{"index":"index","follow":"follow","max-snippet":"max-snippet:-1","max-image-preview":"max-image-preview:large","max-video-preview":"max-video-preview:-1"},"canonical":"https:\/\/international-funeral.com\/fr\/compte-fiduciaire\/","og_locale":"fr_FR","og_type":"article","og_title":"Treuhandkonto f\u00fcr sichere \u00dcberf\u00fchrungen | International Funeral","og_description":"Sichere Zahlung \u00fcber Treuhandkonto bei Auslands\u00fcberf\u00fchrungen \u2013 transparent, zweckgebunden & diskret. Weltweit zuverl\u00e4ssig geregelt.","og_url":"https:\/\/international-funeral.com\/fr\/compte-fiduciaire\/","og_site_name":"international-funeral.com","article_modified_time":"2025-05-23T12:01:42+00:00","twitter_card":"summary_large_image","twitter_misc":{"Dur\u00e9e de lecture estim\u00e9e":"1 minute"},"schema":{"@context":"https:\/\/schema.org","@graph":[{"@type":"WebPage","@id":"https:\/\/international-funeral.com\/treuhandkonto\/","url":"https:\/\/international-funeral.com\/treuhandkonto\/","name":"Compte fiduciaire pour un transfert s\u00e9curis\u00e9 | International Funeral","isPartOf":{"@id":"https:\/\/international-funeral.com\/#website"},"datePublished":"2025-04-17T07:30:25+00:00","dateModified":"2025-05-23T12:01:42+00:00","description":"Paiement s\u00e9curis\u00e9 via un compte fiduciaire pour les transferts \u00e0 l'\u00e9tranger - transparent, affect\u00e9 \u00e0 un usage pr\u00e9cis &amp; discret. Un r\u00e8glement fiable dans le monde entier.","breadcrumb":{"@id":"https:\/\/international-funeral.com\/treuhandkonto\/#breadcrumb"},"inLanguage":"fr-FR","potentialAction":[{"@type":"ReadAction","target":["https:\/\/international-funeral.com\/treuhandkonto\/"]}]},{"@type":"BreadcrumbList","@id":"https:\/\/international-funeral.com\/treuhandkonto\/#breadcrumb","itemListElement":[{"@type":"ListItem","position":1,"name":"Startseite","item":"https:\/\/international-funeral.com\/"},{"@type":"ListItem","position":2,"name":"Treuhandkonto"}]},{"@type":"WebSite","@id":"https:\/\/international-funeral.com\/#website","url":"https:\/\/international-funeral.com\/","name":"international-funeral.com","description":"Pompes Fun\u00e9bres | Funeral Home | Wordwide Transfers","publisher":{"@id":"https:\/\/international-funeral.com\/#organization"},"potentialAction":[{"@type":"SearchAction","target":{"@type":"EntryPoint","urlTemplate":"https:\/\/international-funeral.com\/?s={search_term_string}"},"query-input":{"@type":"PropertyValueSpecification","valueRequired":true,"valueName":"search_term_string"}}],"inLanguage":"fr-FR"},{"@type":"Organization","@id":"https:\/\/international-funeral.com\/#organization","name":"international-funeral.com","url":"https:\/\/international-funeral.com\/","logo":{"@type":"ImageObject","inLanguage":"fr-FR","@id":"https:\/\/international-funeral.com\/#\/schema\/logo\/image\/","url":"https:\/\/international-funeral.com\/wp-content\/uploads\/2025\/05\/if_logo_pos.png","contentUrl":"https:\/\/international-funeral.com\/wp-content\/uploads\/2025\/05\/if_logo_pos.png","width":1890,"height":543,"caption":"international-funeral.com"},"image":{"@id":"https:\/\/international-funeral.com\/#\/schema\/logo\/image\/"}}]}},"_links":{"self":[{"href":"https:\/\/international-funeral.com\/fr\/wp-json\/wp\/v2\/pages\/2783","targetHints":{"allow":["GET"]}}],"collection":[{"href":"https:\/\/international-funeral.com\/fr\/wp-json\/wp\/v2\/pages"}],"about":[{"href":"https:\/\/international-funeral.com\/fr\/wp-json\/wp\/v2\/types\/page"}],"author":[{"embeddable":true,"href":"https:\/\/international-funeral.com\/fr\/wp-json\/wp\/v2\/users\/1"}],"replies":[{"embeddable":true,"href":"https:\/\/international-funeral.com\/fr\/wp-json\/wp\/v2\/comments?post=2783"}],"version-history":[{"count":9,"href":"https:\/\/international-funeral.com\/fr\/wp-json\/wp\/v2\/pages\/2783\/revisions"}],"predecessor-version":[{"id":3093,"href":"https:\/\/international-funeral.com\/fr\/wp-json\/wp\/v2\/pages\/2783\/revisions\/3093"}],"wp:attachment":[{"href":"https:\/\/international-funeral.com\/fr\/wp-json\/wp\/v2\/media?parent=2783"}],"curies":[{"name":"wp","href":"https:\/\/api.w.org\/{rel}","templated":true}]}}