{"id":2779,"date":"2025-04-17T09:28:13","date_gmt":"2025-04-17T07:28:13","guid":{"rendered":"https:\/\/international-funeral.com\/?page_id=2779"},"modified":"2025-05-23T14:02:26","modified_gmt":"2025-05-23T12:02:26","slug":"prevoyance","status":"publish","type":"page","link":"https:\/\/international-funeral.com\/fr\/vorsorge\/","title":{"rendered":"Pr\u00e9voyance"},"content":{"rendered":"<div data-elementor-type=\"wp-page\" data-elementor-id=\"2779\" class=\"elementor elementor-2779\" data-elementor-post-type=\"page\">\n\t\t\t\t<div class=\"elementor-element elementor-element-7ba1980 e-flex e-con-boxed e-con e-parent\" data-id=\"7ba1980\" data-element_type=\"container\" data-e-type=\"container\">\n\t\t\t\t\t<div class=\"e-con-inner\">\n\t\t\t\t<div class=\"elementor-element elementor-element-39f6030 elementor-widget elementor-widget-text-editor\" data-id=\"39f6030\" data-element_type=\"widget\" data-e-type=\"widget\" data-widget_type=\"text-editor.default\">\n\t\t\t\t<div class=\"elementor-widget-container\">\n\t\t\t\t\t\t\t\t\t<h1 data-start=\"109\" data-end=\"189\">Pr\u00e9voyance fun\u00e9raire avec un regard international - penser \u00e0 demain d\u00e8s aujourd'hui<\/h1><p class=\"\" data-start=\"191\" data-end=\"579\">La perte d'un \u00eatre cher est toujours une \u00e9preuve pour les proches - il est donc d'autant plus important de prendre des dispositions \u00e0 temps. Avec une pr\u00e9voyance fun\u00e9raire bien pens\u00e9e, vous soulagez votre famille sur le plan \u00e9motionnel et financier. En particulier pour les rapatriements internationaux, une r\u00e9glementation claire assure un d\u00e9roulement sans probl\u00e8me au-del\u00e0 des fronti\u00e8res - du transport jusqu'\u00e0 l'inhumation dans le pays d'origine.<\/p><h2 data-start=\"581\" data-end=\"639\">Vos souhaits, clairement r\u00e9glement\u00e9s - m\u00eame au-del\u00e0 des fronti\u00e8res<\/h2><p class=\"\" data-start=\"641\" data-end=\"1154\">Que vous souhaitiez un rapatriement en Allemagne ou que vous pr\u00e9voyiez une inhumation dans un autre pays, un accord de pr\u00e9voyance vous permet de garantir de mani\u00e8re contraignante vos id\u00e9es individuelles. Nous vous conseillons sur toutes les options : Inhumation ou cr\u00e9mation, rapatriement dans le monde entier, particularit\u00e9s culturelles et dispositions l\u00e9gales \u00e0 l'\u00e9tranger. Vos souhaits sont document\u00e9s et mis en \u0153uvre de mani\u00e8re fiable en cas d'urgence - y compris la protection financi\u00e8re via un compte de pr\u00e9voyance s\u00e9par\u00e9 ou une solution fiduciaire.<\/p><h2 data-start=\"1156\" data-end=\"1215\">Pr\u00e9voyance internationale - personnelle, s\u00fbre, compl\u00e8te<\/h2><p class=\"\" data-start=\"1217\" data-end=\"1642\">En tant que prestataire exp\u00e9riment\u00e9 de services fun\u00e9raires mondiaux, nous vous accompagnons \u00e0 chaque \u00e9tape de la planification de la pr\u00e9voyance. Nous prenons le temps de r\u00e9pondre \u00e0 vos questions, nous vous expliquons toutes les possibilit\u00e9s de mani\u00e8re compr\u00e9hensible et nous \u00e9laborons avec vous un plan de pr\u00e9voyance sur mesure. Pour que vous puissiez \u00eatre s\u00fbr : M\u00eame \u00e0 l'\u00e9tranger, tout sera r\u00e9gl\u00e9 comme vous le souhaitez - avec respect, fiabilit\u00e9 et sans charge pour vos proches.<\/p>\t\t\t\t\t\t\t\t<\/div>\n\t\t\t\t<\/div>\n\t\t\t\t\t<\/div>\n\t\t\t\t<\/div>\n\t\t\t\t<\/div>","protected":false},"excerpt":{"rendered":"<p>Bestattungsvorsorge mit internationalem Blick \u2013 heute schon an morgen denken Der Verlust eines geliebten Menschen ist f\u00fcr Angeh\u00f6rige immer belastend \u2013 umso wichtiger ist es, rechtzeitig vorzusorgen. Mit einer durchdachten Bestattungsvorsorge entlasten Sie Ihre Familie emotional wie finanziell. Besonders bei internationalen \u00dcberf\u00fchrungen sorgt eine klare Regelung f\u00fcr reibungslose Abl\u00e4ufe \u00fcber L\u00e4ndergrenzen hinweg \u2013 vom Transport [&hellip;]<\/p>\n","protected":false},"author":1,"featured_media":0,"parent":0,"menu_order":0,"comment_status":"closed","ping_status":"closed","template":"","meta":{"_acf_changed":false,"footnotes":""},"class_list":["post-2779","page","type-page","status-publish","hentry"],"acf":[],"yoast_head":"<!-- This site is optimized with the Yoast SEO plugin v27.5 - https:\/\/yoast.com\/product\/yoast-seo-wordpress\/ -->\n<title>Bestattungsvorsorge international planen | Sicher &amp; individuell<\/title>\n<meta name=\"description\" content=\"Internationale Bestattungsvorsorge: Pers\u00f6nlich, rechtssicher &amp; \u00fcber Grenzen hinweg \u2013 f\u00fcr einen geregelten Abschied nach Ihren W\u00fcnschen.\" \/>\n<meta name=\"robots\" content=\"index, follow, max-snippet:-1, max-image-preview:large, max-video-preview:-1\" \/>\n<link rel=\"canonical\" href=\"https:\/\/international-funeral.com\/fr\/prevoyance\/\" \/>\n<meta property=\"og:locale\" content=\"fr_FR\" \/>\n<meta property=\"og:type\" content=\"article\" \/>\n<meta property=\"og:title\" content=\"Bestattungsvorsorge international planen | Sicher &amp; individuell\" \/>\n<meta property=\"og:description\" content=\"Internationale Bestattungsvorsorge: Pers\u00f6nlich, rechtssicher &amp; \u00fcber Grenzen hinweg \u2013 f\u00fcr einen geregelten Abschied nach Ihren W\u00fcnschen.\" \/>\n<meta property=\"og:url\" content=\"https:\/\/international-funeral.com\/fr\/prevoyance\/\" \/>\n<meta property=\"og:site_name\" content=\"international-funeral.com\" \/>\n<meta property=\"article:modified_time\" content=\"2025-05-23T12:02:26+00:00\" \/>\n<meta name=\"twitter:card\" content=\"summary_large_image\" \/>\n<meta name=\"twitter:label1\" content=\"Dur\u00e9e de lecture estim\u00e9e\" \/>\n\t<meta name=\"twitter:data1\" content=\"2 minutes\" \/>\n<script type=\"application\/ld+json\" class=\"yoast-schema-graph\">{\"@context\":\"https:\\\/\\\/schema.org\",\"@graph\":[{\"@type\":\"WebPage\",\"@id\":\"https:\\\/\\\/international-funeral.com\\\/vorsorge\\\/\",\"url\":\"https:\\\/\\\/international-funeral.com\\\/vorsorge\\\/\",\"name\":\"Bestattungsvorsorge international planen | Sicher & individuell\",\"isPartOf\":{\"@id\":\"https:\\\/\\\/international-funeral.com\\\/#website\"},\"datePublished\":\"2025-04-17T07:28:13+00:00\",\"dateModified\":\"2025-05-23T12:02:26+00:00\",\"description\":\"Internationale Bestattungsvorsorge: Pers\u00f6nlich, rechtssicher & \u00fcber Grenzen hinweg \u2013 f\u00fcr einen geregelten Abschied nach Ihren W\u00fcnschen.\",\"breadcrumb\":{\"@id\":\"https:\\\/\\\/international-funeral.com\\\/vorsorge\\\/#breadcrumb\"},\"inLanguage\":\"fr-FR\",\"potentialAction\":[{\"@type\":\"ReadAction\",\"target\":[\"https:\\\/\\\/international-funeral.com\\\/vorsorge\\\/\"]}]},{\"@type\":\"BreadcrumbList\",\"@id\":\"https:\\\/\\\/international-funeral.com\\\/vorsorge\\\/#breadcrumb\",\"itemListElement\":[{\"@type\":\"ListItem\",\"position\":1,\"name\":\"Startseite\",\"item\":\"https:\\\/\\\/international-funeral.com\\\/\"},{\"@type\":\"ListItem\",\"position\":2,\"name\":\"Vorsorge\"}]},{\"@type\":\"WebSite\",\"@id\":\"https:\\\/\\\/international-funeral.com\\\/#website\",\"url\":\"https:\\\/\\\/international-funeral.com\\\/\",\"name\":\"international-funeral.com\",\"description\":\"Pompes Fun\u00e9bres |\u00a0Funeral Home | Wordwide Transfers\",\"publisher\":{\"@id\":\"https:\\\/\\\/international-funeral.com\\\/#organization\"},\"potentialAction\":[{\"@type\":\"SearchAction\",\"target\":{\"@type\":\"EntryPoint\",\"urlTemplate\":\"https:\\\/\\\/international-funeral.com\\\/?s={search_term_string}\"},\"query-input\":{\"@type\":\"PropertyValueSpecification\",\"valueRequired\":true,\"valueName\":\"search_term_string\"}}],\"inLanguage\":\"fr-FR\"},{\"@type\":\"Organization\",\"@id\":\"https:\\\/\\\/international-funeral.com\\\/#organization\",\"name\":\"international-funeral.com\",\"url\":\"https:\\\/\\\/international-funeral.com\\\/\",\"logo\":{\"@type\":\"ImageObject\",\"inLanguage\":\"fr-FR\",\"@id\":\"https:\\\/\\\/international-funeral.com\\\/#\\\/schema\\\/logo\\\/image\\\/\",\"url\":\"https:\\\/\\\/international-funeral.com\\\/wp-content\\\/uploads\\\/2025\\\/05\\\/if_logo_pos.png\",\"contentUrl\":\"https:\\\/\\\/international-funeral.com\\\/wp-content\\\/uploads\\\/2025\\\/05\\\/if_logo_pos.png\",\"width\":1890,\"height\":543,\"caption\":\"international-funeral.com\"},\"image\":{\"@id\":\"https:\\\/\\\/international-funeral.com\\\/#\\\/schema\\\/logo\\\/image\\\/\"}}]}<\/script>\n<!-- \/ Yoast SEO plugin. -->","yoast_head_json":{"title":"Planifier une pr\u00e9voyance fun\u00e9raire internationale | S\u00fbr &amp; individuel","description":"Pr\u00e9voyance fun\u00e9raire internationale : personnelle, juridiquement s\u00fbre &amp; au-del\u00e0 des fronti\u00e8res - pour des adieux r\u00e9gl\u00e9s selon vos souhaits.","robots":{"index":"index","follow":"follow","max-snippet":"max-snippet:-1","max-image-preview":"max-image-preview:large","max-video-preview":"max-video-preview:-1"},"canonical":"https:\/\/international-funeral.com\/fr\/prevoyance\/","og_locale":"fr_FR","og_type":"article","og_title":"Bestattungsvorsorge international planen | Sicher & individuell","og_description":"Internationale Bestattungsvorsorge: Pers\u00f6nlich, rechtssicher & \u00fcber Grenzen hinweg \u2013 f\u00fcr einen geregelten Abschied nach Ihren W\u00fcnschen.","og_url":"https:\/\/international-funeral.com\/fr\/prevoyance\/","og_site_name":"international-funeral.com","article_modified_time":"2025-05-23T12:02:26+00:00","twitter_card":"summary_large_image","twitter_misc":{"Dur\u00e9e de lecture estim\u00e9e":"2 minutes"},"schema":{"@context":"https:\/\/schema.org","@graph":[{"@type":"WebPage","@id":"https:\/\/international-funeral.com\/vorsorge\/","url":"https:\/\/international-funeral.com\/vorsorge\/","name":"Planifier une pr\u00e9voyance fun\u00e9raire internationale | S\u00fbr &amp; individuel","isPartOf":{"@id":"https:\/\/international-funeral.com\/#website"},"datePublished":"2025-04-17T07:28:13+00:00","dateModified":"2025-05-23T12:02:26+00:00","description":"Pr\u00e9voyance fun\u00e9raire internationale : personnelle, juridiquement s\u00fbre &amp; au-del\u00e0 des fronti\u00e8res - pour des adieux r\u00e9gl\u00e9s selon vos souhaits.","breadcrumb":{"@id":"https:\/\/international-funeral.com\/vorsorge\/#breadcrumb"},"inLanguage":"fr-FR","potentialAction":[{"@type":"ReadAction","target":["https:\/\/international-funeral.com\/vorsorge\/"]}]},{"@type":"BreadcrumbList","@id":"https:\/\/international-funeral.com\/vorsorge\/#breadcrumb","itemListElement":[{"@type":"ListItem","position":1,"name":"Startseite","item":"https:\/\/international-funeral.com\/"},{"@type":"ListItem","position":2,"name":"Vorsorge"}]},{"@type":"WebSite","@id":"https:\/\/international-funeral.com\/#website","url":"https:\/\/international-funeral.com\/","name":"international-funeral.com","description":"Pompes Fun\u00e9bres | Funeral Home | Wordwide Transfers","publisher":{"@id":"https:\/\/international-funeral.com\/#organization"},"potentialAction":[{"@type":"SearchAction","target":{"@type":"EntryPoint","urlTemplate":"https:\/\/international-funeral.com\/?s={search_term_string}"},"query-input":{"@type":"PropertyValueSpecification","valueRequired":true,"valueName":"search_term_string"}}],"inLanguage":"fr-FR"},{"@type":"Organization","@id":"https:\/\/international-funeral.com\/#organization","name":"international-funeral.com","url":"https:\/\/international-funeral.com\/","logo":{"@type":"ImageObject","inLanguage":"fr-FR","@id":"https:\/\/international-funeral.com\/#\/schema\/logo\/image\/","url":"https:\/\/international-funeral.com\/wp-content\/uploads\/2025\/05\/if_logo_pos.png","contentUrl":"https:\/\/international-funeral.com\/wp-content\/uploads\/2025\/05\/if_logo_pos.png","width":1890,"height":543,"caption":"international-funeral.com"},"image":{"@id":"https:\/\/international-funeral.com\/#\/schema\/logo\/image\/"}}]}},"_links":{"self":[{"href":"https:\/\/international-funeral.com\/fr\/wp-json\/wp\/v2\/pages\/2779","targetHints":{"allow":["GET"]}}],"collection":[{"href":"https:\/\/international-funeral.com\/fr\/wp-json\/wp\/v2\/pages"}],"about":[{"href":"https:\/\/international-funeral.com\/fr\/wp-json\/wp\/v2\/types\/page"}],"author":[{"embeddable":true,"href":"https:\/\/international-funeral.com\/fr\/wp-json\/wp\/v2\/users\/1"}],"replies":[{"embeddable":true,"href":"https:\/\/international-funeral.com\/fr\/wp-json\/wp\/v2\/comments?post=2779"}],"version-history":[{"count":6,"href":"https:\/\/international-funeral.com\/fr\/wp-json\/wp\/v2\/pages\/2779\/revisions"}],"predecessor-version":[{"id":3095,"href":"https:\/\/international-funeral.com\/fr\/wp-json\/wp\/v2\/pages\/2779\/revisions\/3095"}],"wp:attachment":[{"href":"https:\/\/international-funeral.com\/fr\/wp-json\/wp\/v2\/media?parent=2779"}],"curies":[{"name":"wp","href":"https:\/\/api.w.org\/{rel}","templated":true}]}}