{"id":2759,"date":"2025-04-16T22:50:12","date_gmt":"2025-04-16T20:50:12","guid":{"rendered":"https:\/\/international-funeral.com\/?page_id=2759"},"modified":"2025-05-23T13:59:48","modified_gmt":"2025-05-23T11:59:48","slug":"conseil-formalites","status":"publish","type":"page","link":"https:\/\/international-funeral.com\/fr\/beratung-formalitaeten\/","title":{"rendered":"Conseil et formalit\u00e9s"},"content":{"rendered":"<p>&nbsp;<\/p>\n<h1>Conseil complet &amp; formalit\u00e9s - tous les documents d'un seul tenant<\/h1>\n<p>En cas de d\u00e9c\u00e8s \u00e0 l'\u00e9tranger ou de rapatriement pr\u00e9vu dans le pays d'origine, d'innombrables documents sont n\u00e9cessaires. Que ce soit <strong>Acte de d\u00e9c\u00e8s<\/strong>, passeport mortuaire, autorisations internationales, certificats m\u00e9dicaux ou traductions : Nous de <strong>Fun\u00e9railles internationales<\/strong> nous nous occupons de tous <strong>Formalit\u00e9s relatives au transfert international<\/strong>. Notre \u00e9quipe conna\u00eet les exigences sp\u00e9cifiques \u00e0 chaque pays et veille \u00e0 ce que tout se passe bien, que le transfert ait lieu en Europe ou \u00e0 l'\u00e9chelle intercontinentale.<\/p>\n<p>Nous sommes au fait des dispositions l\u00e9gales actuelles et entretenons des contacts directs avec les consulats, les ambassades, les services de sant\u00e9 et les compagnies a\u00e9riennes. Vous n'avez pas \u00e0 vous soucier des d\u00e9marches administratives ou des formulaires de demande - nous nous en chargeons pour vous, de mani\u00e8re fiable et discr\u00e8te. C'est justement dans cette p\u00e9riode \u00e9prouvante qu'un traitement professionnel des papiers n\u00e9cessaires est particuli\u00e8rement important, afin d'\u00e9viter des retards inutiles.<\/p>\n<h2>Conseil multilingue pour les obs\u00e8ques internationales<\/h2>\n<p>Notre \u00e9quipe vous accompagne dans votre langue maternelle : que ce soit <strong>allemand, anglais, fran\u00e7ais ou espagnol<\/strong> - nous parlons votre langue et vous aidons \u00e0 comprendre toutes les informations n\u00e9cessaires et \u00e0 prendre les bonnes d\u00e9cisions. De la premi\u00e8re prise de contact \u00e0 la remise finale du d\u00e9funt au lieu d'inhumation ou \u00e0 la famille, nous sommes toujours disponibles pour vous. Nos conseillers sont empathiques, sensibles \u00e0 la culture et sp\u00e9cialis\u00e9s dans les cas internationaux.<\/p>\n<p>Nous vous proposons un soutien global, m\u00eame dans les cas complexes impliquant plusieurs pays ou autorit\u00e9s. Qu'il s'agisse d'une <strong>R\u00e9servation de vol pour le rapatriement<\/strong> des documents doivent \u00eatre demand\u00e9s \u00e0 l'\u00e9tranger ou des traductions suppl\u00e9mentaires sont n\u00e9cessaires : Chez nous, vous obtenez toutes les prestations d'un seul tenant. Faites confiance \u00e0 notre longue exp\u00e9rience et concentrez-vous sur l'essentiel - nous nous chargeons du reste.<\/p>\n<h2>Votre soulagement dans les moments difficiles - fiable &amp; professionnel<\/h2>\n<p>Notre objectif est d'offrir aux proches un maximum de soulagement en cas de deuil international. En tant qu'\u00e9quipe exp\u00e9riment\u00e9e en mati\u00e8re de rapatriement international, nous veillons \u00e0 ce que le processus se d\u00e9roule de mani\u00e8re r\u00e9guli\u00e8re, digne et rapide. Avec notre aide, le rapatriement international d'un d\u00e9funt ne devient pas une charge suppl\u00e9mentaire, mais une \u00e9tape respectueuse de l'adieu.<\/p>","protected":false},"excerpt":{"rendered":"<p>&nbsp; Komplette Beratung &amp; Formalit\u00e4ten \u2013 alle Unterlagen aus einer Hand Bei einem Todesfall im Ausland oder einer geplanten R\u00fcckf\u00fchrung ins Heimatland sind unz\u00e4hlige Dokumente erforderlich. Ob Sterbeurkunde, Leichenpass, internationale Genehmigungen, \u00e4rztliche Bescheinigungen oder \u00dcbersetzungen: Wir von International Funeral k\u00fcmmern uns um alle Formalit\u00e4ten rund um die internationale \u00dcberf\u00fchrung. Unser Team kennt die l\u00e4nderspezifischen Anforderungen [&hellip;]<\/p>\n","protected":false},"author":1,"featured_media":0,"parent":0,"menu_order":0,"comment_status":"closed","ping_status":"closed","template":"","meta":{"_acf_changed":false,"footnotes":""},"class_list":["post-2759","page","type-page","status-publish","hentry"],"acf":[],"yoast_head":"<!-- This site is optimized with the Yoast SEO plugin v27.5 - https:\/\/yoast.com\/product\/yoast-seo-wordpress\/ -->\n<title>Beratung &amp; Formalit\u00e4ten bei R\u00fcckf\u00fchrungen | International Funeral<\/title>\n<meta name=\"description\" content=\"Komplette Organisation der \u00dcberf\u00fchrung im Todesfall: Sterbeurkunden, Flugbuchung &amp; mehr. Pers\u00f6nliche, mehrsprachige Beratung weltweit.\" \/>\n<meta name=\"robots\" content=\"index, follow, max-snippet:-1, max-image-preview:large, max-video-preview:-1\" \/>\n<link rel=\"canonical\" href=\"https:\/\/international-funeral.com\/fr\/conseil-formalites\/\" \/>\n<meta property=\"og:locale\" content=\"fr_FR\" \/>\n<meta property=\"og:type\" content=\"article\" \/>\n<meta property=\"og:title\" content=\"Beratung &amp; Formalit\u00e4ten bei R\u00fcckf\u00fchrungen | International Funeral\" \/>\n<meta property=\"og:description\" content=\"Komplette Organisation der \u00dcberf\u00fchrung im Todesfall: Sterbeurkunden, Flugbuchung &amp; mehr. Pers\u00f6nliche, mehrsprachige Beratung weltweit.\" \/>\n<meta property=\"og:url\" content=\"https:\/\/international-funeral.com\/fr\/conseil-formalites\/\" \/>\n<meta property=\"og:site_name\" content=\"international-funeral.com\" \/>\n<meta property=\"article:modified_time\" content=\"2025-05-23T11:59:48+00:00\" \/>\n<meta name=\"twitter:card\" content=\"summary_large_image\" \/>\n<meta name=\"twitter:label1\" content=\"Dur\u00e9e de lecture estim\u00e9e\" \/>\n\t<meta name=\"twitter:data1\" content=\"2 minutes\" \/>\n<script type=\"application\/ld+json\" class=\"yoast-schema-graph\">{\"@context\":\"https:\\\/\\\/schema.org\",\"@graph\":[{\"@type\":\"WebPage\",\"@id\":\"https:\\\/\\\/international-funeral.com\\\/beratung-formalitaeten\\\/\",\"url\":\"https:\\\/\\\/international-funeral.com\\\/beratung-formalitaeten\\\/\",\"name\":\"Beratung & Formalit\u00e4ten bei R\u00fcckf\u00fchrungen | International Funeral\",\"isPartOf\":{\"@id\":\"https:\\\/\\\/international-funeral.com\\\/#website\"},\"datePublished\":\"2025-04-16T20:50:12+00:00\",\"dateModified\":\"2025-05-23T11:59:48+00:00\",\"description\":\"Komplette Organisation der \u00dcberf\u00fchrung im Todesfall: Sterbeurkunden, Flugbuchung & mehr. Pers\u00f6nliche, mehrsprachige Beratung weltweit.\",\"breadcrumb\":{\"@id\":\"https:\\\/\\\/international-funeral.com\\\/beratung-formalitaeten\\\/#breadcrumb\"},\"inLanguage\":\"fr-FR\",\"potentialAction\":[{\"@type\":\"ReadAction\",\"target\":[\"https:\\\/\\\/international-funeral.com\\\/beratung-formalitaeten\\\/\"]}]},{\"@type\":\"BreadcrumbList\",\"@id\":\"https:\\\/\\\/international-funeral.com\\\/beratung-formalitaeten\\\/#breadcrumb\",\"itemListElement\":[{\"@type\":\"ListItem\",\"position\":1,\"name\":\"Startseite\",\"item\":\"https:\\\/\\\/international-funeral.com\\\/\"},{\"@type\":\"ListItem\",\"position\":2,\"name\":\"Beratung &#038; Formalit\u00e4ten\"}]},{\"@type\":\"WebSite\",\"@id\":\"https:\\\/\\\/international-funeral.com\\\/#website\",\"url\":\"https:\\\/\\\/international-funeral.com\\\/\",\"name\":\"international-funeral.com\",\"description\":\"Pompes Fun\u00e9bres |\u00a0Funeral Home | Wordwide Transfers\",\"publisher\":{\"@id\":\"https:\\\/\\\/international-funeral.com\\\/#organization\"},\"potentialAction\":[{\"@type\":\"SearchAction\",\"target\":{\"@type\":\"EntryPoint\",\"urlTemplate\":\"https:\\\/\\\/international-funeral.com\\\/?s={search_term_string}\"},\"query-input\":{\"@type\":\"PropertyValueSpecification\",\"valueRequired\":true,\"valueName\":\"search_term_string\"}}],\"inLanguage\":\"fr-FR\"},{\"@type\":\"Organization\",\"@id\":\"https:\\\/\\\/international-funeral.com\\\/#organization\",\"name\":\"international-funeral.com\",\"url\":\"https:\\\/\\\/international-funeral.com\\\/\",\"logo\":{\"@type\":\"ImageObject\",\"inLanguage\":\"fr-FR\",\"@id\":\"https:\\\/\\\/international-funeral.com\\\/#\\\/schema\\\/logo\\\/image\\\/\",\"url\":\"https:\\\/\\\/international-funeral.com\\\/wp-content\\\/uploads\\\/2025\\\/05\\\/if_logo_pos.png\",\"contentUrl\":\"https:\\\/\\\/international-funeral.com\\\/wp-content\\\/uploads\\\/2025\\\/05\\\/if_logo_pos.png\",\"width\":1890,\"height\":543,\"caption\":\"international-funeral.com\"},\"image\":{\"@id\":\"https:\\\/\\\/international-funeral.com\\\/#\\\/schema\\\/logo\\\/image\\\/\"}}]}<\/script>\n<!-- \/ Yoast SEO plugin. -->","yoast_head_json":{"title":"Conseils &amp; formalit\u00e9s en cas de rapatriement | International Funeral","description":"Organisation compl\u00e8te du rapatriement en cas de d\u00e9c\u00e8s : certificats de d\u00e9c\u00e8s, r\u00e9servation de vols &amp; plus. Conseil personnalis\u00e9 et multilingue dans le monde entier.","robots":{"index":"index","follow":"follow","max-snippet":"max-snippet:-1","max-image-preview":"max-image-preview:large","max-video-preview":"max-video-preview:-1"},"canonical":"https:\/\/international-funeral.com\/fr\/conseil-formalites\/","og_locale":"fr_FR","og_type":"article","og_title":"Beratung & Formalit\u00e4ten bei R\u00fcckf\u00fchrungen | International Funeral","og_description":"Komplette Organisation der \u00dcberf\u00fchrung im Todesfall: Sterbeurkunden, Flugbuchung & mehr. Pers\u00f6nliche, mehrsprachige Beratung weltweit.","og_url":"https:\/\/international-funeral.com\/fr\/conseil-formalites\/","og_site_name":"international-funeral.com","article_modified_time":"2025-05-23T11:59:48+00:00","twitter_card":"summary_large_image","twitter_misc":{"Dur\u00e9e de lecture estim\u00e9e":"2 minutes"},"schema":{"@context":"https:\/\/schema.org","@graph":[{"@type":"WebPage","@id":"https:\/\/international-funeral.com\/beratung-formalitaeten\/","url":"https:\/\/international-funeral.com\/beratung-formalitaeten\/","name":"Conseils &amp; formalit\u00e9s en cas de rapatriement | International Funeral","isPartOf":{"@id":"https:\/\/international-funeral.com\/#website"},"datePublished":"2025-04-16T20:50:12+00:00","dateModified":"2025-05-23T11:59:48+00:00","description":"Organisation compl\u00e8te du rapatriement en cas de d\u00e9c\u00e8s : certificats de d\u00e9c\u00e8s, r\u00e9servation de vols &amp; plus. Conseil personnalis\u00e9 et multilingue dans le monde entier.","breadcrumb":{"@id":"https:\/\/international-funeral.com\/beratung-formalitaeten\/#breadcrumb"},"inLanguage":"fr-FR","potentialAction":[{"@type":"ReadAction","target":["https:\/\/international-funeral.com\/beratung-formalitaeten\/"]}]},{"@type":"BreadcrumbList","@id":"https:\/\/international-funeral.com\/beratung-formalitaeten\/#breadcrumb","itemListElement":[{"@type":"ListItem","position":1,"name":"Startseite","item":"https:\/\/international-funeral.com\/"},{"@type":"ListItem","position":2,"name":"Beratung &#038; Formalit\u00e4ten"}]},{"@type":"WebSite","@id":"https:\/\/international-funeral.com\/#website","url":"https:\/\/international-funeral.com\/","name":"international-funeral.com","description":"Pompes Fun\u00e9bres | Funeral Home | Wordwide Transfers","publisher":{"@id":"https:\/\/international-funeral.com\/#organization"},"potentialAction":[{"@type":"SearchAction","target":{"@type":"EntryPoint","urlTemplate":"https:\/\/international-funeral.com\/?s={search_term_string}"},"query-input":{"@type":"PropertyValueSpecification","valueRequired":true,"valueName":"search_term_string"}}],"inLanguage":"fr-FR"},{"@type":"Organization","@id":"https:\/\/international-funeral.com\/#organization","name":"international-funeral.com","url":"https:\/\/international-funeral.com\/","logo":{"@type":"ImageObject","inLanguage":"fr-FR","@id":"https:\/\/international-funeral.com\/#\/schema\/logo\/image\/","url":"https:\/\/international-funeral.com\/wp-content\/uploads\/2025\/05\/if_logo_pos.png","contentUrl":"https:\/\/international-funeral.com\/wp-content\/uploads\/2025\/05\/if_logo_pos.png","width":1890,"height":543,"caption":"international-funeral.com"},"image":{"@id":"https:\/\/international-funeral.com\/#\/schema\/logo\/image\/"}}]}},"_links":{"self":[{"href":"https:\/\/international-funeral.com\/fr\/wp-json\/wp\/v2\/pages\/2759","targetHints":{"allow":["GET"]}}],"collection":[{"href":"https:\/\/international-funeral.com\/fr\/wp-json\/wp\/v2\/pages"}],"about":[{"href":"https:\/\/international-funeral.com\/fr\/wp-json\/wp\/v2\/types\/page"}],"author":[{"embeddable":true,"href":"https:\/\/international-funeral.com\/fr\/wp-json\/wp\/v2\/users\/1"}],"replies":[{"embeddable":true,"href":"https:\/\/international-funeral.com\/fr\/wp-json\/wp\/v2\/comments?post=2759"}],"version-history":[{"count":2,"href":"https:\/\/international-funeral.com\/fr\/wp-json\/wp\/v2\/pages\/2759\/revisions"}],"predecessor-version":[{"id":3090,"href":"https:\/\/international-funeral.com\/fr\/wp-json\/wp\/v2\/pages\/2759\/revisions\/3090"}],"wp:attachment":[{"href":"https:\/\/international-funeral.com\/fr\/wp-json\/wp\/v2\/media?parent=2759"}],"curies":[{"name":"wp","href":"https:\/\/api.w.org\/{rel}","templated":true}]}}