{"id":190,"date":"2023-12-19T17:14:24","date_gmt":"2023-12-19T16:14:24","guid":{"rendered":"https:\/\/international-funeral.com\/?page_id=190"},"modified":"2025-05-23T14:03:35","modified_gmt":"2025-05-23T12:03:35","slug":"service-social","status":"publish","type":"page","link":"https:\/\/international-funeral.com\/fr\/finanzielles\/sozialamt\/","title":{"rendered":"Aide sociale"},"content":{"rendered":"<h1><strong>Fun\u00e9railles sociales en Allemagne : trouver des solutions ensemble<\/strong><\/h1>\n<p>Dans les moments d'adieu et de deuil, il est important de trouver ensemble des moyens de pr\u00e9server la dignit\u00e9 du d\u00e9funt tout en minimisant les charges financi\u00e8res. Les fun\u00e9railles sociales offrent \u00e0 cet effet une possibilit\u00e9 de r\u00e9duire les frais d'obs\u00e8ques tout en permettant un adieu respectueux.<\/p>\n<p><strong>Ensemble pour des obs\u00e8ques dignes<\/strong><\/p>\n<p>Nous comprenons les d\u00e9fis financiers auxquels de nombreuses familles sont confront\u00e9es en p\u00e9riode de perte. C'est pourquoi nous sommes \u00e0 vos c\u00f4t\u00e9s, avec notre \u00e9quipe empathique, pour vous assister dans cette phase difficile et trouver ensemble des solutions. Une prise de contact pr\u00e9coce avec le bureau de district ou les services sociaux comp\u00e9tents ainsi qu'avec nous permet d'organiser le transfert du d\u00e9funt et de clarifier les formalit\u00e9s.<\/p>\n<p><strong>Soutien dans les moments difficiles<\/strong><\/p>\n<p>Notre mission est de vous assister dans votre deuil et de vous aider \u00e0 organiser les fun\u00e9railles de l'\u00eatre cher en fonction de vos possibilit\u00e9s financi\u00e8res. Nous vous proposons non seulement des services professionnels dans le domaine des obs\u00e8ques, mais aussi des conseils empathiques et un soutien pour toutes les questions d'organisation.<\/p>\n<p><strong>Conseils et soins compatissants<\/strong><\/p>\n<p>Notre \u00e9quipe est \u00e0 vos c\u00f4t\u00e9s, avec compassion et compr\u00e9hension, pour vous accompagner dans ce processus difficile. Nous souhaitons vous aider \u00e0 organiser les fun\u00e9railles de votre ou de vos proches dans la dignit\u00e9, sans que cela ne p\u00e8se sur votre situation financi\u00e8re. Vos besoins et votre bien-\u00eatre sont au c\u0153ur de nos pr\u00e9occupations.<\/p>\n<p><strong>Trouver ensemble une solution adapt\u00e9e<\/strong><\/p>\n<p>Contactez-nous d\u00e8s aujourd'hui pour en savoir plus sur nos services et nos possibilit\u00e9s de financement. Nous sommes l\u00e0 pour vous aider et vous soutenir dans votre deuil. Faisons ensemble des adieux dignes \u00e0 l'\u00eatre cher.<\/p>","protected":false},"excerpt":{"rendered":"<p>Sozialbestattung in Deutschland: Gemeinsam Wege finden In Momenten des Abschieds und der Trauer ist es wichtig, gemeinsam Wege zu finden, um die W\u00fcrde des Verstorbenen zu wahren und gleichzeitig finanzielle Belastungen zu minimieren. Eine Sozialbestattung bietet hierf\u00fcr eine M\u00f6glichkeit, die Bestattungskosten zu reduzieren und dennoch einen respektvollen Abschied zu erm\u00f6glichen. Gemeinsam f\u00fcr eine w\u00fcrdevolle Bestattung [&hellip;]<\/p>\n","protected":false},"author":1,"featured_media":0,"parent":184,"menu_order":0,"comment_status":"closed","ping_status":"closed","template":"","meta":{"_acf_changed":false,"footnotes":""},"class_list":["post-190","page","type-page","status-publish","hentry"],"acf":[],"yoast_head":"<!-- This site is optimized with the Yoast SEO plugin v27.5 - https:\/\/yoast.com\/product\/yoast-seo-wordpress\/ -->\n<title>Sozialbestattung in Deutschland | W\u00fcrdevoll trotz geringem Budget<\/title>\n<meta name=\"description\" content=\"W\u00fcrdevolle Bestattung trotz geringem Budget: Wir beraten zu Sozialbestattungen &amp; helfen bei Antr\u00e4gen ans Sozialamt \u2013 einf\u00fchlsam &amp; erfahren.\" \/>\n<meta name=\"robots\" content=\"index, follow, max-snippet:-1, max-image-preview:large, max-video-preview:-1\" \/>\n<link rel=\"canonical\" href=\"https:\/\/international-funeral.com\/fr\/financier\/service-social\/\" \/>\n<meta property=\"og:locale\" content=\"fr_FR\" \/>\n<meta property=\"og:type\" content=\"article\" \/>\n<meta property=\"og:title\" content=\"Sozialbestattung in Deutschland | W\u00fcrdevoll trotz geringem Budget\" \/>\n<meta property=\"og:description\" content=\"W\u00fcrdevolle Bestattung trotz geringem Budget: Wir beraten zu Sozialbestattungen &amp; helfen bei Antr\u00e4gen ans Sozialamt \u2013 einf\u00fchlsam &amp; erfahren.\" \/>\n<meta property=\"og:url\" content=\"https:\/\/international-funeral.com\/fr\/financier\/service-social\/\" \/>\n<meta property=\"og:site_name\" content=\"international-funeral.com\" \/>\n<meta property=\"article:modified_time\" content=\"2025-05-23T12:03:35+00:00\" \/>\n<meta name=\"twitter:card\" content=\"summary_large_image\" \/>\n<meta name=\"twitter:label1\" content=\"Dur\u00e9e de lecture estim\u00e9e\" \/>\n\t<meta name=\"twitter:data1\" content=\"2 minutes\" \/>\n<script type=\"application\/ld+json\" class=\"yoast-schema-graph\">{\"@context\":\"https:\\\/\\\/schema.org\",\"@graph\":[{\"@type\":\"WebPage\",\"@id\":\"https:\\\/\\\/international-funeral.com\\\/finanzielles\\\/sozialamt\\\/\",\"url\":\"https:\\\/\\\/international-funeral.com\\\/finanzielles\\\/sozialamt\\\/\",\"name\":\"Sozialbestattung in Deutschland | W\u00fcrdevoll trotz geringem Budget\",\"isPartOf\":{\"@id\":\"https:\\\/\\\/international-funeral.com\\\/#website\"},\"datePublished\":\"2023-12-19T16:14:24+00:00\",\"dateModified\":\"2025-05-23T12:03:35+00:00\",\"description\":\"W\u00fcrdevolle Bestattung trotz geringem Budget: Wir beraten zu Sozialbestattungen & helfen bei Antr\u00e4gen ans Sozialamt \u2013 einf\u00fchlsam & erfahren.\",\"breadcrumb\":{\"@id\":\"https:\\\/\\\/international-funeral.com\\\/finanzielles\\\/sozialamt\\\/#breadcrumb\"},\"inLanguage\":\"fr-FR\",\"potentialAction\":[{\"@type\":\"ReadAction\",\"target\":[\"https:\\\/\\\/international-funeral.com\\\/finanzielles\\\/sozialamt\\\/\"]}]},{\"@type\":\"BreadcrumbList\",\"@id\":\"https:\\\/\\\/international-funeral.com\\\/finanzielles\\\/sozialamt\\\/#breadcrumb\",\"itemListElement\":[{\"@type\":\"ListItem\",\"position\":1,\"name\":\"Startseite\",\"item\":\"https:\\\/\\\/international-funeral.com\\\/\"},{\"@type\":\"ListItem\",\"position\":2,\"name\":\"Finanzielles\",\"item\":\"https:\\\/\\\/international-funeral.com\\\/finanzielles\\\/\"},{\"@type\":\"ListItem\",\"position\":3,\"name\":\"Sozialamt\"}]},{\"@type\":\"WebSite\",\"@id\":\"https:\\\/\\\/international-funeral.com\\\/#website\",\"url\":\"https:\\\/\\\/international-funeral.com\\\/\",\"name\":\"international-funeral.com\",\"description\":\"Pompes Fun\u00e9bres |\u00a0Funeral Home | Wordwide Transfers\",\"publisher\":{\"@id\":\"https:\\\/\\\/international-funeral.com\\\/#organization\"},\"potentialAction\":[{\"@type\":\"SearchAction\",\"target\":{\"@type\":\"EntryPoint\",\"urlTemplate\":\"https:\\\/\\\/international-funeral.com\\\/?s={search_term_string}\"},\"query-input\":{\"@type\":\"PropertyValueSpecification\",\"valueRequired\":true,\"valueName\":\"search_term_string\"}}],\"inLanguage\":\"fr-FR\"},{\"@type\":\"Organization\",\"@id\":\"https:\\\/\\\/international-funeral.com\\\/#organization\",\"name\":\"international-funeral.com\",\"url\":\"https:\\\/\\\/international-funeral.com\\\/\",\"logo\":{\"@type\":\"ImageObject\",\"inLanguage\":\"fr-FR\",\"@id\":\"https:\\\/\\\/international-funeral.com\\\/#\\\/schema\\\/logo\\\/image\\\/\",\"url\":\"https:\\\/\\\/international-funeral.com\\\/wp-content\\\/uploads\\\/2025\\\/05\\\/if_logo_pos.png\",\"contentUrl\":\"https:\\\/\\\/international-funeral.com\\\/wp-content\\\/uploads\\\/2025\\\/05\\\/if_logo_pos.png\",\"width\":1890,\"height\":543,\"caption\":\"international-funeral.com\"},\"image\":{\"@id\":\"https:\\\/\\\/international-funeral.com\\\/#\\\/schema\\\/logo\\\/image\\\/\"}}]}<\/script>\n<!-- \/ Yoast SEO plugin. -->","yoast_head_json":{"title":"Fun\u00e9railles sociales en Allemagne | Dignit\u00e9 malgr\u00e9 un petit budget","description":"Des obs\u00e8ques dignes malgr\u00e9 un budget limit\u00e9 : nous conseillons sur les obs\u00e8ques sociales &amp; aidons \u00e0 faire les demandes aupr\u00e8s des services sociaux - avec empathie &amp; exp\u00e9rience.","robots":{"index":"index","follow":"follow","max-snippet":"max-snippet:-1","max-image-preview":"max-image-preview:large","max-video-preview":"max-video-preview:-1"},"canonical":"https:\/\/international-funeral.com\/fr\/financier\/service-social\/","og_locale":"fr_FR","og_type":"article","og_title":"Sozialbestattung in Deutschland | W\u00fcrdevoll trotz geringem Budget","og_description":"W\u00fcrdevolle Bestattung trotz geringem Budget: Wir beraten zu Sozialbestattungen & helfen bei Antr\u00e4gen ans Sozialamt \u2013 einf\u00fchlsam & erfahren.","og_url":"https:\/\/international-funeral.com\/fr\/financier\/service-social\/","og_site_name":"international-funeral.com","article_modified_time":"2025-05-23T12:03:35+00:00","twitter_card":"summary_large_image","twitter_misc":{"Dur\u00e9e de lecture estim\u00e9e":"2 minutes"},"schema":{"@context":"https:\/\/schema.org","@graph":[{"@type":"WebPage","@id":"https:\/\/international-funeral.com\/finanzielles\/sozialamt\/","url":"https:\/\/international-funeral.com\/finanzielles\/sozialamt\/","name":"Fun\u00e9railles sociales en Allemagne | Dignit\u00e9 malgr\u00e9 un petit budget","isPartOf":{"@id":"https:\/\/international-funeral.com\/#website"},"datePublished":"2023-12-19T16:14:24+00:00","dateModified":"2025-05-23T12:03:35+00:00","description":"Des obs\u00e8ques dignes malgr\u00e9 un budget limit\u00e9 : nous conseillons sur les obs\u00e8ques sociales &amp; aidons \u00e0 faire les demandes aupr\u00e8s des services sociaux - avec empathie &amp; exp\u00e9rience.","breadcrumb":{"@id":"https:\/\/international-funeral.com\/finanzielles\/sozialamt\/#breadcrumb"},"inLanguage":"fr-FR","potentialAction":[{"@type":"ReadAction","target":["https:\/\/international-funeral.com\/finanzielles\/sozialamt\/"]}]},{"@type":"BreadcrumbList","@id":"https:\/\/international-funeral.com\/finanzielles\/sozialamt\/#breadcrumb","itemListElement":[{"@type":"ListItem","position":1,"name":"Startseite","item":"https:\/\/international-funeral.com\/"},{"@type":"ListItem","position":2,"name":"Finanzielles","item":"https:\/\/international-funeral.com\/finanzielles\/"},{"@type":"ListItem","position":3,"name":"Sozialamt"}]},{"@type":"WebSite","@id":"https:\/\/international-funeral.com\/#website","url":"https:\/\/international-funeral.com\/","name":"international-funeral.com","description":"Pompes Fun\u00e9bres | Funeral Home | Wordwide Transfers","publisher":{"@id":"https:\/\/international-funeral.com\/#organization"},"potentialAction":[{"@type":"SearchAction","target":{"@type":"EntryPoint","urlTemplate":"https:\/\/international-funeral.com\/?s={search_term_string}"},"query-input":{"@type":"PropertyValueSpecification","valueRequired":true,"valueName":"search_term_string"}}],"inLanguage":"fr-FR"},{"@type":"Organization","@id":"https:\/\/international-funeral.com\/#organization","name":"international-funeral.com","url":"https:\/\/international-funeral.com\/","logo":{"@type":"ImageObject","inLanguage":"fr-FR","@id":"https:\/\/international-funeral.com\/#\/schema\/logo\/image\/","url":"https:\/\/international-funeral.com\/wp-content\/uploads\/2025\/05\/if_logo_pos.png","contentUrl":"https:\/\/international-funeral.com\/wp-content\/uploads\/2025\/05\/if_logo_pos.png","width":1890,"height":543,"caption":"international-funeral.com"},"image":{"@id":"https:\/\/international-funeral.com\/#\/schema\/logo\/image\/"}}]}},"_links":{"self":[{"href":"https:\/\/international-funeral.com\/fr\/wp-json\/wp\/v2\/pages\/190","targetHints":{"allow":["GET"]}}],"collection":[{"href":"https:\/\/international-funeral.com\/fr\/wp-json\/wp\/v2\/pages"}],"about":[{"href":"https:\/\/international-funeral.com\/fr\/wp-json\/wp\/v2\/types\/page"}],"author":[{"embeddable":true,"href":"https:\/\/international-funeral.com\/fr\/wp-json\/wp\/v2\/users\/1"}],"replies":[{"embeddable":true,"href":"https:\/\/international-funeral.com\/fr\/wp-json\/wp\/v2\/comments?post=190"}],"version-history":[{"count":4,"href":"https:\/\/international-funeral.com\/fr\/wp-json\/wp\/v2\/pages\/190\/revisions"}],"predecessor-version":[{"id":2479,"href":"https:\/\/international-funeral.com\/fr\/wp-json\/wp\/v2\/pages\/190\/revisions\/2479"}],"up":[{"embeddable":true,"href":"https:\/\/international-funeral.com\/fr\/wp-json\/wp\/v2\/pages\/184"}],"wp:attachment":[{"href":"https:\/\/international-funeral.com\/fr\/wp-json\/wp\/v2\/media?parent=190"}],"curies":[{"name":"wp","href":"https:\/\/api.w.org\/{rel}","templated":true}]}}