{"id":3,"date":"2023-12-19T09:16:07","date_gmt":"2023-12-19T09:16:07","guid":{"rendered":"http:\/\/international-funeral.com\/?page_id=3"},"modified":"2025-05-23T14:08:52","modified_gmt":"2025-05-23T12:08:52","slug":"proteccion-de-datos","status":"publish","type":"page","link":"https:\/\/international-funeral.com\/es\/datenschutz\/","title":{"rendered":"Protecci\u00f3n de datos"},"content":{"rendered":"<h2>Pol\u00edtica de privacidad de International Funeral de conformidad con el Reglamento General de Protecci\u00f3n de Datos<\/h2>\n<h5><strong>Tipo de datos recogidos<\/strong><\/h5>\n<p>En el caso de la iniciaci\u00f3n del contrato, la celebraci\u00f3n de un contrato funerario o de asistencia funeraria y su tramitaci\u00f3n, recogemos y tratamos los siguientes datos: T\u00edtulo, nombre y apellidos del cliente, direcci\u00f3n de correo electr\u00f3nico, direcci\u00f3n, n\u00famero de tel\u00e9fono, t\u00edtulo, nombre, apellidos del fallecido, fecha y lugar de nacimiento y fallecimiento, estado civil, confesi\u00f3n religiosa del fallecido, relaciones familiares, datos de contacto de un representante autorizado, las compa\u00f1\u00edas de seguros m\u00e9dicos del fallecido, las oficinas de pensiones del fallecido, las compa\u00f1\u00edas de seguros del fallecido, datos de contacto de las personas de la organizaci\u00f3n funeraria, datos del documento de identidad del fallecido, huellas dactilares del fallecido, m\u00e1scara mortuoria, fotos del fallecido, fotos del servicio funerario, muestras de cabello del fallecido. La recogida y el uso de los datos para la creaci\u00f3n de huellas dactilares del difunto, los datos biom\u00e9tricos para la m\u00e1scara mortuoria, la toma de muestras de cabello del difunto, la toma de fotos del difunto y del servicio funerario s\u00f3lo tendr\u00e1n lugar si el interesado consiente expresamente la recogida, el almacenamiento y el tratamiento de estos datos personales de conformidad con el art\u00edculo 9, apartado 2, letra a) del RGPD.<br \/>\n<b><br \/>\n<\/b><\/p>\n<h5><b>Prop\u00f3sito<\/b><\/h5>\n<p>Los datos se recogen y tratan para la preparaci\u00f3n de una oferta, la celebraci\u00f3n del contrato y la ejecuci\u00f3n del mismo, as\u00ed como para la tramitaci\u00f3n adecuada del pedido funerario, en la medida en que ello sea necesario para el cumplimiento mutuo de las obligaciones derivadas de la relaci\u00f3n contractual.<\/p>\n<h5><b>Duraci\u00f3n del almacenamiento<\/b><\/h5>\n<p>Los datos personales se suprimir\u00e1n o bloquear\u00e1n en cuanto deje de ser aplicable la finalidad del almacenamiento. Los datos tambi\u00e9n podr\u00e1n almacenarse si as\u00ed lo ha dispuesto el legislador europeo o nacional en reglamentos, leyes u otras disposiciones de la UE a las que est\u00e9 sujeto el responsable del tratamiento. Los datos tambi\u00e9n se bloquear\u00e1n o borrar\u00e1n si expira un periodo de almacenamiento prescrito por las normas mencionadas, a menos que sea necesario seguir almacenando los datos para la celebraci\u00f3n o el cumplimiento de un contrato.<\/p>\n<h5><b>Base jur\u00eddica para el tratamiento de datos personales<\/b><\/h5>\n<p>En la medida en que se requiera el consentimiento del interesado para el tratamiento de datos personales, se aplicar\u00e1n el art\u00edculo 6, apartado 1, letra a), y el art\u00edculo 9, apartado 2, letra f), del RGPD.<\/p>\n<ul style=\"list-style-type: lower-alpha;\">\n<li>GDPR como base jur\u00eddica. En el tratamiento de datos personales necesario para la ejecuci\u00f3n de un contrato en el que el interesado es parte, el art\u00edculo 6, apartado 1, del RGPD sirve de base jur\u00eddica.<\/li>\n<li>GDPR como base jur\u00eddica. Esto tambi\u00e9n se aplica a las operaciones de procesamiento que son necesarias para la aplicaci\u00f3n de medidas precontractuales. En la medida en que el tratamiento de datos personales sea necesario para cumplir una obligaci\u00f3n legal a la que est\u00e9 sujeta nuestra empresa, el art. 6, apdo. 1 del RGPD sirve de base jur\u00eddica.<\/li>\n<li>GDPR como base jur\u00eddica. En caso de que los intereses vitales del interesado o de otra persona f\u00edsica requieran el tratamiento de datos personales, el art\u00edculo 6, apartado 1, del RGPD constituye la base jur\u00eddica.<\/li>\n<li>GDPR como base jur\u00eddica. Si el tratamiento es necesario para salvaguardar un inter\u00e9s leg\u00edtimo de nuestra empresa o de un tercero y si los intereses, los derechos fundamentales y las libertades del interesado no prevalecen sobre el inter\u00e9s mencionado en primer lugar, el Art. 6 para. 1 lit. f GDPR sirve como base legal para el tratamiento.<\/li>\n<\/ul>\n<h5><b>Divulgaci\u00f3n de datos a terceros<\/b><\/h5>\n<p>Los datos s\u00f3lo se transmitir\u00e1n a terceros si es necesario para el cumplimiento del contrato. Son terceros los tribunales, las autoridades, en particular la oficina del registro civil, la oficina de orden p\u00fablico, la administraci\u00f3n del cementerio, la autoridad sanitaria, la fiscal\u00eda, las compa\u00f1\u00edas de seguros sociales obligatorias, en particular las compa\u00f1\u00edas de seguros de enfermedad, las compa\u00f1\u00edas de seguros de pensiones, las compa\u00f1\u00edas de seguros de accidentes, las compa\u00f1\u00edas de seguros de vida y otras compa\u00f1\u00edas de seguros privadas, el editor del peri\u00f3dico para el aviso f\u00fanebre, el florista para la florister\u00eda f\u00fanebre, el cantero, el orador f\u00fanebre, el m\u00fasico f\u00fanebre, los centros de recogida de la radio, ARD, ZDF, Deutschlandradio, las comunidades religiosas.<\/p>\n<h5><b>Derechos del interesado<\/b><\/h5>\n<p>Si se tratan datos personales, usted es un interesado en el sentido del RGPD y tiene los siguientes derechos frente al responsable del tratamiento:<\/p>\n<h5><strong>Derecho a la informaci\u00f3n<\/strong><\/h5>\n<p>Puede solicitar confirmaci\u00f3n al responsable del tratamiento sobre si estamos tratando datos personales que le conciernen. Si se est\u00e1 llevando a cabo dicho tratamiento, puede solicitar al responsable del tratamiento la siguiente informaci\u00f3n:<\/p>\n<ul style=\"list-style-type: lower-alpha;\">\n<li>los fines para los que se tratan los datos personales;<\/li>\n<li>las categor\u00edas de datos personales que se tratan;<\/li>\n<li>los destinatarios o categor\u00edas de destinatarios a los que se han comunicado o se comunicar\u00e1n los datos personales que le conciernen;<\/li>\n<li>la duraci\u00f3n prevista del almacenamiento de los datos personales que le conciernen o, si no es posible facilitar informaci\u00f3n espec\u00edfica al respecto, los criterios para determinar el per\u00edodo de almacenamiento;<\/li>\n<li>la existencia de un derecho de rectificaci\u00f3n o supresi\u00f3n de los datos personales que le conciernen, un derecho de limitaci\u00f3n del tratamiento por parte del responsable del tratamiento o un derecho de oposici\u00f3n a dicho tratamiento;<\/li>\n<li>la existencia de un derecho de recurso ante una autoridad de control;<\/li>\n<li>toda la informaci\u00f3n disponible sobre el origen de los datos si los datos personales no se recogen del interesado;<\/li>\n<\/ul>\n<h5><strong>Derecho de rectificaci\u00f3n<\/strong><\/h5>\n<p>Usted tiene derecho a rectificar o completar los datos que le conciernen ante el responsable del tratamiento si son incorrectos o est\u00e1n incompletos. El responsable del tratamiento debe realizar la rectificaci\u00f3n sin demora.<\/p>\n<h5><strong>Derecho a la limitaci\u00f3n del tratamiento<\/strong><\/h5>\n<p>En las siguientes condiciones, puede solicitar la restricci\u00f3n del tratamiento de sus datos personales:<\/p>\n<ul style=\"list-style-type: lower-alpha;\">\n<li>si impugna la exactitud de los datos personales que le conciernen durante un periodo que permita al responsable del tratamiento verificar la exactitud de los datos personales;<\/li>\n<li>el tratamiento es il\u00edcito y usted se opone a la supresi\u00f3n de los datos personales y solicita en su lugar la limitaci\u00f3n de su uso;<\/li>\n<li>el responsable del tratamiento ya no necesita los datos personales para los fines del tratamiento, pero usted los necesita para el reconocimiento, el ejercicio o la defensa de un derecho en un procedimiento judicial, o<\/li>\n<li>si se ha opuesto al tratamiento con arreglo al art\u00edculo 21, apartado 1, del RGPD, a la espera de que se verifique si los motivos leg\u00edtimos del responsable del tratamiento prevalecen sobre los suyos. Si se ha restringido el tratamiento de los datos personales que le conciernen, estos datos -aparte de su almacenamiento- s\u00f3lo podr\u00e1n tratarse con su consentimiento o para el reconocimiento, ejercicio o defensa de un derecho en un procedimiento judicial o para la protecci\u00f3n de los derechos de otra persona f\u00edsica o jur\u00eddica o por razones de inter\u00e9s p\u00fablico importante de la Uni\u00f3n o de un Estado miembro. Si la restricci\u00f3n del tratamiento se ha limitado de conformidad con las condiciones anteriores, el responsable del tratamiento le informar\u00e1 antes de que se levante la restricci\u00f3n.<\/li>\n<\/ul>\n<h5><strong>Obligaci\u00f3n de supresi\u00f3n<\/strong><\/h5>\n<p>Usted tiene derecho a obtener del responsable del tratamiento la supresi\u00f3n de los datos personales que le conciernan sin dilaci\u00f3n indebida, y el responsable del tratamiento tendr\u00e1 la obligaci\u00f3n de suprimir los datos personales sin dilaci\u00f3n indebida cuando concurra uno de los motivos siguientes:<\/p>\n<ul>\n<li>Los datos personales que le conciernen ya no son necesarios en relaci\u00f3n con los fines para los que fueron recogidos o tratados de otro modo.<br \/>\nnecesario.<\/li>\n<li>Usted revoca el consentimiento en el que se basaba el tratamiento de conformidad con el art. 6, apdo. 1, letra a) o el art. 9, apdo. 2, letra a) del RGPD y no existe ning\u00fan otro fundamento jur\u00eddico para el tratamiento.<\/li>\n<li>Se opone al tratamiento de conformidad con el art\u00edculo 21, apartado 1, del RGPD y no existen motivos leg\u00edtimos imperiosos para el tratamiento, o se opone al tratamiento de conformidad con el art\u00edculo 21, apartado 2, del RGPD.<\/li>\n<li>Los datos personales que le conciernen han sido tratados ilegalmente.<\/li>\n<\/ul>\n<p>&nbsp;<\/p>\n<p>La supresi\u00f3n de los datos personales que le conciernen no es necesaria para cumplir una obligaci\u00f3n legal en virtud del Derecho de la Uni\u00f3n o de la Rep\u00fablica Federal de Alemania.<\/p>\n<p>El derecho de supresi\u00f3n no existe si el tratamiento es necesario - para el ejercicio del derecho a la libertad de expresi\u00f3n e informaci\u00f3n; - para el cumplimiento de una obligaci\u00f3n jur\u00eddica que requiera un tratamiento en virtud del Derecho de la Uni\u00f3n o de los Estados miembros al que est\u00e9 sujeto el responsable del tratamiento, o para el cumplimiento de una misi\u00f3n de inter\u00e9s p\u00fablico o inherente al ejercicio del poder p\u00fablico conferido al responsable del tratamiento; - por razones de inter\u00e9s p\u00fablico en el \u00e1mbito de la salud p\u00fablica, de conformidad con el art\u00edculo 9, apartado 2, letras h) e i), y el art\u00edculo 9, apartado 3, del RGPD; - para la formulaci\u00f3n, el ejercicio o la defensa de reclamaciones judiciales.<\/p>\n<h5><strong>Derecho a la informaci\u00f3n<\/strong><\/h5>\n<p>Si usted ha hecho valer el derecho de rectificaci\u00f3n, supresi\u00f3n o limitaci\u00f3n del tratamiento frente al responsable del tratamiento, \u00e9ste est\u00e1 obligado a notificar dicha rectificaci\u00f3n o supresi\u00f3n o limitaci\u00f3n del tratamiento a todos los destinatarios a los que se hayan comunicado los datos personales que le conciernen, salvo que ello resulte imposible o exija un esfuerzo desproporcionado. Usted tiene derecho ante el responsable del tratamiento a ser informado sobre estos destinatarios.<\/p>\n<h5><strong>Derecho a la portabilidad de los datos<\/strong><\/h5>\n<p>Usted tiene derecho a recibir los datos personales que le conciernan, que haya facilitado al responsable del tratamiento, en un formato estructurado, de uso com\u00fan y lectura mec\u00e1nica. Tambi\u00e9n tiene derecho a transmitir estos datos a otro responsable del tratamiento sin que el responsable del tratamiento al que se han facilitado los datos personales se lo impida,<br \/>\nsi (1) el tratamiento se basa en el consentimiento de conformidad con el Art. 6 p\u00e1rrafo 1 a) GDPR o el Art. 9 p\u00e1rrafo 2 a) GDPR o en un contrato de conformidad con el Art. 6 p\u00e1rrafo 1 b) GDPR y (2) el tratamiento se lleva a cabo por medios automatizados. En el ejercicio de este derecho, tambi\u00e9n tiene derecho a que los datos personales que le conciernen se transmitan directamente de un responsable del tratamiento a otro.<br \/>\nresponsable, en la medida en que sea t\u00e9cnicamente factible. Las libertades y derechos de otras personas no deben verse afectados por ello. El derecho a la portabilidad de los datos no se aplica al tratamiento de datos personales necesario para el cumplimiento de una misi\u00f3n realizada en inter\u00e9s p\u00fablico o en el ejercicio de poderes p\u00fablicos conferidos al responsable del tratamiento.<br \/>\nse transfiri\u00f3 a la persona responsable.<\/p>\n<h5><strong>Derecho de oposici\u00f3n<\/strong><\/h5>\n<p>Usted tiene derecho a oponerse, por motivos relacionados con su situaci\u00f3n particular, en cualquier momento, al tratamiento de los datos personales que le conciernen basado en el art\u00edculo 6, apartado 1, letras e) o f), del RGPD. El responsable del tratamiento dejar\u00e1 de tratar los datos personales que le conciernan, a menos que demuestre motivos leg\u00edtimos imperiosos para el tratamiento que prevalezcan sobre sus intereses, derechos y libertades, o para el reconocimiento, ejercicio o defensa de un derecho en un procedimiento judicial.<\/p>\n<h5><strong>Derecho a revocar la declaraci\u00f3n de consentimiento conforme a la ley de protecci\u00f3n de datos<\/strong><\/h5>\n<p>Usted tiene derecho a revocar en cualquier momento su declaraci\u00f3n de consentimiento con arreglo a la legislaci\u00f3n sobre protecci\u00f3n de datos. La retirada del consentimiento no afecta a la licitud del tratamiento basado en el consentimiento previo a su retirada.<\/p>\n<h5><strong>Derecho a presentar una reclamaci\u00f3n ante una autoridad de control<\/strong><\/h5>\n<p>Sin perjuicio de cualquier otro recurso administrativo o judicial, tiene derecho a presentar una reclamaci\u00f3n ante una autoridad de control, en particular en el Estado miembro de su residencia habitual, lugar de trabajo o lugar de la presunta infracci\u00f3n, si considera que el tratamiento de los datos personales que le conciernen infringe el RGPD.<br \/>\ninfringe la ley. La autoridad de control ante la que se haya presentado la reclamaci\u00f3n informar\u00e1 al reclamante de la situaci\u00f3n y el resultado de la misma, incluida la posibilidad de interponer un recurso judicial con arreglo a lo siguiente\u00a0<strong>Art\u00edculo 78 del RGPD<\/strong>.<\/p>","protected":false},"excerpt":{"rendered":"<p>Datenschutzerkl\u00e4rung der Firma International Funeral nach der Datenschutz-Grundverordnung Art der erhobenen Daten Im Fall der Vertragsanbahnung, des Abschlusses eines Bestattungs- oder Bestattungsvorsorgevertrages und dessen Abwicklung erheben und verarbeiten wir folgende Daten: Anrede, Vorname und Nachname des Auftraggebers, E-Mail-Adresse, Anschrift, Telefonnummer, Anrede, Vorname, Nachname des\/der Verstorbenen, Geburts-, Sterbedatum und Geburtsort, Personenstand, Konfession des\/der Verstorbenen, Verwandtschaftsverh\u00e4ltnisse, Kontaktdaten [&hellip;]<\/p>\n","protected":false},"author":1,"featured_media":0,"parent":0,"menu_order":0,"comment_status":"closed","ping_status":"closed","template":"","meta":{"_acf_changed":false,"footnotes":""},"class_list":["post-3","page","type-page","status-publish","hentry"],"acf":[],"yoast_head":"<!-- This site is optimized with the Yoast SEO plugin v27.5 - https:\/\/yoast.com\/product\/yoast-seo-wordpress\/ -->\n<title>Datenschutzerkl\u00e4rung | DSGVO-konform | International Funeral<\/title>\n<meta name=\"description\" content=\"Erfahren Sie, wie wir Ihre Daten sch\u00fctzen: Transparente, DSGVO-konforme Datenschutzerkl\u00e4rung f\u00fcr Besucher von international-funeral.com.\" \/>\n<meta name=\"robots\" content=\"index, follow, max-snippet:-1, max-image-preview:large, max-video-preview:-1\" \/>\n<link rel=\"canonical\" href=\"https:\/\/international-funeral.com\/es\/proteccion-de-datos\/\" \/>\n<meta property=\"og:locale\" content=\"es_ES\" \/>\n<meta property=\"og:type\" content=\"article\" \/>\n<meta property=\"og:title\" content=\"Datenschutzerkl\u00e4rung | DSGVO-konform | International Funeral\" \/>\n<meta property=\"og:description\" content=\"Erfahren Sie, wie wir Ihre Daten sch\u00fctzen: Transparente, DSGVO-konforme Datenschutzerkl\u00e4rung f\u00fcr Besucher von international-funeral.com.\" \/>\n<meta property=\"og:url\" content=\"https:\/\/international-funeral.com\/es\/proteccion-de-datos\/\" \/>\n<meta property=\"og:site_name\" content=\"international-funeral.com\" \/>\n<meta property=\"article:modified_time\" content=\"2025-05-23T12:08:52+00:00\" \/>\n<meta name=\"twitter:card\" content=\"summary_large_image\" \/>\n<meta name=\"twitter:label1\" content=\"Tiempo de lectura\" \/>\n\t<meta name=\"twitter:data1\" content=\"9 minutos\" \/>\n<script type=\"application\/ld+json\" class=\"yoast-schema-graph\">{\"@context\":\"https:\\\/\\\/schema.org\",\"@graph\":[{\"@type\":\"WebPage\",\"@id\":\"https:\\\/\\\/international-funeral.com\\\/datenschutz\\\/\",\"url\":\"https:\\\/\\\/international-funeral.com\\\/datenschutz\\\/\",\"name\":\"Datenschutzerkl\u00e4rung | DSGVO-konform | International Funeral\",\"isPartOf\":{\"@id\":\"https:\\\/\\\/international-funeral.com\\\/#website\"},\"datePublished\":\"2023-12-19T09:16:07+00:00\",\"dateModified\":\"2025-05-23T12:08:52+00:00\",\"description\":\"Erfahren Sie, wie wir Ihre Daten sch\u00fctzen: Transparente, DSGVO-konforme Datenschutzerkl\u00e4rung f\u00fcr Besucher von international-funeral.com.\",\"breadcrumb\":{\"@id\":\"https:\\\/\\\/international-funeral.com\\\/datenschutz\\\/#breadcrumb\"},\"inLanguage\":\"es\",\"potentialAction\":[{\"@type\":\"ReadAction\",\"target\":[\"https:\\\/\\\/international-funeral.com\\\/datenschutz\\\/\"]}]},{\"@type\":\"BreadcrumbList\",\"@id\":\"https:\\\/\\\/international-funeral.com\\\/datenschutz\\\/#breadcrumb\",\"itemListElement\":[{\"@type\":\"ListItem\",\"position\":1,\"name\":\"Startseite\",\"item\":\"https:\\\/\\\/international-funeral.com\\\/\"},{\"@type\":\"ListItem\",\"position\":2,\"name\":\"Datenschutz\"}]},{\"@type\":\"WebSite\",\"@id\":\"https:\\\/\\\/international-funeral.com\\\/#website\",\"url\":\"https:\\\/\\\/international-funeral.com\\\/\",\"name\":\"international-funeral.com\",\"description\":\"Pompes Fun\u00e9bres |\u00a0Funeral Home | Wordwide Transfers\",\"publisher\":{\"@id\":\"https:\\\/\\\/international-funeral.com\\\/#organization\"},\"potentialAction\":[{\"@type\":\"SearchAction\",\"target\":{\"@type\":\"EntryPoint\",\"urlTemplate\":\"https:\\\/\\\/international-funeral.com\\\/?s={search_term_string}\"},\"query-input\":{\"@type\":\"PropertyValueSpecification\",\"valueRequired\":true,\"valueName\":\"search_term_string\"}}],\"inLanguage\":\"es\"},{\"@type\":\"Organization\",\"@id\":\"https:\\\/\\\/international-funeral.com\\\/#organization\",\"name\":\"international-funeral.com\",\"url\":\"https:\\\/\\\/international-funeral.com\\\/\",\"logo\":{\"@type\":\"ImageObject\",\"inLanguage\":\"es\",\"@id\":\"https:\\\/\\\/international-funeral.com\\\/#\\\/schema\\\/logo\\\/image\\\/\",\"url\":\"https:\\\/\\\/international-funeral.com\\\/wp-content\\\/uploads\\\/2025\\\/05\\\/if_logo_pos.png\",\"contentUrl\":\"https:\\\/\\\/international-funeral.com\\\/wp-content\\\/uploads\\\/2025\\\/05\\\/if_logo_pos.png\",\"width\":1890,\"height\":543,\"caption\":\"international-funeral.com\"},\"image\":{\"@id\":\"https:\\\/\\\/international-funeral.com\\\/#\\\/schema\\\/logo\\\/image\\\/\"}}]}<\/script>\n<!-- \/ Yoast SEO plugin. -->","yoast_head_json":{"title":"Pol\u00edtica de privacidad | Conformidad con la DSGVO | Funerales internacionales","description":"Descubra c\u00f3mo protegemos sus datos: Pol\u00edtica de privacidad transparente y conforme con el GDPR para los visitantes de international-funeral.com.","robots":{"index":"index","follow":"follow","max-snippet":"max-snippet:-1","max-image-preview":"max-image-preview:large","max-video-preview":"max-video-preview:-1"},"canonical":"https:\/\/international-funeral.com\/es\/proteccion-de-datos\/","og_locale":"es_ES","og_type":"article","og_title":"Datenschutzerkl\u00e4rung | DSGVO-konform | International Funeral","og_description":"Erfahren Sie, wie wir Ihre Daten sch\u00fctzen: Transparente, DSGVO-konforme Datenschutzerkl\u00e4rung f\u00fcr Besucher von international-funeral.com.","og_url":"https:\/\/international-funeral.com\/es\/proteccion-de-datos\/","og_site_name":"international-funeral.com","article_modified_time":"2025-05-23T12:08:52+00:00","twitter_card":"summary_large_image","twitter_misc":{"Tiempo de lectura":"9 minutos"},"schema":{"@context":"https:\/\/schema.org","@graph":[{"@type":"WebPage","@id":"https:\/\/international-funeral.com\/datenschutz\/","url":"https:\/\/international-funeral.com\/datenschutz\/","name":"Pol\u00edtica de privacidad | Conformidad con la DSGVO | Funerales internacionales","isPartOf":{"@id":"https:\/\/international-funeral.com\/#website"},"datePublished":"2023-12-19T09:16:07+00:00","dateModified":"2025-05-23T12:08:52+00:00","description":"Descubra c\u00f3mo protegemos sus datos: Pol\u00edtica de privacidad transparente y conforme con el GDPR para los visitantes de international-funeral.com.","breadcrumb":{"@id":"https:\/\/international-funeral.com\/datenschutz\/#breadcrumb"},"inLanguage":"es","potentialAction":[{"@type":"ReadAction","target":["https:\/\/international-funeral.com\/datenschutz\/"]}]},{"@type":"BreadcrumbList","@id":"https:\/\/international-funeral.com\/datenschutz\/#breadcrumb","itemListElement":[{"@type":"ListItem","position":1,"name":"Startseite","item":"https:\/\/international-funeral.com\/"},{"@type":"ListItem","position":2,"name":"Datenschutz"}]},{"@type":"WebSite","@id":"https:\/\/international-funeral.com\/#website","url":"https:\/\/international-funeral.com\/","name":"international-funeral.com","description":"Pompes Fun\u00e9bres | Funeraria | Traslados internacionales","publisher":{"@id":"https:\/\/international-funeral.com\/#organization"},"potentialAction":[{"@type":"SearchAction","target":{"@type":"EntryPoint","urlTemplate":"https:\/\/international-funeral.com\/?s={search_term_string}"},"query-input":{"@type":"PropertyValueSpecification","valueRequired":true,"valueName":"search_term_string"}}],"inLanguage":"es"},{"@type":"Organization","@id":"https:\/\/international-funeral.com\/#organization","name":"international-funeral.com","url":"https:\/\/international-funeral.com\/","logo":{"@type":"ImageObject","inLanguage":"es","@id":"https:\/\/international-funeral.com\/#\/schema\/logo\/image\/","url":"https:\/\/international-funeral.com\/wp-content\/uploads\/2025\/05\/if_logo_pos.png","contentUrl":"https:\/\/international-funeral.com\/wp-content\/uploads\/2025\/05\/if_logo_pos.png","width":1890,"height":543,"caption":"international-funeral.com"},"image":{"@id":"https:\/\/international-funeral.com\/#\/schema\/logo\/image\/"}}]}},"_links":{"self":[{"href":"https:\/\/international-funeral.com\/es\/wp-json\/wp\/v2\/pages\/3","targetHints":{"allow":["GET"]}}],"collection":[{"href":"https:\/\/international-funeral.com\/es\/wp-json\/wp\/v2\/pages"}],"about":[{"href":"https:\/\/international-funeral.com\/es\/wp-json\/wp\/v2\/types\/page"}],"author":[{"embeddable":true,"href":"https:\/\/international-funeral.com\/es\/wp-json\/wp\/v2\/users\/1"}],"replies":[{"embeddable":true,"href":"https:\/\/international-funeral.com\/es\/wp-json\/wp\/v2\/comments?post=3"}],"version-history":[{"count":9,"href":"https:\/\/international-funeral.com\/es\/wp-json\/wp\/v2\/pages\/3\/revisions"}],"predecessor-version":[{"id":1397,"href":"https:\/\/international-funeral.com\/es\/wp-json\/wp\/v2\/pages\/3\/revisions\/1397"}],"wp:attachment":[{"href":"https:\/\/international-funeral.com\/es\/wp-json\/wp\/v2\/media?parent=3"}],"curies":[{"name":"wp","href":"https:\/\/api.w.org\/{rel}","templated":true}]}}