{"id":2783,"date":"2025-04-17T09:30:25","date_gmt":"2025-04-17T07:30:25","guid":{"rendered":"https:\/\/international-funeral.com\/?page_id=2783"},"modified":"2025-05-23T14:01:42","modified_gmt":"2025-05-23T12:01:42","slug":"cuenta-de-garantia-bloqueada","status":"publish","type":"page","link":"https:\/\/international-funeral.com\/es\/treuhandkonto\/","title":{"rendered":"Cuenta bloqueada"},"content":{"rendered":"<div data-elementor-type=\"wp-page\" data-elementor-id=\"2783\" class=\"elementor elementor-2783\" data-elementor-post-type=\"page\">\n\t\t\t\t<div class=\"elementor-element elementor-element-88d7a42 e-flex e-con-boxed e-con e-parent\" data-id=\"88d7a42\" data-element_type=\"container\" data-e-type=\"container\">\n\t\t\t\t\t<div class=\"e-con-inner\">\n\t\t\t\t<div class=\"elementor-element elementor-element-d641c81 elementor-widget elementor-widget-text-editor\" data-id=\"d641c81\" data-element_type=\"widget\" data-e-type=\"widget\" data-widget_type=\"text-editor.default\">\n\t\t\t\t<div class=\"elementor-widget-container\">\n\t\t\t\t\t\t\t\t\t<h1 data-start=\"172\" data-end=\"241\">Pago seguro con cuenta de garant\u00eda bloqueada para transferencias internacionales<\/h1><p class=\"\" data-start=\"243\" data-end=\"653\">La confianza es crucial para las transferencias internacionales, especialmente cuando se trata de procesamiento financiero. Por eso le ofrecemos la opci\u00f3n de procesar los pagos de forma segura y transparente a trav\u00e9s de una cuenta fiduciaria. Esta cuenta sirve exclusivamente para asegurar sus costes de transferencia y garantiza que todos los servicios se lleven a cabo seg\u00fan lo acordado: de forma discreta, transparente y conforme a la ley.<\/p><h2 data-start=\"655\" data-end=\"712\">Transparencia y confianza para las familias en duelo de todo el mundo<\/h2><p class=\"\" data-start=\"714\" data-end=\"1188\">Una cuenta de garant\u00eda bloqueada no s\u00f3lo protege su pago, sino que tambi\u00e9n crea claridad para todas las partes implicadas. Una estructura financiera segura es especialmente importante para las transferencias internacionales que implican retos diplom\u00e1ticos, log\u00edsticos y culturales. Con nuestro servicio de custodia, garantizamos que todos los fondos se utilicen para el fin previsto: por ejemplo, para tasas consulares, transporte a\u00e9reo, despacho de aduanas o entierro en el pa\u00eds de destino.<\/p><h2 data-start=\"1190\" data-end=\"1240\">Sus ventajas con los funerales internacionales<\/h2><p class=\"\" data-start=\"1242\" data-end=\"1627\">Ya se trate de una repatriaci\u00f3n desde Europa, Asia, \u00c1frica o Am\u00e9rica, nuestro experimentado equipo se ocupar\u00e1 de todos los detalles. Al utilizar una cuenta fiduciaria, le ofrecemos la m\u00e1xima seguridad para todos los gastos de repatriaci\u00f3n. Esto le permite concentrarse en lo esencial en momentos de dolor, mientras nosotros nos ocupamos de los aspectos organizativos y financieros de forma fiable en un segundo plano.<\/p>\t\t\t\t\t\t\t\t<\/div>\n\t\t\t\t<\/div>\n\t\t\t\t\t<\/div>\n\t\t\t\t<\/div>\n\t\t\t\t<\/div>","protected":false},"excerpt":{"rendered":"<p>Sicher zahlen mit Treuhandkonto bei internationalen \u00dcberf\u00fchrungen Bei internationalen \u00dcberf\u00fchrungen ist Vertrauen entscheidend \u2013 besonders bei der finanziellen Abwicklung. Deshalb bieten wir Ihnen die M\u00f6glichkeit, Zahlungen sicher und nachvollziehbar \u00fcber ein Treuhandkonto abzuwickeln. Dieses Konto dient ausschlie\u00dflich der Absicherung Ihrer \u00dcberf\u00fchrungskosten und stellt sicher, dass alle Leistungen wie vereinbart ausgef\u00fchrt werden \u2013 diskret, transparent und [&hellip;]<\/p>\n","protected":false},"author":1,"featured_media":0,"parent":0,"menu_order":0,"comment_status":"closed","ping_status":"closed","template":"","meta":{"_acf_changed":false,"footnotes":""},"class_list":["post-2783","page","type-page","status-publish","hentry"],"acf":[],"yoast_head":"<!-- This site is optimized with the Yoast SEO plugin v27.5 - https:\/\/yoast.com\/product\/yoast-seo-wordpress\/ -->\n<title>Treuhandkonto f\u00fcr sichere \u00dcberf\u00fchrungen | International Funeral<\/title>\n<meta name=\"description\" content=\"Sichere Zahlung \u00fcber Treuhandkonto bei Auslands\u00fcberf\u00fchrungen \u2013 transparent, zweckgebunden &amp; diskret. Weltweit zuverl\u00e4ssig geregelt.\" \/>\n<meta name=\"robots\" content=\"index, follow, max-snippet:-1, max-image-preview:large, max-video-preview:-1\" \/>\n<link rel=\"canonical\" href=\"https:\/\/international-funeral.com\/es\/cuenta-de-garantia-bloqueada\/\" \/>\n<meta property=\"og:locale\" content=\"es_ES\" \/>\n<meta property=\"og:type\" content=\"article\" \/>\n<meta property=\"og:title\" content=\"Treuhandkonto f\u00fcr sichere \u00dcberf\u00fchrungen | International Funeral\" \/>\n<meta property=\"og:description\" content=\"Sichere Zahlung \u00fcber Treuhandkonto bei Auslands\u00fcberf\u00fchrungen \u2013 transparent, zweckgebunden &amp; diskret. Weltweit zuverl\u00e4ssig geregelt.\" \/>\n<meta property=\"og:url\" content=\"https:\/\/international-funeral.com\/es\/cuenta-de-garantia-bloqueada\/\" \/>\n<meta property=\"og:site_name\" content=\"international-funeral.com\" \/>\n<meta property=\"article:modified_time\" content=\"2025-05-23T12:01:42+00:00\" \/>\n<meta name=\"twitter:card\" content=\"summary_large_image\" \/>\n<meta name=\"twitter:label1\" content=\"Tiempo de lectura\" \/>\n\t<meta name=\"twitter:data1\" content=\"1 minuto\" \/>\n<script type=\"application\/ld+json\" class=\"yoast-schema-graph\">{\"@context\":\"https:\\\/\\\/schema.org\",\"@graph\":[{\"@type\":\"WebPage\",\"@id\":\"https:\\\/\\\/international-funeral.com\\\/treuhandkonto\\\/\",\"url\":\"https:\\\/\\\/international-funeral.com\\\/treuhandkonto\\\/\",\"name\":\"Treuhandkonto f\u00fcr sichere \u00dcberf\u00fchrungen | International Funeral\",\"isPartOf\":{\"@id\":\"https:\\\/\\\/international-funeral.com\\\/#website\"},\"datePublished\":\"2025-04-17T07:30:25+00:00\",\"dateModified\":\"2025-05-23T12:01:42+00:00\",\"description\":\"Sichere Zahlung \u00fcber Treuhandkonto bei Auslands\u00fcberf\u00fchrungen \u2013 transparent, zweckgebunden & diskret. Weltweit zuverl\u00e4ssig geregelt.\",\"breadcrumb\":{\"@id\":\"https:\\\/\\\/international-funeral.com\\\/treuhandkonto\\\/#breadcrumb\"},\"inLanguage\":\"es\",\"potentialAction\":[{\"@type\":\"ReadAction\",\"target\":[\"https:\\\/\\\/international-funeral.com\\\/treuhandkonto\\\/\"]}]},{\"@type\":\"BreadcrumbList\",\"@id\":\"https:\\\/\\\/international-funeral.com\\\/treuhandkonto\\\/#breadcrumb\",\"itemListElement\":[{\"@type\":\"ListItem\",\"position\":1,\"name\":\"Startseite\",\"item\":\"https:\\\/\\\/international-funeral.com\\\/\"},{\"@type\":\"ListItem\",\"position\":2,\"name\":\"Treuhandkonto\"}]},{\"@type\":\"WebSite\",\"@id\":\"https:\\\/\\\/international-funeral.com\\\/#website\",\"url\":\"https:\\\/\\\/international-funeral.com\\\/\",\"name\":\"international-funeral.com\",\"description\":\"Pompes Fun\u00e9bres |\u00a0Funeral Home | Wordwide Transfers\",\"publisher\":{\"@id\":\"https:\\\/\\\/international-funeral.com\\\/#organization\"},\"potentialAction\":[{\"@type\":\"SearchAction\",\"target\":{\"@type\":\"EntryPoint\",\"urlTemplate\":\"https:\\\/\\\/international-funeral.com\\\/?s={search_term_string}\"},\"query-input\":{\"@type\":\"PropertyValueSpecification\",\"valueRequired\":true,\"valueName\":\"search_term_string\"}}],\"inLanguage\":\"es\"},{\"@type\":\"Organization\",\"@id\":\"https:\\\/\\\/international-funeral.com\\\/#organization\",\"name\":\"international-funeral.com\",\"url\":\"https:\\\/\\\/international-funeral.com\\\/\",\"logo\":{\"@type\":\"ImageObject\",\"inLanguage\":\"es\",\"@id\":\"https:\\\/\\\/international-funeral.com\\\/#\\\/schema\\\/logo\\\/image\\\/\",\"url\":\"https:\\\/\\\/international-funeral.com\\\/wp-content\\\/uploads\\\/2025\\\/05\\\/if_logo_pos.png\",\"contentUrl\":\"https:\\\/\\\/international-funeral.com\\\/wp-content\\\/uploads\\\/2025\\\/05\\\/if_logo_pos.png\",\"width\":1890,\"height\":543,\"caption\":\"international-funeral.com\"},\"image\":{\"@id\":\"https:\\\/\\\/international-funeral.com\\\/#\\\/schema\\\/logo\\\/image\\\/\"}}]}<\/script>\n<!-- \/ Yoast SEO plugin. -->","yoast_head_json":{"title":"Cuenta fiduciaria para transferencias seguras | Funeral internacional","description":"Pago seguro a trav\u00e9s de una cuenta de garant\u00eda bloqueada para transferencias internacionales: transparentes, identificadas y discretas. Organizaci\u00f3n fiable en todo el mundo.","robots":{"index":"index","follow":"follow","max-snippet":"max-snippet:-1","max-image-preview":"max-image-preview:large","max-video-preview":"max-video-preview:-1"},"canonical":"https:\/\/international-funeral.com\/es\/cuenta-de-garantia-bloqueada\/","og_locale":"es_ES","og_type":"article","og_title":"Treuhandkonto f\u00fcr sichere \u00dcberf\u00fchrungen | International Funeral","og_description":"Sichere Zahlung \u00fcber Treuhandkonto bei Auslands\u00fcberf\u00fchrungen \u2013 transparent, zweckgebunden & diskret. Weltweit zuverl\u00e4ssig geregelt.","og_url":"https:\/\/international-funeral.com\/es\/cuenta-de-garantia-bloqueada\/","og_site_name":"international-funeral.com","article_modified_time":"2025-05-23T12:01:42+00:00","twitter_card":"summary_large_image","twitter_misc":{"Tiempo de lectura":"1 minuto"},"schema":{"@context":"https:\/\/schema.org","@graph":[{"@type":"WebPage","@id":"https:\/\/international-funeral.com\/treuhandkonto\/","url":"https:\/\/international-funeral.com\/treuhandkonto\/","name":"Cuenta fiduciaria para transferencias seguras | Funeral internacional","isPartOf":{"@id":"https:\/\/international-funeral.com\/#website"},"datePublished":"2025-04-17T07:30:25+00:00","dateModified":"2025-05-23T12:01:42+00:00","description":"Pago seguro a trav\u00e9s de una cuenta de garant\u00eda bloqueada para transferencias internacionales: transparentes, identificadas y discretas. Organizaci\u00f3n fiable en todo el mundo.","breadcrumb":{"@id":"https:\/\/international-funeral.com\/treuhandkonto\/#breadcrumb"},"inLanguage":"es","potentialAction":[{"@type":"ReadAction","target":["https:\/\/international-funeral.com\/treuhandkonto\/"]}]},{"@type":"BreadcrumbList","@id":"https:\/\/international-funeral.com\/treuhandkonto\/#breadcrumb","itemListElement":[{"@type":"ListItem","position":1,"name":"Startseite","item":"https:\/\/international-funeral.com\/"},{"@type":"ListItem","position":2,"name":"Treuhandkonto"}]},{"@type":"WebSite","@id":"https:\/\/international-funeral.com\/#website","url":"https:\/\/international-funeral.com\/","name":"international-funeral.com","description":"Pompes Fun\u00e9bres | Funeraria | Traslados internacionales","publisher":{"@id":"https:\/\/international-funeral.com\/#organization"},"potentialAction":[{"@type":"SearchAction","target":{"@type":"EntryPoint","urlTemplate":"https:\/\/international-funeral.com\/?s={search_term_string}"},"query-input":{"@type":"PropertyValueSpecification","valueRequired":true,"valueName":"search_term_string"}}],"inLanguage":"es"},{"@type":"Organization","@id":"https:\/\/international-funeral.com\/#organization","name":"international-funeral.com","url":"https:\/\/international-funeral.com\/","logo":{"@type":"ImageObject","inLanguage":"es","@id":"https:\/\/international-funeral.com\/#\/schema\/logo\/image\/","url":"https:\/\/international-funeral.com\/wp-content\/uploads\/2025\/05\/if_logo_pos.png","contentUrl":"https:\/\/international-funeral.com\/wp-content\/uploads\/2025\/05\/if_logo_pos.png","width":1890,"height":543,"caption":"international-funeral.com"},"image":{"@id":"https:\/\/international-funeral.com\/#\/schema\/logo\/image\/"}}]}},"_links":{"self":[{"href":"https:\/\/international-funeral.com\/es\/wp-json\/wp\/v2\/pages\/2783","targetHints":{"allow":["GET"]}}],"collection":[{"href":"https:\/\/international-funeral.com\/es\/wp-json\/wp\/v2\/pages"}],"about":[{"href":"https:\/\/international-funeral.com\/es\/wp-json\/wp\/v2\/types\/page"}],"author":[{"embeddable":true,"href":"https:\/\/international-funeral.com\/es\/wp-json\/wp\/v2\/users\/1"}],"replies":[{"embeddable":true,"href":"https:\/\/international-funeral.com\/es\/wp-json\/wp\/v2\/comments?post=2783"}],"version-history":[{"count":9,"href":"https:\/\/international-funeral.com\/es\/wp-json\/wp\/v2\/pages\/2783\/revisions"}],"predecessor-version":[{"id":3093,"href":"https:\/\/international-funeral.com\/es\/wp-json\/wp\/v2\/pages\/2783\/revisions\/3093"}],"wp:attachment":[{"href":"https:\/\/international-funeral.com\/es\/wp-json\/wp\/v2\/media?parent=2783"}],"curies":[{"name":"wp","href":"https:\/\/api.w.org\/{rel}","templated":true}]}}