{"id":2779,"date":"2025-04-17T09:28:13","date_gmt":"2025-04-17T07:28:13","guid":{"rendered":"https:\/\/international-funeral.com\/?page_id=2779"},"modified":"2025-05-23T14:02:26","modified_gmt":"2025-05-23T12:02:26","slug":"provision","status":"publish","type":"page","link":"https:\/\/international-funeral.com\/es\/vorsorge\/","title":{"rendered":"Precauci\u00f3n"},"content":{"rendered":"<div data-elementor-type=\"wp-page\" data-elementor-id=\"2779\" class=\"elementor elementor-2779\" data-elementor-post-type=\"page\">\n\t\t\t\t<div class=\"elementor-element elementor-element-7ba1980 e-flex e-con-boxed e-con e-parent\" data-id=\"7ba1980\" data-element_type=\"container\" data-e-type=\"container\">\n\t\t\t\t\t<div class=\"e-con-inner\">\n\t\t\t\t<div class=\"elementor-element elementor-element-39f6030 elementor-widget elementor-widget-text-editor\" data-id=\"39f6030\" data-element_type=\"widget\" data-e-type=\"widget\" data-widget_type=\"text-editor.default\">\n\t\t\t\t<div class=\"elementor-widget-container\">\n\t\t\t\t\t\t\t\t\t<h1 data-start=\"109\" data-end=\"189\">Servicios funerarios con una perspectiva internacional: pensar hoy en el ma\u00f1ana<\/h1><p class=\"\" data-start=\"191\" data-end=\"579\">La p\u00e9rdida de un ser querido es siempre estresante para los familiares, por lo que es a\u00fan m\u00e1s importante tomar disposiciones a tiempo. Con un plan funerario bien pensado, puede aliviar la carga emocional y financiera de su familia. Especialmente en el caso de repatriaciones internacionales, un acuerdo claro garantiza la fluidez de los tr\u00e1mites m\u00e1s all\u00e1 de las fronteras nacionales, desde el transporte hasta el entierro en el pa\u00eds de origen.<\/p><h2 data-start=\"581\" data-end=\"639\">Sus deseos, claramente regulados, incluso a trav\u00e9s de las fronteras<\/h2><p class=\"\" data-start=\"641\" data-end=\"1154\">Independientemente de si desea ser repatriado a Alemania o est\u00e1 planeando un funeral en otro pa\u00eds - con un acuerdo cautelar puede asegurar sus deseos individuales de manera vinculante. Le asesoraremos sobre todas las opciones: Entierro o incineraci\u00f3n, repatriaci\u00f3n a todo el mundo, particularidades culturales y normativas legales en el extranjero. Sus deseos quedan documentados y se cumplen de forma fiable en caso de emergencia, incluida la seguridad financiera mediante una cuenta de jubilaci\u00f3n independiente o una soluci\u00f3n fiduciaria.<\/p><h2 data-start=\"1156\" data-end=\"1215\">Pensiones internacionales: personales, seguras y completas<\/h2><p class=\"\" data-start=\"1217\" data-end=\"1642\">Como proveedor experimentado de servicios funerarios en todo el mundo, le acompa\u00f1amos en todo momento en la planificaci\u00f3n de su pensi\u00f3n. Nos tomamos el tiempo necesario para responder a sus preguntas, explicarle claramente todas las opciones y elaborar con usted un plan de pensiones a medida. Para que pueda estar seguro: Incluso en el extranjero, todo se organizar\u00e1 como usted desea: de forma respetuosa, fiable y sin sobrecargar a sus seres queridos.<\/p>\t\t\t\t\t\t\t\t<\/div>\n\t\t\t\t<\/div>\n\t\t\t\t\t<\/div>\n\t\t\t\t<\/div>\n\t\t\t\t<\/div>","protected":false},"excerpt":{"rendered":"<p>Bestattungsvorsorge mit internationalem Blick \u2013 heute schon an morgen denken Der Verlust eines geliebten Menschen ist f\u00fcr Angeh\u00f6rige immer belastend \u2013 umso wichtiger ist es, rechtzeitig vorzusorgen. Mit einer durchdachten Bestattungsvorsorge entlasten Sie Ihre Familie emotional wie finanziell. Besonders bei internationalen \u00dcberf\u00fchrungen sorgt eine klare Regelung f\u00fcr reibungslose Abl\u00e4ufe \u00fcber L\u00e4ndergrenzen hinweg \u2013 vom Transport [&hellip;]<\/p>\n","protected":false},"author":1,"featured_media":0,"parent":0,"menu_order":0,"comment_status":"closed","ping_status":"closed","template":"","meta":{"_acf_changed":false,"footnotes":""},"class_list":["post-2779","page","type-page","status-publish","hentry"],"acf":[],"yoast_head":"<!-- This site is optimized with the Yoast SEO plugin v27.5 - https:\/\/yoast.com\/product\/yoast-seo-wordpress\/ -->\n<title>Bestattungsvorsorge international planen | Sicher &amp; individuell<\/title>\n<meta name=\"description\" content=\"Internationale Bestattungsvorsorge: Pers\u00f6nlich, rechtssicher &amp; \u00fcber Grenzen hinweg \u2013 f\u00fcr einen geregelten Abschied nach Ihren W\u00fcnschen.\" \/>\n<meta name=\"robots\" content=\"index, follow, max-snippet:-1, max-image-preview:large, max-video-preview:-1\" \/>\n<link rel=\"canonical\" href=\"https:\/\/international-funeral.com\/es\/provision\/\" \/>\n<meta property=\"og:locale\" content=\"es_ES\" \/>\n<meta property=\"og:type\" content=\"article\" \/>\n<meta property=\"og:title\" content=\"Bestattungsvorsorge international planen | Sicher &amp; individuell\" \/>\n<meta property=\"og:description\" content=\"Internationale Bestattungsvorsorge: Pers\u00f6nlich, rechtssicher &amp; \u00fcber Grenzen hinweg \u2013 f\u00fcr einen geregelten Abschied nach Ihren W\u00fcnschen.\" \/>\n<meta property=\"og:url\" content=\"https:\/\/international-funeral.com\/es\/provision\/\" \/>\n<meta property=\"og:site_name\" content=\"international-funeral.com\" \/>\n<meta property=\"article:modified_time\" content=\"2025-05-23T12:02:26+00:00\" \/>\n<meta name=\"twitter:card\" content=\"summary_large_image\" \/>\n<meta name=\"twitter:label1\" content=\"Tiempo de lectura\" \/>\n\t<meta name=\"twitter:data1\" content=\"2 minutos\" \/>\n<script type=\"application\/ld+json\" class=\"yoast-schema-graph\">{\"@context\":\"https:\\\/\\\/schema.org\",\"@graph\":[{\"@type\":\"WebPage\",\"@id\":\"https:\\\/\\\/international-funeral.com\\\/vorsorge\\\/\",\"url\":\"https:\\\/\\\/international-funeral.com\\\/vorsorge\\\/\",\"name\":\"Bestattungsvorsorge international planen | Sicher & individuell\",\"isPartOf\":{\"@id\":\"https:\\\/\\\/international-funeral.com\\\/#website\"},\"datePublished\":\"2025-04-17T07:28:13+00:00\",\"dateModified\":\"2025-05-23T12:02:26+00:00\",\"description\":\"Internationale Bestattungsvorsorge: Pers\u00f6nlich, rechtssicher & \u00fcber Grenzen hinweg \u2013 f\u00fcr einen geregelten Abschied nach Ihren W\u00fcnschen.\",\"breadcrumb\":{\"@id\":\"https:\\\/\\\/international-funeral.com\\\/vorsorge\\\/#breadcrumb\"},\"inLanguage\":\"es\",\"potentialAction\":[{\"@type\":\"ReadAction\",\"target\":[\"https:\\\/\\\/international-funeral.com\\\/vorsorge\\\/\"]}]},{\"@type\":\"BreadcrumbList\",\"@id\":\"https:\\\/\\\/international-funeral.com\\\/vorsorge\\\/#breadcrumb\",\"itemListElement\":[{\"@type\":\"ListItem\",\"position\":1,\"name\":\"Startseite\",\"item\":\"https:\\\/\\\/international-funeral.com\\\/\"},{\"@type\":\"ListItem\",\"position\":2,\"name\":\"Vorsorge\"}]},{\"@type\":\"WebSite\",\"@id\":\"https:\\\/\\\/international-funeral.com\\\/#website\",\"url\":\"https:\\\/\\\/international-funeral.com\\\/\",\"name\":\"international-funeral.com\",\"description\":\"Pompes Fun\u00e9bres |\u00a0Funeral Home | Wordwide Transfers\",\"publisher\":{\"@id\":\"https:\\\/\\\/international-funeral.com\\\/#organization\"},\"potentialAction\":[{\"@type\":\"SearchAction\",\"target\":{\"@type\":\"EntryPoint\",\"urlTemplate\":\"https:\\\/\\\/international-funeral.com\\\/?s={search_term_string}\"},\"query-input\":{\"@type\":\"PropertyValueSpecification\",\"valueRequired\":true,\"valueName\":\"search_term_string\"}}],\"inLanguage\":\"es\"},{\"@type\":\"Organization\",\"@id\":\"https:\\\/\\\/international-funeral.com\\\/#organization\",\"name\":\"international-funeral.com\",\"url\":\"https:\\\/\\\/international-funeral.com\\\/\",\"logo\":{\"@type\":\"ImageObject\",\"inLanguage\":\"es\",\"@id\":\"https:\\\/\\\/international-funeral.com\\\/#\\\/schema\\\/logo\\\/image\\\/\",\"url\":\"https:\\\/\\\/international-funeral.com\\\/wp-content\\\/uploads\\\/2025\\\/05\\\/if_logo_pos.png\",\"contentUrl\":\"https:\\\/\\\/international-funeral.com\\\/wp-content\\\/uploads\\\/2025\\\/05\\\/if_logo_pos.png\",\"width\":1890,\"height\":543,\"caption\":\"international-funeral.com\"},\"image\":{\"@id\":\"https:\\\/\\\/international-funeral.com\\\/#\\\/schema\\\/logo\\\/image\\\/\"}}]}<\/script>\n<!-- \/ Yoast SEO plugin. -->","yoast_head_json":{"title":"Planificar las disposiciones funerarias a nivel internacional | Seguro e individual","description":"Asistencia funeraria internacional: personalizada, conforme a la ley y transfronteriza, para una despedida ordenada seg\u00fan sus deseos.","robots":{"index":"index","follow":"follow","max-snippet":"max-snippet:-1","max-image-preview":"max-image-preview:large","max-video-preview":"max-video-preview:-1"},"canonical":"https:\/\/international-funeral.com\/es\/provision\/","og_locale":"es_ES","og_type":"article","og_title":"Bestattungsvorsorge international planen | Sicher & individuell","og_description":"Internationale Bestattungsvorsorge: Pers\u00f6nlich, rechtssicher & \u00fcber Grenzen hinweg \u2013 f\u00fcr einen geregelten Abschied nach Ihren W\u00fcnschen.","og_url":"https:\/\/international-funeral.com\/es\/provision\/","og_site_name":"international-funeral.com","article_modified_time":"2025-05-23T12:02:26+00:00","twitter_card":"summary_large_image","twitter_misc":{"Tiempo de lectura":"2 minutos"},"schema":{"@context":"https:\/\/schema.org","@graph":[{"@type":"WebPage","@id":"https:\/\/international-funeral.com\/vorsorge\/","url":"https:\/\/international-funeral.com\/vorsorge\/","name":"Planificar las disposiciones funerarias a nivel internacional | Seguro e individual","isPartOf":{"@id":"https:\/\/international-funeral.com\/#website"},"datePublished":"2025-04-17T07:28:13+00:00","dateModified":"2025-05-23T12:02:26+00:00","description":"Asistencia funeraria internacional: personalizada, conforme a la ley y transfronteriza, para una despedida ordenada seg\u00fan sus deseos.","breadcrumb":{"@id":"https:\/\/international-funeral.com\/vorsorge\/#breadcrumb"},"inLanguage":"es","potentialAction":[{"@type":"ReadAction","target":["https:\/\/international-funeral.com\/vorsorge\/"]}]},{"@type":"BreadcrumbList","@id":"https:\/\/international-funeral.com\/vorsorge\/#breadcrumb","itemListElement":[{"@type":"ListItem","position":1,"name":"Startseite","item":"https:\/\/international-funeral.com\/"},{"@type":"ListItem","position":2,"name":"Vorsorge"}]},{"@type":"WebSite","@id":"https:\/\/international-funeral.com\/#website","url":"https:\/\/international-funeral.com\/","name":"international-funeral.com","description":"Pompes Fun\u00e9bres | Funeraria | Traslados internacionales","publisher":{"@id":"https:\/\/international-funeral.com\/#organization"},"potentialAction":[{"@type":"SearchAction","target":{"@type":"EntryPoint","urlTemplate":"https:\/\/international-funeral.com\/?s={search_term_string}"},"query-input":{"@type":"PropertyValueSpecification","valueRequired":true,"valueName":"search_term_string"}}],"inLanguage":"es"},{"@type":"Organization","@id":"https:\/\/international-funeral.com\/#organization","name":"international-funeral.com","url":"https:\/\/international-funeral.com\/","logo":{"@type":"ImageObject","inLanguage":"es","@id":"https:\/\/international-funeral.com\/#\/schema\/logo\/image\/","url":"https:\/\/international-funeral.com\/wp-content\/uploads\/2025\/05\/if_logo_pos.png","contentUrl":"https:\/\/international-funeral.com\/wp-content\/uploads\/2025\/05\/if_logo_pos.png","width":1890,"height":543,"caption":"international-funeral.com"},"image":{"@id":"https:\/\/international-funeral.com\/#\/schema\/logo\/image\/"}}]}},"_links":{"self":[{"href":"https:\/\/international-funeral.com\/es\/wp-json\/wp\/v2\/pages\/2779","targetHints":{"allow":["GET"]}}],"collection":[{"href":"https:\/\/international-funeral.com\/es\/wp-json\/wp\/v2\/pages"}],"about":[{"href":"https:\/\/international-funeral.com\/es\/wp-json\/wp\/v2\/types\/page"}],"author":[{"embeddable":true,"href":"https:\/\/international-funeral.com\/es\/wp-json\/wp\/v2\/users\/1"}],"replies":[{"embeddable":true,"href":"https:\/\/international-funeral.com\/es\/wp-json\/wp\/v2\/comments?post=2779"}],"version-history":[{"count":6,"href":"https:\/\/international-funeral.com\/es\/wp-json\/wp\/v2\/pages\/2779\/revisions"}],"predecessor-version":[{"id":3095,"href":"https:\/\/international-funeral.com\/es\/wp-json\/wp\/v2\/pages\/2779\/revisions\/3095"}],"wp:attachment":[{"href":"https:\/\/international-funeral.com\/es\/wp-json\/wp\/v2\/media?parent=2779"}],"curies":[{"name":"wp","href":"https:\/\/api.w.org\/{rel}","templated":true}]}}