{"id":2759,"date":"2025-04-16T22:50:12","date_gmt":"2025-04-16T20:50:12","guid":{"rendered":"https:\/\/international-funeral.com\/?page_id=2759"},"modified":"2025-05-23T13:59:48","modified_gmt":"2025-05-23T11:59:48","slug":"tramites-de-asesoramiento","status":"publish","type":"page","link":"https:\/\/international-funeral.com\/es\/beratung-formalitaeten\/","title":{"rendered":"Asesoramiento y tr\u00e1mites"},"content":{"rendered":"<p>&nbsp;<\/p>\n<h1>Asesoramiento y tr\u00e1mites completos: todos los documentos de un mismo proveedor<\/h1>\n<p>En caso de fallecimiento en el extranjero o de repatriaci\u00f3n prevista a su pa\u00eds de origen, se necesitan innumerables documentos. Ya sea <strong>Certificado de defunci\u00f3n<\/strong>, pasaportes mortuorios, autorizaciones internacionales, certificados m\u00e9dicos o traducciones: Nosotros de <strong>Funerales internacionales<\/strong> cuidar de todos <strong>Formalidades de la transferencia internacional<\/strong>. Nuestro equipo conoce los requisitos espec\u00edficos de cada pa\u00eds y garantiza un proceso fluido, independientemente de si la transferencia se realiza dentro de Europa o entre continentes.<\/p>\n<p>Conocemos los requisitos legales vigentes y mantenemos contacto directo con consulados, embajadas, autoridades sanitarias y compa\u00f1\u00edas a\u00e9reas. No tiene que preocuparse de tratar con las autoridades ni de rellenar formularios de solicitud: nosotros nos encargamos de ello por usted, de forma fiable y discreta. La gesti\u00f3n profesional de los tr\u00e1mites necesarios es especialmente importante en estos momentos estresantes para evitar retrasos innecesarios.<\/p>\n<h2>Asesoramiento multiling\u00fce para funerales internacionales<\/h2>\n<p>Nuestro equipo le acompa\u00f1ar\u00e1 en su lengua materna: Si <strong>Alem\u00e1n, ingl\u00e9s, franc\u00e9s o espa\u00f1ol<\/strong> - Hablamos su idioma y le ayudamos a comprender toda la informaci\u00f3n necesaria y a tomar las decisiones correctas. Desde el primer contacto hasta la entrega final del difunto al lugar de enterramiento o a la familia, estamos siempre a su disposici\u00f3n. Nuestros asesores son emp\u00e1ticos, tienen sensibilidad cultural y est\u00e1n especializados en casos internacionales.<\/p>\n<p>Le ofrecemos un apoyo integral, incluso en casos complejos con varios pa\u00edses o autoridades implicados. Independientemente de si se trata de un <strong>Reserva de vuelos de repatriaci\u00f3n<\/strong> hay que solicitar documentos al extranjero o se necesitan traducciones adicionales: Le ofrecemos todos los servicios de una sola mano. Conf\u00ede en nuestros muchos a\u00f1os de experiencia y conc\u00e9ntrese en lo esencial: nosotros nos ocupamos del resto.<\/p>\n<h2>Su alivio en los momentos dif\u00edciles: fiabilidad y profesionalidad<\/h2>\n<p>Nuestro objetivo es ofrecer a los familiares el mayor alivio posible en un duelo internacional. Como equipo con experiencia en repatriaciones a todo el mundo, garantizamos un proceso organizado, digno y r\u00e1pido. Con nuestra ayuda, la repatriaci\u00f3n internacional de una persona fallecida no se convierte en una carga adicional, sino en una despedida respetuosa.<\/p>","protected":false},"excerpt":{"rendered":"<p>&nbsp; Komplette Beratung &amp; Formalit\u00e4ten \u2013 alle Unterlagen aus einer Hand Bei einem Todesfall im Ausland oder einer geplanten R\u00fcckf\u00fchrung ins Heimatland sind unz\u00e4hlige Dokumente erforderlich. Ob Sterbeurkunde, Leichenpass, internationale Genehmigungen, \u00e4rztliche Bescheinigungen oder \u00dcbersetzungen: Wir von International Funeral k\u00fcmmern uns um alle Formalit\u00e4ten rund um die internationale \u00dcberf\u00fchrung. Unser Team kennt die l\u00e4nderspezifischen Anforderungen [&hellip;]<\/p>\n","protected":false},"author":1,"featured_media":0,"parent":0,"menu_order":0,"comment_status":"closed","ping_status":"closed","template":"","meta":{"_acf_changed":false,"footnotes":""},"class_list":["post-2759","page","type-page","status-publish","hentry"],"acf":[],"yoast_head":"<!-- This site is optimized with the Yoast SEO plugin v27.5 - https:\/\/yoast.com\/product\/yoast-seo-wordpress\/ -->\n<title>Beratung &amp; Formalit\u00e4ten bei R\u00fcckf\u00fchrungen | International Funeral<\/title>\n<meta name=\"description\" content=\"Komplette Organisation der \u00dcberf\u00fchrung im Todesfall: Sterbeurkunden, Flugbuchung &amp; mehr. Pers\u00f6nliche, mehrsprachige Beratung weltweit.\" \/>\n<meta name=\"robots\" content=\"index, follow, max-snippet:-1, max-image-preview:large, max-video-preview:-1\" \/>\n<link rel=\"canonical\" href=\"https:\/\/international-funeral.com\/es\/tramites-de-asesoramiento\/\" \/>\n<meta property=\"og:locale\" content=\"es_ES\" \/>\n<meta property=\"og:type\" content=\"article\" \/>\n<meta property=\"og:title\" content=\"Beratung &amp; Formalit\u00e4ten bei R\u00fcckf\u00fchrungen | International Funeral\" \/>\n<meta property=\"og:description\" content=\"Komplette Organisation der \u00dcberf\u00fchrung im Todesfall: Sterbeurkunden, Flugbuchung &amp; mehr. Pers\u00f6nliche, mehrsprachige Beratung weltweit.\" \/>\n<meta property=\"og:url\" content=\"https:\/\/international-funeral.com\/es\/tramites-de-asesoramiento\/\" \/>\n<meta property=\"og:site_name\" content=\"international-funeral.com\" \/>\n<meta property=\"article:modified_time\" content=\"2025-05-23T11:59:48+00:00\" \/>\n<meta name=\"twitter:card\" content=\"summary_large_image\" \/>\n<meta name=\"twitter:label1\" content=\"Tiempo de lectura\" \/>\n\t<meta name=\"twitter:data1\" content=\"2 minutos\" \/>\n<script type=\"application\/ld+json\" class=\"yoast-schema-graph\">{\"@context\":\"https:\\\/\\\/schema.org\",\"@graph\":[{\"@type\":\"WebPage\",\"@id\":\"https:\\\/\\\/international-funeral.com\\\/beratung-formalitaeten\\\/\",\"url\":\"https:\\\/\\\/international-funeral.com\\\/beratung-formalitaeten\\\/\",\"name\":\"Beratung & Formalit\u00e4ten bei R\u00fcckf\u00fchrungen | International Funeral\",\"isPartOf\":{\"@id\":\"https:\\\/\\\/international-funeral.com\\\/#website\"},\"datePublished\":\"2025-04-16T20:50:12+00:00\",\"dateModified\":\"2025-05-23T11:59:48+00:00\",\"description\":\"Komplette Organisation der \u00dcberf\u00fchrung im Todesfall: Sterbeurkunden, Flugbuchung & mehr. Pers\u00f6nliche, mehrsprachige Beratung weltweit.\",\"breadcrumb\":{\"@id\":\"https:\\\/\\\/international-funeral.com\\\/beratung-formalitaeten\\\/#breadcrumb\"},\"inLanguage\":\"es\",\"potentialAction\":[{\"@type\":\"ReadAction\",\"target\":[\"https:\\\/\\\/international-funeral.com\\\/beratung-formalitaeten\\\/\"]}]},{\"@type\":\"BreadcrumbList\",\"@id\":\"https:\\\/\\\/international-funeral.com\\\/beratung-formalitaeten\\\/#breadcrumb\",\"itemListElement\":[{\"@type\":\"ListItem\",\"position\":1,\"name\":\"Startseite\",\"item\":\"https:\\\/\\\/international-funeral.com\\\/\"},{\"@type\":\"ListItem\",\"position\":2,\"name\":\"Beratung &#038; Formalit\u00e4ten\"}]},{\"@type\":\"WebSite\",\"@id\":\"https:\\\/\\\/international-funeral.com\\\/#website\",\"url\":\"https:\\\/\\\/international-funeral.com\\\/\",\"name\":\"international-funeral.com\",\"description\":\"Pompes Fun\u00e9bres |\u00a0Funeral Home | Wordwide Transfers\",\"publisher\":{\"@id\":\"https:\\\/\\\/international-funeral.com\\\/#organization\"},\"potentialAction\":[{\"@type\":\"SearchAction\",\"target\":{\"@type\":\"EntryPoint\",\"urlTemplate\":\"https:\\\/\\\/international-funeral.com\\\/?s={search_term_string}\"},\"query-input\":{\"@type\":\"PropertyValueSpecification\",\"valueRequired\":true,\"valueName\":\"search_term_string\"}}],\"inLanguage\":\"es\"},{\"@type\":\"Organization\",\"@id\":\"https:\\\/\\\/international-funeral.com\\\/#organization\",\"name\":\"international-funeral.com\",\"url\":\"https:\\\/\\\/international-funeral.com\\\/\",\"logo\":{\"@type\":\"ImageObject\",\"inLanguage\":\"es\",\"@id\":\"https:\\\/\\\/international-funeral.com\\\/#\\\/schema\\\/logo\\\/image\\\/\",\"url\":\"https:\\\/\\\/international-funeral.com\\\/wp-content\\\/uploads\\\/2025\\\/05\\\/if_logo_pos.png\",\"contentUrl\":\"https:\\\/\\\/international-funeral.com\\\/wp-content\\\/uploads\\\/2025\\\/05\\\/if_logo_pos.png\",\"width\":1890,\"height\":543,\"caption\":\"international-funeral.com\"},\"image\":{\"@id\":\"https:\\\/\\\/international-funeral.com\\\/#\\\/schema\\\/logo\\\/image\\\/\"}}]}<\/script>\n<!-- \/ Yoast SEO plugin. -->","yoast_head_json":{"title":"Consejos y tr\u00e1mites para repatriaciones | Funeral internacional","description":"Organizaci\u00f3n completa de la repatriaci\u00f3n en caso de fallecimiento: certificados de defunci\u00f3n, reservas de vuelos, etc. Asesoramiento personalizado y multiling\u00fce en todo el mundo.","robots":{"index":"index","follow":"follow","max-snippet":"max-snippet:-1","max-image-preview":"max-image-preview:large","max-video-preview":"max-video-preview:-1"},"canonical":"https:\/\/international-funeral.com\/es\/tramites-de-asesoramiento\/","og_locale":"es_ES","og_type":"article","og_title":"Beratung & Formalit\u00e4ten bei R\u00fcckf\u00fchrungen | International Funeral","og_description":"Komplette Organisation der \u00dcberf\u00fchrung im Todesfall: Sterbeurkunden, Flugbuchung & mehr. Pers\u00f6nliche, mehrsprachige Beratung weltweit.","og_url":"https:\/\/international-funeral.com\/es\/tramites-de-asesoramiento\/","og_site_name":"international-funeral.com","article_modified_time":"2025-05-23T11:59:48+00:00","twitter_card":"summary_large_image","twitter_misc":{"Tiempo de lectura":"2 minutos"},"schema":{"@context":"https:\/\/schema.org","@graph":[{"@type":"WebPage","@id":"https:\/\/international-funeral.com\/beratung-formalitaeten\/","url":"https:\/\/international-funeral.com\/beratung-formalitaeten\/","name":"Consejos y tr\u00e1mites para repatriaciones | Funeral internacional","isPartOf":{"@id":"https:\/\/international-funeral.com\/#website"},"datePublished":"2025-04-16T20:50:12+00:00","dateModified":"2025-05-23T11:59:48+00:00","description":"Organizaci\u00f3n completa de la repatriaci\u00f3n en caso de fallecimiento: certificados de defunci\u00f3n, reservas de vuelos, etc. Asesoramiento personalizado y multiling\u00fce en todo el mundo.","breadcrumb":{"@id":"https:\/\/international-funeral.com\/beratung-formalitaeten\/#breadcrumb"},"inLanguage":"es","potentialAction":[{"@type":"ReadAction","target":["https:\/\/international-funeral.com\/beratung-formalitaeten\/"]}]},{"@type":"BreadcrumbList","@id":"https:\/\/international-funeral.com\/beratung-formalitaeten\/#breadcrumb","itemListElement":[{"@type":"ListItem","position":1,"name":"Startseite","item":"https:\/\/international-funeral.com\/"},{"@type":"ListItem","position":2,"name":"Beratung &#038; Formalit\u00e4ten"}]},{"@type":"WebSite","@id":"https:\/\/international-funeral.com\/#website","url":"https:\/\/international-funeral.com\/","name":"international-funeral.com","description":"Pompes Fun\u00e9bres | Funeraria | Traslados internacionales","publisher":{"@id":"https:\/\/international-funeral.com\/#organization"},"potentialAction":[{"@type":"SearchAction","target":{"@type":"EntryPoint","urlTemplate":"https:\/\/international-funeral.com\/?s={search_term_string}"},"query-input":{"@type":"PropertyValueSpecification","valueRequired":true,"valueName":"search_term_string"}}],"inLanguage":"es"},{"@type":"Organization","@id":"https:\/\/international-funeral.com\/#organization","name":"international-funeral.com","url":"https:\/\/international-funeral.com\/","logo":{"@type":"ImageObject","inLanguage":"es","@id":"https:\/\/international-funeral.com\/#\/schema\/logo\/image\/","url":"https:\/\/international-funeral.com\/wp-content\/uploads\/2025\/05\/if_logo_pos.png","contentUrl":"https:\/\/international-funeral.com\/wp-content\/uploads\/2025\/05\/if_logo_pos.png","width":1890,"height":543,"caption":"international-funeral.com"},"image":{"@id":"https:\/\/international-funeral.com\/#\/schema\/logo\/image\/"}}]}},"_links":{"self":[{"href":"https:\/\/international-funeral.com\/es\/wp-json\/wp\/v2\/pages\/2759","targetHints":{"allow":["GET"]}}],"collection":[{"href":"https:\/\/international-funeral.com\/es\/wp-json\/wp\/v2\/pages"}],"about":[{"href":"https:\/\/international-funeral.com\/es\/wp-json\/wp\/v2\/types\/page"}],"author":[{"embeddable":true,"href":"https:\/\/international-funeral.com\/es\/wp-json\/wp\/v2\/users\/1"}],"replies":[{"embeddable":true,"href":"https:\/\/international-funeral.com\/es\/wp-json\/wp\/v2\/comments?post=2759"}],"version-history":[{"count":2,"href":"https:\/\/international-funeral.com\/es\/wp-json\/wp\/v2\/pages\/2759\/revisions"}],"predecessor-version":[{"id":3090,"href":"https:\/\/international-funeral.com\/es\/wp-json\/wp\/v2\/pages\/2759\/revisions\/3090"}],"wp:attachment":[{"href":"https:\/\/international-funeral.com\/es\/wp-json\/wp\/v2\/media?parent=2759"}],"curies":[{"name":"wp","href":"https:\/\/api.w.org\/{rel}","templated":true}]}}