{"id":190,"date":"2023-12-19T17:14:24","date_gmt":"2023-12-19T16:14:24","guid":{"rendered":"https:\/\/international-funeral.com\/?page_id=190"},"modified":"2025-05-23T14:03:35","modified_gmt":"2025-05-23T12:03:35","slug":"oficina-de-bienestar-social","status":"publish","type":"page","link":"https:\/\/international-funeral.com\/es\/finanzielles\/sozialamt\/","title":{"rendered":"Oficina de asistencia social"},"content":{"rendered":"<h1><strong>Entierro social en Alemania: encontrar juntos el camino<\/strong><\/h1>\n<p>En los momentos de despedida y duelo, es importante encontrar juntos formas de preservar la dignidad del difunto y, al mismo tiempo, minimizar las cargas econ\u00f3micas. Un entierro social ofrece la oportunidad de reducir los costes funerarios y permitir al mismo tiempo una despedida respetuosa.<\/p>\n<p><strong>Juntos por un funeral digno<\/strong><\/p>\n<p>Comprendemos los retos financieros a los que se enfrentan muchas familias en momentos de p\u00e9rdida. Por eso, nuestro emp\u00e1tico equipo est\u00e1 aqu\u00ed para ayudarle en estos dif\u00edciles momentos y encontrar juntos soluciones. Ponerse en contacto con la oficina de distrito o de asistencia social pertinente y con nosotros en una fase temprana nos permite organizar el traslado del fallecido y aclarar los tr\u00e1mites.<\/p>\n<p><strong>Apoyo en tiempos dif\u00edciles<\/strong><\/p>\n<p>Nuestra misi\u00f3n es apoyarle en su duelo y ayudarle a organizar el funeral de su ser querido de acuerdo con sus posibilidades econ\u00f3micas. Le ofrecemos no s\u00f3lo servicios funerarios profesionales, sino tambi\u00e9n asesoramiento emp\u00e1tico y apoyo en todas las cuestiones organizativas.<\/p>\n<p><strong>Asesoramiento y apoyo compasivos<\/strong><\/p>\n<p>Nuestro equipo est\u00e1 a su lado con compasi\u00f3n y comprensi\u00f3n para guiarle en este dif\u00edcil proceso. Queremos ayudarle a organizar el funeral de su ser o seres queridos de forma digna y sin que ello suponga una carga para su situaci\u00f3n financiera. Sus necesidades y su bienestar est\u00e1n en el centro de todo lo que hacemos.<\/p>\n<p><strong>Encontrar juntos una soluci\u00f3n adecuada<\/strong><\/p>\n<p>P\u00f3ngase en contacto con nosotros hoy mismo para obtener m\u00e1s informaci\u00f3n sobre nuestros servicios y opciones de financiaci\u00f3n. Estamos aqu\u00ed para ayudarle y apoyarle en su duelo. Trabajemos juntos para organizar una despedida digna para su ser querido.<\/p>","protected":false},"excerpt":{"rendered":"<p>Sozialbestattung in Deutschland: Gemeinsam Wege finden In Momenten des Abschieds und der Trauer ist es wichtig, gemeinsam Wege zu finden, um die W\u00fcrde des Verstorbenen zu wahren und gleichzeitig finanzielle Belastungen zu minimieren. Eine Sozialbestattung bietet hierf\u00fcr eine M\u00f6glichkeit, die Bestattungskosten zu reduzieren und dennoch einen respektvollen Abschied zu erm\u00f6glichen. Gemeinsam f\u00fcr eine w\u00fcrdevolle Bestattung [&hellip;]<\/p>\n","protected":false},"author":1,"featured_media":0,"parent":184,"menu_order":0,"comment_status":"closed","ping_status":"closed","template":"","meta":{"_acf_changed":false,"footnotes":""},"class_list":["post-190","page","type-page","status-publish","hentry"],"acf":[],"yoast_head":"<!-- This site is optimized with the Yoast SEO plugin v27.5 - https:\/\/yoast.com\/product\/yoast-seo-wordpress\/ -->\n<title>Sozialbestattung in Deutschland | W\u00fcrdevoll trotz geringem Budget<\/title>\n<meta name=\"description\" content=\"W\u00fcrdevolle Bestattung trotz geringem Budget: Wir beraten zu Sozialbestattungen &amp; helfen bei Antr\u00e4gen ans Sozialamt \u2013 einf\u00fchlsam &amp; erfahren.\" \/>\n<meta name=\"robots\" content=\"index, follow, max-snippet:-1, max-image-preview:large, max-video-preview:-1\" \/>\n<link rel=\"canonical\" href=\"https:\/\/international-funeral.com\/es\/financiero\/oficina-de-bienestar-social\/\" \/>\n<meta property=\"og:locale\" content=\"es_ES\" \/>\n<meta property=\"og:type\" content=\"article\" \/>\n<meta property=\"og:title\" content=\"Sozialbestattung in Deutschland | W\u00fcrdevoll trotz geringem Budget\" \/>\n<meta property=\"og:description\" content=\"W\u00fcrdevolle Bestattung trotz geringem Budget: Wir beraten zu Sozialbestattungen &amp; helfen bei Antr\u00e4gen ans Sozialamt \u2013 einf\u00fchlsam &amp; erfahren.\" \/>\n<meta property=\"og:url\" content=\"https:\/\/international-funeral.com\/es\/financiero\/oficina-de-bienestar-social\/\" \/>\n<meta property=\"og:site_name\" content=\"international-funeral.com\" \/>\n<meta property=\"article:modified_time\" content=\"2025-05-23T12:03:35+00:00\" \/>\n<meta name=\"twitter:card\" content=\"summary_large_image\" \/>\n<meta name=\"twitter:label1\" content=\"Tiempo de lectura\" \/>\n\t<meta name=\"twitter:data1\" content=\"2 minutos\" \/>\n<script type=\"application\/ld+json\" class=\"yoast-schema-graph\">{\"@context\":\"https:\\\/\\\/schema.org\",\"@graph\":[{\"@type\":\"WebPage\",\"@id\":\"https:\\\/\\\/international-funeral.com\\\/finanzielles\\\/sozialamt\\\/\",\"url\":\"https:\\\/\\\/international-funeral.com\\\/finanzielles\\\/sozialamt\\\/\",\"name\":\"Sozialbestattung in Deutschland | W\u00fcrdevoll trotz geringem Budget\",\"isPartOf\":{\"@id\":\"https:\\\/\\\/international-funeral.com\\\/#website\"},\"datePublished\":\"2023-12-19T16:14:24+00:00\",\"dateModified\":\"2025-05-23T12:03:35+00:00\",\"description\":\"W\u00fcrdevolle Bestattung trotz geringem Budget: Wir beraten zu Sozialbestattungen & helfen bei Antr\u00e4gen ans Sozialamt \u2013 einf\u00fchlsam & erfahren.\",\"breadcrumb\":{\"@id\":\"https:\\\/\\\/international-funeral.com\\\/finanzielles\\\/sozialamt\\\/#breadcrumb\"},\"inLanguage\":\"es\",\"potentialAction\":[{\"@type\":\"ReadAction\",\"target\":[\"https:\\\/\\\/international-funeral.com\\\/finanzielles\\\/sozialamt\\\/\"]}]},{\"@type\":\"BreadcrumbList\",\"@id\":\"https:\\\/\\\/international-funeral.com\\\/finanzielles\\\/sozialamt\\\/#breadcrumb\",\"itemListElement\":[{\"@type\":\"ListItem\",\"position\":1,\"name\":\"Startseite\",\"item\":\"https:\\\/\\\/international-funeral.com\\\/\"},{\"@type\":\"ListItem\",\"position\":2,\"name\":\"Finanzielles\",\"item\":\"https:\\\/\\\/international-funeral.com\\\/finanzielles\\\/\"},{\"@type\":\"ListItem\",\"position\":3,\"name\":\"Sozialamt\"}]},{\"@type\":\"WebSite\",\"@id\":\"https:\\\/\\\/international-funeral.com\\\/#website\",\"url\":\"https:\\\/\\\/international-funeral.com\\\/\",\"name\":\"international-funeral.com\",\"description\":\"Pompes Fun\u00e9bres |\u00a0Funeral Home | Wordwide Transfers\",\"publisher\":{\"@id\":\"https:\\\/\\\/international-funeral.com\\\/#organization\"},\"potentialAction\":[{\"@type\":\"SearchAction\",\"target\":{\"@type\":\"EntryPoint\",\"urlTemplate\":\"https:\\\/\\\/international-funeral.com\\\/?s={search_term_string}\"},\"query-input\":{\"@type\":\"PropertyValueSpecification\",\"valueRequired\":true,\"valueName\":\"search_term_string\"}}],\"inLanguage\":\"es\"},{\"@type\":\"Organization\",\"@id\":\"https:\\\/\\\/international-funeral.com\\\/#organization\",\"name\":\"international-funeral.com\",\"url\":\"https:\\\/\\\/international-funeral.com\\\/\",\"logo\":{\"@type\":\"ImageObject\",\"inLanguage\":\"es\",\"@id\":\"https:\\\/\\\/international-funeral.com\\\/#\\\/schema\\\/logo\\\/image\\\/\",\"url\":\"https:\\\/\\\/international-funeral.com\\\/wp-content\\\/uploads\\\/2025\\\/05\\\/if_logo_pos.png\",\"contentUrl\":\"https:\\\/\\\/international-funeral.com\\\/wp-content\\\/uploads\\\/2025\\\/05\\\/if_logo_pos.png\",\"width\":1890,\"height\":543,\"caption\":\"international-funeral.com\"},\"image\":{\"@id\":\"https:\\\/\\\/international-funeral.com\\\/#\\\/schema\\\/logo\\\/image\\\/\"}}]}<\/script>\n<!-- \/ Yoast SEO plugin. -->","yoast_head_json":{"title":"Entierro social en Alemania | Digno a pesar del bajo presupuesto","description":"Entierro digno a pesar del bajo presupuesto: asesoramos sobre entierros sociales y ayudamos con las solicitudes a la oficina de bienestar social - emp\u00e1ticos y experimentados.","robots":{"index":"index","follow":"follow","max-snippet":"max-snippet:-1","max-image-preview":"max-image-preview:large","max-video-preview":"max-video-preview:-1"},"canonical":"https:\/\/international-funeral.com\/es\/financiero\/oficina-de-bienestar-social\/","og_locale":"es_ES","og_type":"article","og_title":"Sozialbestattung in Deutschland | W\u00fcrdevoll trotz geringem Budget","og_description":"W\u00fcrdevolle Bestattung trotz geringem Budget: Wir beraten zu Sozialbestattungen & helfen bei Antr\u00e4gen ans Sozialamt \u2013 einf\u00fchlsam & erfahren.","og_url":"https:\/\/international-funeral.com\/es\/financiero\/oficina-de-bienestar-social\/","og_site_name":"international-funeral.com","article_modified_time":"2025-05-23T12:03:35+00:00","twitter_card":"summary_large_image","twitter_misc":{"Tiempo de lectura":"2 minutos"},"schema":{"@context":"https:\/\/schema.org","@graph":[{"@type":"WebPage","@id":"https:\/\/international-funeral.com\/finanzielles\/sozialamt\/","url":"https:\/\/international-funeral.com\/finanzielles\/sozialamt\/","name":"Entierro social en Alemania | Digno a pesar del bajo presupuesto","isPartOf":{"@id":"https:\/\/international-funeral.com\/#website"},"datePublished":"2023-12-19T16:14:24+00:00","dateModified":"2025-05-23T12:03:35+00:00","description":"Entierro digno a pesar del bajo presupuesto: asesoramos sobre entierros sociales y ayudamos con las solicitudes a la oficina de bienestar social - emp\u00e1ticos y experimentados.","breadcrumb":{"@id":"https:\/\/international-funeral.com\/finanzielles\/sozialamt\/#breadcrumb"},"inLanguage":"es","potentialAction":[{"@type":"ReadAction","target":["https:\/\/international-funeral.com\/finanzielles\/sozialamt\/"]}]},{"@type":"BreadcrumbList","@id":"https:\/\/international-funeral.com\/finanzielles\/sozialamt\/#breadcrumb","itemListElement":[{"@type":"ListItem","position":1,"name":"Startseite","item":"https:\/\/international-funeral.com\/"},{"@type":"ListItem","position":2,"name":"Finanzielles","item":"https:\/\/international-funeral.com\/finanzielles\/"},{"@type":"ListItem","position":3,"name":"Sozialamt"}]},{"@type":"WebSite","@id":"https:\/\/international-funeral.com\/#website","url":"https:\/\/international-funeral.com\/","name":"international-funeral.com","description":"Pompes Fun\u00e9bres | Funeraria | Traslados internacionales","publisher":{"@id":"https:\/\/international-funeral.com\/#organization"},"potentialAction":[{"@type":"SearchAction","target":{"@type":"EntryPoint","urlTemplate":"https:\/\/international-funeral.com\/?s={search_term_string}"},"query-input":{"@type":"PropertyValueSpecification","valueRequired":true,"valueName":"search_term_string"}}],"inLanguage":"es"},{"@type":"Organization","@id":"https:\/\/international-funeral.com\/#organization","name":"international-funeral.com","url":"https:\/\/international-funeral.com\/","logo":{"@type":"ImageObject","inLanguage":"es","@id":"https:\/\/international-funeral.com\/#\/schema\/logo\/image\/","url":"https:\/\/international-funeral.com\/wp-content\/uploads\/2025\/05\/if_logo_pos.png","contentUrl":"https:\/\/international-funeral.com\/wp-content\/uploads\/2025\/05\/if_logo_pos.png","width":1890,"height":543,"caption":"international-funeral.com"},"image":{"@id":"https:\/\/international-funeral.com\/#\/schema\/logo\/image\/"}}]}},"_links":{"self":[{"href":"https:\/\/international-funeral.com\/es\/wp-json\/wp\/v2\/pages\/190","targetHints":{"allow":["GET"]}}],"collection":[{"href":"https:\/\/international-funeral.com\/es\/wp-json\/wp\/v2\/pages"}],"about":[{"href":"https:\/\/international-funeral.com\/es\/wp-json\/wp\/v2\/types\/page"}],"author":[{"embeddable":true,"href":"https:\/\/international-funeral.com\/es\/wp-json\/wp\/v2\/users\/1"}],"replies":[{"embeddable":true,"href":"https:\/\/international-funeral.com\/es\/wp-json\/wp\/v2\/comments?post=190"}],"version-history":[{"count":4,"href":"https:\/\/international-funeral.com\/es\/wp-json\/wp\/v2\/pages\/190\/revisions"}],"predecessor-version":[{"id":2479,"href":"https:\/\/international-funeral.com\/es\/wp-json\/wp\/v2\/pages\/190\/revisions\/2479"}],"up":[{"embeddable":true,"href":"https:\/\/international-funeral.com\/es\/wp-json\/wp\/v2\/pages\/184"}],"wp:attachment":[{"href":"https:\/\/international-funeral.com\/es\/wp-json\/wp\/v2\/media?parent=190"}],"curies":[{"name":"wp","href":"https:\/\/api.w.org\/{rel}","templated":true}]}}