{"id":184,"date":"2023-12-19T17:13:45","date_gmt":"2023-12-19T16:13:45","guid":{"rendered":"https:\/\/international-funeral.com\/?page_id=184"},"modified":"2025-05-23T14:00:50","modified_gmt":"2025-05-23T12:00:50","slug":"financiero","status":"publish","type":"page","link":"https:\/\/international-funeral.com\/es\/finanzielles\/","title":{"rendered":"Finanzas"},"content":{"rendered":"<div data-elementor-type=\"wp-page\" data-elementor-id=\"184\" class=\"elementor elementor-184\" data-elementor-post-type=\"page\">\n\t\t\t\t<div class=\"elementor-element elementor-element-264c4ed5 e-flex e-con-boxed e-con e-parent\" data-id=\"264c4ed5\" data-element_type=\"container\" data-e-type=\"container\">\n\t\t\t\t\t<div class=\"e-con-inner\">\n\t\t\t\t<div class=\"elementor-element elementor-element-735845f elementor-widget elementor-widget-heading\" data-id=\"735845f\" data-element_type=\"widget\" data-e-type=\"widget\" data-widget_type=\"heading.default\">\n\t\t\t\t<div class=\"elementor-widget-container\">\n\t\t\t\t\t<h1 class=\"elementor-heading-title elementor-size-default\">\u00bfEst\u00e1 planeando un funeral y busca opciones financieras?<\/h1>\t\t\t\t<\/div>\n\t\t\t\t<\/div>\n\t\t\t\t<div class=\"elementor-element elementor-element-1581b636 elementor-widget elementor-widget-text-editor\" data-id=\"1581b636\" data-element_type=\"widget\" data-e-type=\"widget\" data-widget_type=\"text-editor.default\">\n\t\t\t\t<div class=\"elementor-widget-container\">\n\t\t\t\t\t\t\t\t\t<p>Perder a un ser querido es un reto emocional y a menudo viene acompa\u00f1ado de preocupaciones financieras. Entendemos que cada persona afronta el duelo de forma individual, pero las cargas financieras suelen ser una preocupaci\u00f3n com\u00fan. En momentos de duelo, queremos ayudarle a despejarse y ofrecerle flexibilidad financiera.<\/p>\t\t\t\t\t\t\t\t<\/div>\n\t\t\t\t<\/div>\n\t\t\t\t<div class=\"elementor-element elementor-element-4ddb919 elementor-widget elementor-widget-heading\" data-id=\"4ddb919\" data-element_type=\"widget\" data-e-type=\"widget\" data-widget_type=\"heading.default\">\n\t\t\t\t<div class=\"elementor-widget-container\">\n\t\t\t\t\t<h3 class=\"elementor-heading-title elementor-size-default\">Nuestras opciones de financiaci\u00f3n de funerales<\/h3>\t\t\t\t<\/div>\n\t\t\t\t<\/div>\n\t\t\t\t<div class=\"elementor-element elementor-element-90c7cc3 elementor-widget elementor-widget-text-editor\" data-id=\"90c7cc3\" data-element_type=\"widget\" data-e-type=\"widget\" data-widget_type=\"text-editor.default\">\n\t\t\t\t<div class=\"elementor-widget-container\">\n\t\t\t\t\t\t\t\t\t<p>Le ofrecemos la oportunidad de financiar un funeral de forma flexible y sin estr\u00e9s. Tanto si prefiere plazos de pago cortos, medios o largos, adaptamos nuestras soluciones de financiaci\u00f3n a sus necesidades. Nuestro objetivo es ofrecerle apoyo financiero durante este dif\u00edcil momento para que pueda concentrarse en lo importante: despedirse de su ser querido.<\/p><p>Decir adi\u00f3s lleva su tiempo: nosotros tambi\u00e9n le damos el tiempo econ\u00f3mico que necesita para despedirse en paz.<\/p><p>P\u00f3ngase en contacto con nosotros hoy mismo para obtener m\u00e1s informaci\u00f3n sobre nuestras opciones de financiaci\u00f3n y encontrar juntos una soluci\u00f3n adecuada.<\/p>\t\t\t\t\t\t\t\t<\/div>\n\t\t\t\t<\/div>\n\t\t\t\t\t<\/div>\n\t\t\t\t<\/div>\n\t\t\t\t<\/div>","protected":false},"excerpt":{"rendered":"<p>Planen Sie eine Bestattung und suchen nach finanziellen Optionen? Der Verlust eines geliebten Menschen ist eine emotionale Herausforderung, und oft gehen damit auch finanzielle Sorgen einher. Wir verstehen, dass jeder Mensch individuell mit Trauer umgeht, aber finanzielle Belastungen sind oft eine gemeinsame Sorge. In Zeiten der Trauer m\u00f6chten wir Ihnen den Kopf frei machen und [&hellip;]<\/p>\n","protected":false},"author":1,"featured_media":0,"parent":0,"menu_order":0,"comment_status":"closed","ping_status":"closed","template":"","meta":{"_acf_changed":false,"footnotes":""},"class_list":["post-184","page","type-page","status-publish","hentry"],"acf":[],"yoast_head":"<!-- This site is optimized with the Yoast SEO plugin v27.5 - https:\/\/yoast.com\/product\/yoast-seo-wordpress\/ -->\n<title>Bestattungsfinanzierung mit Flexibilit\u00e4t | International Funeral<\/title>\n<meta name=\"description\" content=\"Flexible Bestattungsfinanzierung im Trauerfall, wir entlasten Sie finanziell, damit Sie in Ruhe Abschied nehmen k\u00f6nnen. Pers\u00f6nlich &amp; diskret.\" \/>\n<meta name=\"robots\" content=\"index, follow, max-snippet:-1, max-image-preview:large, max-video-preview:-1\" \/>\n<link rel=\"canonical\" href=\"https:\/\/international-funeral.com\/es\/financiero\/\" \/>\n<meta property=\"og:locale\" content=\"es_ES\" \/>\n<meta property=\"og:type\" content=\"article\" \/>\n<meta property=\"og:title\" content=\"Bestattungsfinanzierung mit Flexibilit\u00e4t | International Funeral\" \/>\n<meta property=\"og:description\" content=\"Flexible Bestattungsfinanzierung im Trauerfall, wir entlasten Sie finanziell, damit Sie in Ruhe Abschied nehmen k\u00f6nnen. Pers\u00f6nlich &amp; diskret.\" \/>\n<meta property=\"og:url\" content=\"https:\/\/international-funeral.com\/es\/financiero\/\" \/>\n<meta property=\"og:site_name\" content=\"international-funeral.com\" \/>\n<meta property=\"article:modified_time\" content=\"2025-05-23T12:00:50+00:00\" \/>\n<meta name=\"twitter:card\" content=\"summary_large_image\" \/>\n<meta name=\"twitter:label1\" content=\"Tiempo de lectura\" \/>\n\t<meta name=\"twitter:data1\" content=\"1 minuto\" \/>\n<script type=\"application\/ld+json\" class=\"yoast-schema-graph\">{\"@context\":\"https:\\\/\\\/schema.org\",\"@graph\":[{\"@type\":\"WebPage\",\"@id\":\"https:\\\/\\\/international-funeral.com\\\/finanzielles\\\/\",\"url\":\"https:\\\/\\\/international-funeral.com\\\/finanzielles\\\/\",\"name\":\"Bestattungsfinanzierung mit Flexibilit\u00e4t | International Funeral\",\"isPartOf\":{\"@id\":\"https:\\\/\\\/international-funeral.com\\\/#website\"},\"datePublished\":\"2023-12-19T16:13:45+00:00\",\"dateModified\":\"2025-05-23T12:00:50+00:00\",\"description\":\"Flexible Bestattungsfinanzierung im Trauerfall, wir entlasten Sie finanziell, damit Sie in Ruhe Abschied nehmen k\u00f6nnen. Pers\u00f6nlich & diskret.\",\"breadcrumb\":{\"@id\":\"https:\\\/\\\/international-funeral.com\\\/finanzielles\\\/#breadcrumb\"},\"inLanguage\":\"es\",\"potentialAction\":[{\"@type\":\"ReadAction\",\"target\":[\"https:\\\/\\\/international-funeral.com\\\/finanzielles\\\/\"]}]},{\"@type\":\"BreadcrumbList\",\"@id\":\"https:\\\/\\\/international-funeral.com\\\/finanzielles\\\/#breadcrumb\",\"itemListElement\":[{\"@type\":\"ListItem\",\"position\":1,\"name\":\"Startseite\",\"item\":\"https:\\\/\\\/international-funeral.com\\\/\"},{\"@type\":\"ListItem\",\"position\":2,\"name\":\"Finanzielles\"}]},{\"@type\":\"WebSite\",\"@id\":\"https:\\\/\\\/international-funeral.com\\\/#website\",\"url\":\"https:\\\/\\\/international-funeral.com\\\/\",\"name\":\"international-funeral.com\",\"description\":\"Pompes Fun\u00e9bres |\u00a0Funeral Home | Wordwide Transfers\",\"publisher\":{\"@id\":\"https:\\\/\\\/international-funeral.com\\\/#organization\"},\"potentialAction\":[{\"@type\":\"SearchAction\",\"target\":{\"@type\":\"EntryPoint\",\"urlTemplate\":\"https:\\\/\\\/international-funeral.com\\\/?s={search_term_string}\"},\"query-input\":{\"@type\":\"PropertyValueSpecification\",\"valueRequired\":true,\"valueName\":\"search_term_string\"}}],\"inLanguage\":\"es\"},{\"@type\":\"Organization\",\"@id\":\"https:\\\/\\\/international-funeral.com\\\/#organization\",\"name\":\"international-funeral.com\",\"url\":\"https:\\\/\\\/international-funeral.com\\\/\",\"logo\":{\"@type\":\"ImageObject\",\"inLanguage\":\"es\",\"@id\":\"https:\\\/\\\/international-funeral.com\\\/#\\\/schema\\\/logo\\\/image\\\/\",\"url\":\"https:\\\/\\\/international-funeral.com\\\/wp-content\\\/uploads\\\/2025\\\/05\\\/if_logo_pos.png\",\"contentUrl\":\"https:\\\/\\\/international-funeral.com\\\/wp-content\\\/uploads\\\/2025\\\/05\\\/if_logo_pos.png\",\"width\":1890,\"height\":543,\"caption\":\"international-funeral.com\"},\"image\":{\"@id\":\"https:\\\/\\\/international-funeral.com\\\/#\\\/schema\\\/logo\\\/image\\\/\"}}]}<\/script>\n<!-- \/ Yoast SEO plugin. -->","yoast_head_json":{"title":"Financiaci\u00f3n de funerales con flexibilidad | Funeraria Internacional","description":"Financiaci\u00f3n flexible de funerales en caso de duelo, le quitamos la carga financiera de encima para que pueda despedirse en paz. Personal y discreto.","robots":{"index":"index","follow":"follow","max-snippet":"max-snippet:-1","max-image-preview":"max-image-preview:large","max-video-preview":"max-video-preview:-1"},"canonical":"https:\/\/international-funeral.com\/es\/financiero\/","og_locale":"es_ES","og_type":"article","og_title":"Bestattungsfinanzierung mit Flexibilit\u00e4t | International Funeral","og_description":"Flexible Bestattungsfinanzierung im Trauerfall, wir entlasten Sie finanziell, damit Sie in Ruhe Abschied nehmen k\u00f6nnen. Pers\u00f6nlich & diskret.","og_url":"https:\/\/international-funeral.com\/es\/financiero\/","og_site_name":"international-funeral.com","article_modified_time":"2025-05-23T12:00:50+00:00","twitter_card":"summary_large_image","twitter_misc":{"Tiempo de lectura":"1 minuto"},"schema":{"@context":"https:\/\/schema.org","@graph":[{"@type":"WebPage","@id":"https:\/\/international-funeral.com\/finanzielles\/","url":"https:\/\/international-funeral.com\/finanzielles\/","name":"Financiaci\u00f3n de funerales con flexibilidad | Funeraria Internacional","isPartOf":{"@id":"https:\/\/international-funeral.com\/#website"},"datePublished":"2023-12-19T16:13:45+00:00","dateModified":"2025-05-23T12:00:50+00:00","description":"Financiaci\u00f3n flexible de funerales en caso de duelo, le quitamos la carga financiera de encima para que pueda despedirse en paz. Personal y discreto.","breadcrumb":{"@id":"https:\/\/international-funeral.com\/finanzielles\/#breadcrumb"},"inLanguage":"es","potentialAction":[{"@type":"ReadAction","target":["https:\/\/international-funeral.com\/finanzielles\/"]}]},{"@type":"BreadcrumbList","@id":"https:\/\/international-funeral.com\/finanzielles\/#breadcrumb","itemListElement":[{"@type":"ListItem","position":1,"name":"Startseite","item":"https:\/\/international-funeral.com\/"},{"@type":"ListItem","position":2,"name":"Finanzielles"}]},{"@type":"WebSite","@id":"https:\/\/international-funeral.com\/#website","url":"https:\/\/international-funeral.com\/","name":"international-funeral.com","description":"Pompes Fun\u00e9bres | Funeraria | Traslados internacionales","publisher":{"@id":"https:\/\/international-funeral.com\/#organization"},"potentialAction":[{"@type":"SearchAction","target":{"@type":"EntryPoint","urlTemplate":"https:\/\/international-funeral.com\/?s={search_term_string}"},"query-input":{"@type":"PropertyValueSpecification","valueRequired":true,"valueName":"search_term_string"}}],"inLanguage":"es"},{"@type":"Organization","@id":"https:\/\/international-funeral.com\/#organization","name":"international-funeral.com","url":"https:\/\/international-funeral.com\/","logo":{"@type":"ImageObject","inLanguage":"es","@id":"https:\/\/international-funeral.com\/#\/schema\/logo\/image\/","url":"https:\/\/international-funeral.com\/wp-content\/uploads\/2025\/05\/if_logo_pos.png","contentUrl":"https:\/\/international-funeral.com\/wp-content\/uploads\/2025\/05\/if_logo_pos.png","width":1890,"height":543,"caption":"international-funeral.com"},"image":{"@id":"https:\/\/international-funeral.com\/#\/schema\/logo\/image\/"}}]}},"_links":{"self":[{"href":"https:\/\/international-funeral.com\/es\/wp-json\/wp\/v2\/pages\/184","targetHints":{"allow":["GET"]}}],"collection":[{"href":"https:\/\/international-funeral.com\/es\/wp-json\/wp\/v2\/pages"}],"about":[{"href":"https:\/\/international-funeral.com\/es\/wp-json\/wp\/v2\/types\/page"}],"author":[{"embeddable":true,"href":"https:\/\/international-funeral.com\/es\/wp-json\/wp\/v2\/users\/1"}],"replies":[{"embeddable":true,"href":"https:\/\/international-funeral.com\/es\/wp-json\/wp\/v2\/comments?post=184"}],"version-history":[{"count":6,"href":"https:\/\/international-funeral.com\/es\/wp-json\/wp\/v2\/pages\/184\/revisions"}],"predecessor-version":[{"id":3091,"href":"https:\/\/international-funeral.com\/es\/wp-json\/wp\/v2\/pages\/184\/revisions\/3091"}],"wp:attachment":[{"href":"https:\/\/international-funeral.com\/es\/wp-json\/wp\/v2\/media?parent=184"}],"curies":[{"name":"wp","href":"https:\/\/api.w.org\/{rel}","templated":true}]}}