{"id":2796,"date":"2025-04-17T09:56:00","date_gmt":"2025-04-17T07:56:00","guid":{"rendered":"https:\/\/international-funeral.com\/?page_id=2796"},"modified":"2025-05-15T11:56:34","modified_gmt":"2025-05-15T09:56:34","slug":"fixed-price","status":"publish","type":"page","link":"https:\/\/international-funeral.com\/en\/ueberfuehrung\/fixpreis\/","title":{"rendered":"Transparent costs for transfers"},"content":{"rendered":"<div data-elementor-type=\"wp-page\" data-elementor-id=\"2796\" class=\"elementor elementor-2796\" data-elementor-post-type=\"page\">\n\t\t\t\t<div class=\"elementor-element elementor-element-159e451a e-flex e-con-boxed e-con e-parent\" data-id=\"159e451a\" data-element_type=\"container\" data-e-type=\"container\">\n\t\t\t\t\t<div class=\"e-con-inner\">\n\t\t\t\t<div class=\"elementor-element elementor-element-9f3ec90 elementor-widget elementor-widget-heading\" data-id=\"9f3ec90\" data-element_type=\"widget\" data-e-type=\"widget\" data-widget_type=\"heading.default\">\n\t\t\t\t<div class=\"elementor-widget-container\">\n\t\t\t\t\t<h1 class=\"elementor-heading-title elementor-size-default\">International transfers with dignity - worldwide and reliable<\/h1>\t\t\t\t<\/div>\n\t\t\t\t<\/div>\n\t\t\t\t<div class=\"elementor-element elementor-element-deb03ca elementor-widget elementor-widget-text-editor\" data-id=\"deb03ca\" data-element_type=\"widget\" data-e-type=\"widget\" data-widget_type=\"text-editor.default\">\n\t\t\t\t<div class=\"elementor-widget-container\">\n\t\t\t\t\t\t\t\t\t<p>A loved one has passed away - and now the family is faced with the question of how the transfer to the home country can take place in a dignified and smooth manner. At such times, there is not only the grief but also an enormous organisational burden to cope with. This is precisely where we provide you with empathetic and competent support.<\/p><p>International Funeral in Berlin has specialised in the international transport of deceased persons from Germany to destinations all over the world for many years. Whether to neighbouring European countries or to other continents - we take care of all the formalities, communication with consulates, the necessary documentation and, of course, a reverent transport to the desired country of destination.<\/p>\t\t\t\t\t\t\t\t<\/div>\n\t\t\t\t<\/div>\n\t\t\t\t<div class=\"elementor-element elementor-element-de5f385 elementor-view-stacked elementor-position-inline-start elementor-shape-circle elementor-mobile-position-block-start elementor-widget elementor-widget-icon-box\" data-id=\"de5f385\" data-element_type=\"widget\" data-e-type=\"widget\" data-widget_type=\"icon-box.default\">\n\t\t\t\t<div class=\"elementor-widget-container\">\n\t\t\t\t\t\t\t<div class=\"elementor-icon-box-wrapper\">\n\n\t\t\t\t\t\t<div class=\"elementor-icon-box-icon\">\n\t\t\t\t<a href=\"tel:+493034332566\" target=\"_blank\" class=\"elementor-icon\" tabindex=\"-1\" aria-label=\"Discreet, human, experienced - we are there for you\">\n\t\t\t\t<i aria-hidden=\"true\" class=\"icon icon-hours-phone-support-icon\"><\/i>\t\t\t\t<\/a>\n\t\t\t<\/div>\n\t\t\t\n\t\t\t\t\t\t<div class=\"elementor-icon-box-content\">\n\n\t\t\t\t\t\t\t\t\t<h3 class=\"elementor-icon-box-title\">\n\t\t\t\t\t\t<a href=\"tel:+493034332566\" target=\"_blank\" >\n\t\t\t\t\t\t\tDiscreet, human, experienced - we are there for you\t\t\t\t\t\t<\/a>\n\t\t\t\t\t<\/h3>\n\t\t\t\t\n\t\t\t\t\t\t\t\t\t<p class=\"elementor-icon-box-description\">\n\t\t\t\t\t\tCall now and get advice - free of charge and without obligation. In a personal meeting, we will clarify together what needs to be done and what options are available. We are available for you at any time. International Funeral - because dignity knows no boundaries.\t\t\t\t\t<\/p>\n\t\t\t\t\n\t\t\t<\/div>\n\t\t\t\n\t\t<\/div>\n\t\t\t\t\t\t<\/div>\n\t\t\t\t<\/div>\n\t\t\t\t<div class=\"elementor-element elementor-element-1aed38b elementor-widget elementor-widget-heading\" data-id=\"1aed38b\" data-element_type=\"widget\" data-e-type=\"widget\" data-widget_type=\"heading.default\">\n\t\t\t\t<div class=\"elementor-widget-container\">\n\t\t\t\t\t<h3 class=\"elementor-heading-title elementor-size-default\">Fixed price. Clear processes. Personalised support.<\/h3>\t\t\t\t<\/div>\n\t\t\t\t<\/div>\n\t\t\t\t<div class=\"elementor-element elementor-element-ad13557 elementor-widget elementor-widget-text-editor\" data-id=\"ad13557\" data-element_type=\"widget\" data-e-type=\"widget\" data-widget_type=\"text-editor.default\">\n\t\t\t\t<div class=\"elementor-widget-container\">\n\t\t\t\t\t\t\t\t\t<p>We know how important reliable commitments are in these difficult times - both emotionally and financially. That's why we offer a fixed price for our transfer services within Germany that you can rely on. We calculate the country-specific transport costs (e.g. flight fees) transparently and individually - depending on the destination, regulations and availability.<\/p><p>Our aim is not only to relieve you of work, but also to give you emotional security.<\/p><p>Every transfer is unique, every family has its own story. That's why we don't rely on automated processes, but on personalised advice and support. We listen, we explain and we accompany - step by step, with great sensitivity.<\/p>\t\t\t\t\t\t\t\t<\/div>\n\t\t\t\t<\/div>\n\t\t\t\t\t<\/div>\n\t\t\t\t<\/div>\n\t\t\t\t<\/div>","protected":false},"excerpt":{"rendered":"<p>Internationale \u00dcberf\u00fchrungen mit W\u00fcrde \u2013 weltweit und zuverl\u00e4ssig Ein geliebter Mensch ist verstorben \u2013 und nun steht die Familie vor der Frage, wie die \u00dcberf\u00fchrung in das Heimatland w\u00fcrdevoll und reibungslos erfolgen kann. In solchen Momenten ist neben der Trauer auch eine enorme organisatorische Last zu bew\u00e4ltigen. Genau hier stehen wir Ihnen einf\u00fchlsam und kompetent [&hellip;]<\/p>\n","protected":false},"author":1,"featured_media":0,"parent":167,"menu_order":0,"comment_status":"closed","ping_status":"closed","template":"","meta":{"_acf_changed":false,"footnotes":""},"class_list":["post-2796","page","type-page","status-publish","hentry"],"acf":[],"yoast_head":"<!-- This site is optimized with the Yoast SEO plugin v27.5 - https:\/\/yoast.com\/product\/yoast-seo-wordpress\/ -->\n<title>Internationale \u00dcberf\u00fchrungen mit Fixpreis \u2013 Weltweit &amp; w\u00fcrdevoll<\/title>\n<meta name=\"description\" content=\"International Funeral - Spezialist f\u00fcr weltweite \u00dcberf\u00fchrungen Verstorbener. Fixpreis, pers\u00f6nliche Betreuung, Hilfe bei allen Formalit\u00e4ten.\" \/>\n<meta name=\"robots\" content=\"index, follow, max-snippet:-1, max-image-preview:large, max-video-preview:-1\" \/>\n<link rel=\"canonical\" href=\"https:\/\/international-funeral.com\/en\/transfer\/fixed-price\/\" \/>\n<meta property=\"og:locale\" content=\"en_GB\" \/>\n<meta property=\"og:type\" content=\"article\" \/>\n<meta property=\"og:title\" content=\"Internationale \u00dcberf\u00fchrungen mit Fixpreis \u2013 Weltweit &amp; w\u00fcrdevoll\" \/>\n<meta property=\"og:description\" content=\"International Funeral - Spezialist f\u00fcr weltweite \u00dcberf\u00fchrungen Verstorbener. Fixpreis, pers\u00f6nliche Betreuung, Hilfe bei allen Formalit\u00e4ten.\" \/>\n<meta property=\"og:url\" content=\"https:\/\/international-funeral.com\/en\/transfer\/fixed-price\/\" \/>\n<meta property=\"og:site_name\" content=\"international-funeral.com\" \/>\n<meta property=\"article:modified_time\" content=\"2025-05-15T09:56:34+00:00\" \/>\n<meta name=\"twitter:card\" content=\"summary_large_image\" \/>\n<meta name=\"twitter:label1\" content=\"Estimated reading time\" \/>\n\t<meta name=\"twitter:data1\" content=\"2 minutes\" \/>\n<script type=\"application\/ld+json\" class=\"yoast-schema-graph\">{\"@context\":\"https:\\\/\\\/schema.org\",\"@graph\":[{\"@type\":\"WebPage\",\"@id\":\"https:\\\/\\\/international-funeral.com\\\/ueberfuehrung\\\/fixpreis\\\/\",\"url\":\"https:\\\/\\\/international-funeral.com\\\/ueberfuehrung\\\/fixpreis\\\/\",\"name\":\"Internationale \u00dcberf\u00fchrungen mit Fixpreis \u2013 Weltweit & w\u00fcrdevoll\",\"isPartOf\":{\"@id\":\"https:\\\/\\\/international-funeral.com\\\/#website\"},\"datePublished\":\"2025-04-17T07:56:00+00:00\",\"dateModified\":\"2025-05-15T09:56:34+00:00\",\"description\":\"International Funeral - Spezialist f\u00fcr weltweite \u00dcberf\u00fchrungen Verstorbener. Fixpreis, pers\u00f6nliche Betreuung, Hilfe bei allen Formalit\u00e4ten.\",\"breadcrumb\":{\"@id\":\"https:\\\/\\\/international-funeral.com\\\/ueberfuehrung\\\/fixpreis\\\/#breadcrumb\"},\"inLanguage\":\"en-GB\",\"potentialAction\":[{\"@type\":\"ReadAction\",\"target\":[\"https:\\\/\\\/international-funeral.com\\\/ueberfuehrung\\\/fixpreis\\\/\"]}]},{\"@type\":\"BreadcrumbList\",\"@id\":\"https:\\\/\\\/international-funeral.com\\\/ueberfuehrung\\\/fixpreis\\\/#breadcrumb\",\"itemListElement\":[{\"@type\":\"ListItem\",\"position\":1,\"name\":\"Startseite\",\"item\":\"https:\\\/\\\/international-funeral.com\\\/\"},{\"@type\":\"ListItem\",\"position\":2,\"name\":\"Weltweite \u00dcberf\u00fchrungen\",\"item\":\"https:\\\/\\\/international-funeral.com\\\/ueberfuehrung\\\/\"},{\"@type\":\"ListItem\",\"position\":3,\"name\":\"Transparente Kosten bei \u00dcberf\u00fchrungen\"}]},{\"@type\":\"WebSite\",\"@id\":\"https:\\\/\\\/international-funeral.com\\\/#website\",\"url\":\"https:\\\/\\\/international-funeral.com\\\/\",\"name\":\"international-funeral.com\",\"description\":\"Pompes Fun\u00e9bres |\u00a0Funeral Home | Wordwide Transfers\",\"publisher\":{\"@id\":\"https:\\\/\\\/international-funeral.com\\\/#organization\"},\"potentialAction\":[{\"@type\":\"SearchAction\",\"target\":{\"@type\":\"EntryPoint\",\"urlTemplate\":\"https:\\\/\\\/international-funeral.com\\\/?s={search_term_string}\"},\"query-input\":{\"@type\":\"PropertyValueSpecification\",\"valueRequired\":true,\"valueName\":\"search_term_string\"}}],\"inLanguage\":\"en-GB\"},{\"@type\":\"Organization\",\"@id\":\"https:\\\/\\\/international-funeral.com\\\/#organization\",\"name\":\"international-funeral.com\",\"url\":\"https:\\\/\\\/international-funeral.com\\\/\",\"logo\":{\"@type\":\"ImageObject\",\"inLanguage\":\"en-GB\",\"@id\":\"https:\\\/\\\/international-funeral.com\\\/#\\\/schema\\\/logo\\\/image\\\/\",\"url\":\"https:\\\/\\\/international-funeral.com\\\/wp-content\\\/uploads\\\/2025\\\/05\\\/if_logo_pos.png\",\"contentUrl\":\"https:\\\/\\\/international-funeral.com\\\/wp-content\\\/uploads\\\/2025\\\/05\\\/if_logo_pos.png\",\"width\":1890,\"height\":543,\"caption\":\"international-funeral.com\"},\"image\":{\"@id\":\"https:\\\/\\\/international-funeral.com\\\/#\\\/schema\\\/logo\\\/image\\\/\"}}]}<\/script>\n<!-- \/ Yoast SEO plugin. -->","yoast_head_json":{"title":"International transfers with a fixed price - worldwide &amp; with dignity","description":"International Funeral - Specialist for worldwide repatriations of deceased persons. Fixed price, personalised service, assistance with all formalities.","robots":{"index":"index","follow":"follow","max-snippet":"max-snippet:-1","max-image-preview":"max-image-preview:large","max-video-preview":"max-video-preview:-1"},"canonical":"https:\/\/international-funeral.com\/en\/transfer\/fixed-price\/","og_locale":"en_GB","og_type":"article","og_title":"Internationale \u00dcberf\u00fchrungen mit Fixpreis \u2013 Weltweit & w\u00fcrdevoll","og_description":"International Funeral - Spezialist f\u00fcr weltweite \u00dcberf\u00fchrungen Verstorbener. Fixpreis, pers\u00f6nliche Betreuung, Hilfe bei allen Formalit\u00e4ten.","og_url":"https:\/\/international-funeral.com\/en\/transfer\/fixed-price\/","og_site_name":"international-funeral.com","article_modified_time":"2025-05-15T09:56:34+00:00","twitter_card":"summary_large_image","twitter_misc":{"Estimated reading time":"2 minutes"},"schema":{"@context":"https:\/\/schema.org","@graph":[{"@type":"WebPage","@id":"https:\/\/international-funeral.com\/ueberfuehrung\/fixpreis\/","url":"https:\/\/international-funeral.com\/ueberfuehrung\/fixpreis\/","name":"International transfers with a fixed price - worldwide &amp; with dignity","isPartOf":{"@id":"https:\/\/international-funeral.com\/#website"},"datePublished":"2025-04-17T07:56:00+00:00","dateModified":"2025-05-15T09:56:34+00:00","description":"International Funeral - Specialist for worldwide repatriations of deceased persons. Fixed price, personalised service, assistance with all formalities.","breadcrumb":{"@id":"https:\/\/international-funeral.com\/ueberfuehrung\/fixpreis\/#breadcrumb"},"inLanguage":"en-GB","potentialAction":[{"@type":"ReadAction","target":["https:\/\/international-funeral.com\/ueberfuehrung\/fixpreis\/"]}]},{"@type":"BreadcrumbList","@id":"https:\/\/international-funeral.com\/ueberfuehrung\/fixpreis\/#breadcrumb","itemListElement":[{"@type":"ListItem","position":1,"name":"Startseite","item":"https:\/\/international-funeral.com\/"},{"@type":"ListItem","position":2,"name":"Weltweite \u00dcberf\u00fchrungen","item":"https:\/\/international-funeral.com\/ueberfuehrung\/"},{"@type":"ListItem","position":3,"name":"Transparente Kosten bei \u00dcberf\u00fchrungen"}]},{"@type":"WebSite","@id":"https:\/\/international-funeral.com\/#website","url":"https:\/\/international-funeral.com\/","name":"international-funeral.com","description":"Pompes Fun\u00e9bres | Funeral Home | Wordwide Transfers","publisher":{"@id":"https:\/\/international-funeral.com\/#organization"},"potentialAction":[{"@type":"SearchAction","target":{"@type":"EntryPoint","urlTemplate":"https:\/\/international-funeral.com\/?s={search_term_string}"},"query-input":{"@type":"PropertyValueSpecification","valueRequired":true,"valueName":"search_term_string"}}],"inLanguage":"en-GB"},{"@type":"Organization","@id":"https:\/\/international-funeral.com\/#organization","name":"international-funeral.com","url":"https:\/\/international-funeral.com\/","logo":{"@type":"ImageObject","inLanguage":"en-GB","@id":"https:\/\/international-funeral.com\/#\/schema\/logo\/image\/","url":"https:\/\/international-funeral.com\/wp-content\/uploads\/2025\/05\/if_logo_pos.png","contentUrl":"https:\/\/international-funeral.com\/wp-content\/uploads\/2025\/05\/if_logo_pos.png","width":1890,"height":543,"caption":"international-funeral.com"},"image":{"@id":"https:\/\/international-funeral.com\/#\/schema\/logo\/image\/"}}]}},"_links":{"self":[{"href":"https:\/\/international-funeral.com\/en\/wp-json\/wp\/v2\/pages\/2796","targetHints":{"allow":["GET"]}}],"collection":[{"href":"https:\/\/international-funeral.com\/en\/wp-json\/wp\/v2\/pages"}],"about":[{"href":"https:\/\/international-funeral.com\/en\/wp-json\/wp\/v2\/types\/page"}],"author":[{"embeddable":true,"href":"https:\/\/international-funeral.com\/en\/wp-json\/wp\/v2\/users\/1"}],"replies":[{"embeddable":true,"href":"https:\/\/international-funeral.com\/en\/wp-json\/wp\/v2\/comments?post=2796"}],"version-history":[{"count":10,"href":"https:\/\/international-funeral.com\/en\/wp-json\/wp\/v2\/pages\/2796\/revisions"}],"predecessor-version":[{"id":3065,"href":"https:\/\/international-funeral.com\/en\/wp-json\/wp\/v2\/pages\/2796\/revisions\/3065"}],"up":[{"embeddable":true,"href":"https:\/\/international-funeral.com\/en\/wp-json\/wp\/v2\/pages\/167"}],"wp:attachment":[{"href":"https:\/\/international-funeral.com\/en\/wp-json\/wp\/v2\/media?parent=2796"}],"curies":[{"name":"wp","href":"https:\/\/api.w.org\/{rel}","templated":true}]}}