{"id":2779,"date":"2025-04-17T09:28:13","date_gmt":"2025-04-17T07:28:13","guid":{"rendered":"https:\/\/international-funeral.com\/?page_id=2779"},"modified":"2025-05-23T14:02:26","modified_gmt":"2025-05-23T12:02:26","slug":"provision","status":"publish","type":"page","link":"https:\/\/international-funeral.com\/en\/vorsorge\/","title":{"rendered":"Precaution"},"content":{"rendered":"<div data-elementor-type=\"wp-page\" data-elementor-id=\"2779\" class=\"elementor elementor-2779\" data-elementor-post-type=\"page\">\n\t\t\t\t<div class=\"elementor-element elementor-element-7ba1980 e-flex e-con-boxed e-con e-parent\" data-id=\"7ba1980\" data-element_type=\"container\" data-e-type=\"container\">\n\t\t\t\t\t<div class=\"e-con-inner\">\n\t\t\t\t<div class=\"elementor-element elementor-element-39f6030 elementor-widget elementor-widget-text-editor\" data-id=\"39f6030\" data-element_type=\"widget\" data-e-type=\"widget\" data-widget_type=\"text-editor.default\">\n\t\t\t\t<div class=\"elementor-widget-container\">\n\t\t\t\t\t\t\t\t\t<h1 data-start=\"109\" data-end=\"189\">Funeral provision with an international perspective - thinking about tomorrow today<\/h1><p class=\"\" data-start=\"191\" data-end=\"579\">The loss of a loved one is always stressful for family members - so it is all the more important to make provisions in good time. With a well thought-out funeral plan, you can ease the emotional and financial burden on your family. Particularly in the case of international repatriations, a clear arrangement ensures smooth processes across national borders - from transport to burial in the home country.<\/p><h2 data-start=\"581\" data-end=\"639\">Your wishes, clearly regulated - even across borders<\/h2><p class=\"\" data-start=\"641\" data-end=\"1154\">Regardless of whether you wish to be repatriated to Germany or are planning a funeral in another country - with a precautionary agreement you can secure your individual wishes in a binding manner. We will advise you on all options: Burial or cremation, worldwide repatriation, cultural particularities and legal regulations abroad. Your wishes are documented and reliably implemented in the event of an emergency - including financial security via a separate retirement account or trust solution.<\/p><h2 data-start=\"1156\" data-end=\"1215\">International pension provision - personal, secure, comprehensive<\/h2><p class=\"\" data-start=\"1217\" data-end=\"1642\">As an experienced service provider for worldwide funerals, we accompany you every step of the way when it comes to pension planning. We take the time to answer your questions, explain all the options clearly and work with you to create a customised pension plan. So that you can be sure: Even abroad, everything will be organised the way you want it - respectfully, reliably and without burdening your loved ones.<\/p>\t\t\t\t\t\t\t\t<\/div>\n\t\t\t\t<\/div>\n\t\t\t\t\t<\/div>\n\t\t\t\t<\/div>\n\t\t\t\t<\/div>","protected":false},"excerpt":{"rendered":"<p>Bestattungsvorsorge mit internationalem Blick \u2013 heute schon an morgen denken Der Verlust eines geliebten Menschen ist f\u00fcr Angeh\u00f6rige immer belastend \u2013 umso wichtiger ist es, rechtzeitig vorzusorgen. Mit einer durchdachten Bestattungsvorsorge entlasten Sie Ihre Familie emotional wie finanziell. Besonders bei internationalen \u00dcberf\u00fchrungen sorgt eine klare Regelung f\u00fcr reibungslose Abl\u00e4ufe \u00fcber L\u00e4ndergrenzen hinweg \u2013 vom Transport [&hellip;]<\/p>\n","protected":false},"author":1,"featured_media":0,"parent":0,"menu_order":0,"comment_status":"closed","ping_status":"closed","template":"","meta":{"_acf_changed":false,"footnotes":""},"class_list":["post-2779","page","type-page","status-publish","hentry"],"acf":[],"yoast_head":"<!-- This site is optimized with the Yoast SEO plugin v27.5 - https:\/\/yoast.com\/product\/yoast-seo-wordpress\/ -->\n<title>Bestattungsvorsorge international planen | Sicher &amp; individuell<\/title>\n<meta name=\"description\" content=\"Internationale Bestattungsvorsorge: Pers\u00f6nlich, rechtssicher &amp; \u00fcber Grenzen hinweg \u2013 f\u00fcr einen geregelten Abschied nach Ihren W\u00fcnschen.\" \/>\n<meta name=\"robots\" content=\"index, follow, max-snippet:-1, max-image-preview:large, max-video-preview:-1\" \/>\n<link rel=\"canonical\" href=\"https:\/\/international-funeral.com\/en\/provision\/\" \/>\n<meta property=\"og:locale\" content=\"en_GB\" \/>\n<meta property=\"og:type\" content=\"article\" \/>\n<meta property=\"og:title\" content=\"Bestattungsvorsorge international planen | Sicher &amp; individuell\" \/>\n<meta property=\"og:description\" content=\"Internationale Bestattungsvorsorge: Pers\u00f6nlich, rechtssicher &amp; \u00fcber Grenzen hinweg \u2013 f\u00fcr einen geregelten Abschied nach Ihren W\u00fcnschen.\" \/>\n<meta property=\"og:url\" content=\"https:\/\/international-funeral.com\/en\/provision\/\" \/>\n<meta property=\"og:site_name\" content=\"international-funeral.com\" \/>\n<meta property=\"article:modified_time\" content=\"2025-05-23T12:02:26+00:00\" \/>\n<meta name=\"twitter:card\" content=\"summary_large_image\" \/>\n<meta name=\"twitter:label1\" content=\"Estimated reading time\" \/>\n\t<meta name=\"twitter:data1\" content=\"2 minutes\" \/>\n<script type=\"application\/ld+json\" class=\"yoast-schema-graph\">{\"@context\":\"https:\\\/\\\/schema.org\",\"@graph\":[{\"@type\":\"WebPage\",\"@id\":\"https:\\\/\\\/international-funeral.com\\\/vorsorge\\\/\",\"url\":\"https:\\\/\\\/international-funeral.com\\\/vorsorge\\\/\",\"name\":\"Bestattungsvorsorge international planen | Sicher & individuell\",\"isPartOf\":{\"@id\":\"https:\\\/\\\/international-funeral.com\\\/#website\"},\"datePublished\":\"2025-04-17T07:28:13+00:00\",\"dateModified\":\"2025-05-23T12:02:26+00:00\",\"description\":\"Internationale Bestattungsvorsorge: Pers\u00f6nlich, rechtssicher & \u00fcber Grenzen hinweg \u2013 f\u00fcr einen geregelten Abschied nach Ihren W\u00fcnschen.\",\"breadcrumb\":{\"@id\":\"https:\\\/\\\/international-funeral.com\\\/vorsorge\\\/#breadcrumb\"},\"inLanguage\":\"en-GB\",\"potentialAction\":[{\"@type\":\"ReadAction\",\"target\":[\"https:\\\/\\\/international-funeral.com\\\/vorsorge\\\/\"]}]},{\"@type\":\"BreadcrumbList\",\"@id\":\"https:\\\/\\\/international-funeral.com\\\/vorsorge\\\/#breadcrumb\",\"itemListElement\":[{\"@type\":\"ListItem\",\"position\":1,\"name\":\"Startseite\",\"item\":\"https:\\\/\\\/international-funeral.com\\\/\"},{\"@type\":\"ListItem\",\"position\":2,\"name\":\"Vorsorge\"}]},{\"@type\":\"WebSite\",\"@id\":\"https:\\\/\\\/international-funeral.com\\\/#website\",\"url\":\"https:\\\/\\\/international-funeral.com\\\/\",\"name\":\"international-funeral.com\",\"description\":\"Pompes Fun\u00e9bres |\u00a0Funeral Home | Wordwide Transfers\",\"publisher\":{\"@id\":\"https:\\\/\\\/international-funeral.com\\\/#organization\"},\"potentialAction\":[{\"@type\":\"SearchAction\",\"target\":{\"@type\":\"EntryPoint\",\"urlTemplate\":\"https:\\\/\\\/international-funeral.com\\\/?s={search_term_string}\"},\"query-input\":{\"@type\":\"PropertyValueSpecification\",\"valueRequired\":true,\"valueName\":\"search_term_string\"}}],\"inLanguage\":\"en-GB\"},{\"@type\":\"Organization\",\"@id\":\"https:\\\/\\\/international-funeral.com\\\/#organization\",\"name\":\"international-funeral.com\",\"url\":\"https:\\\/\\\/international-funeral.com\\\/\",\"logo\":{\"@type\":\"ImageObject\",\"inLanguage\":\"en-GB\",\"@id\":\"https:\\\/\\\/international-funeral.com\\\/#\\\/schema\\\/logo\\\/image\\\/\",\"url\":\"https:\\\/\\\/international-funeral.com\\\/wp-content\\\/uploads\\\/2025\\\/05\\\/if_logo_pos.png\",\"contentUrl\":\"https:\\\/\\\/international-funeral.com\\\/wp-content\\\/uploads\\\/2025\\\/05\\\/if_logo_pos.png\",\"width\":1890,\"height\":543,\"caption\":\"international-funeral.com\"},\"image\":{\"@id\":\"https:\\\/\\\/international-funeral.com\\\/#\\\/schema\\\/logo\\\/image\\\/\"}}]}<\/script>\n<!-- \/ Yoast SEO plugin. -->","yoast_head_json":{"title":"Planning funeral provisions internationally | Safe &amp; individual","description":"International funeral care: personalised, legally compliant &amp; across borders - for an orderly farewell according to your wishes.","robots":{"index":"index","follow":"follow","max-snippet":"max-snippet:-1","max-image-preview":"max-image-preview:large","max-video-preview":"max-video-preview:-1"},"canonical":"https:\/\/international-funeral.com\/en\/provision\/","og_locale":"en_GB","og_type":"article","og_title":"Bestattungsvorsorge international planen | Sicher & individuell","og_description":"Internationale Bestattungsvorsorge: Pers\u00f6nlich, rechtssicher & \u00fcber Grenzen hinweg \u2013 f\u00fcr einen geregelten Abschied nach Ihren W\u00fcnschen.","og_url":"https:\/\/international-funeral.com\/en\/provision\/","og_site_name":"international-funeral.com","article_modified_time":"2025-05-23T12:02:26+00:00","twitter_card":"summary_large_image","twitter_misc":{"Estimated reading time":"2 minutes"},"schema":{"@context":"https:\/\/schema.org","@graph":[{"@type":"WebPage","@id":"https:\/\/international-funeral.com\/vorsorge\/","url":"https:\/\/international-funeral.com\/vorsorge\/","name":"Planning funeral provisions internationally | Safe &amp; individual","isPartOf":{"@id":"https:\/\/international-funeral.com\/#website"},"datePublished":"2025-04-17T07:28:13+00:00","dateModified":"2025-05-23T12:02:26+00:00","description":"International funeral care: personalised, legally compliant &amp; across borders - for an orderly farewell according to your wishes.","breadcrumb":{"@id":"https:\/\/international-funeral.com\/vorsorge\/#breadcrumb"},"inLanguage":"en-GB","potentialAction":[{"@type":"ReadAction","target":["https:\/\/international-funeral.com\/vorsorge\/"]}]},{"@type":"BreadcrumbList","@id":"https:\/\/international-funeral.com\/vorsorge\/#breadcrumb","itemListElement":[{"@type":"ListItem","position":1,"name":"Startseite","item":"https:\/\/international-funeral.com\/"},{"@type":"ListItem","position":2,"name":"Vorsorge"}]},{"@type":"WebSite","@id":"https:\/\/international-funeral.com\/#website","url":"https:\/\/international-funeral.com\/","name":"international-funeral.com","description":"Pompes Fun\u00e9bres | Funeral Home | Wordwide Transfers","publisher":{"@id":"https:\/\/international-funeral.com\/#organization"},"potentialAction":[{"@type":"SearchAction","target":{"@type":"EntryPoint","urlTemplate":"https:\/\/international-funeral.com\/?s={search_term_string}"},"query-input":{"@type":"PropertyValueSpecification","valueRequired":true,"valueName":"search_term_string"}}],"inLanguage":"en-GB"},{"@type":"Organization","@id":"https:\/\/international-funeral.com\/#organization","name":"international-funeral.com","url":"https:\/\/international-funeral.com\/","logo":{"@type":"ImageObject","inLanguage":"en-GB","@id":"https:\/\/international-funeral.com\/#\/schema\/logo\/image\/","url":"https:\/\/international-funeral.com\/wp-content\/uploads\/2025\/05\/if_logo_pos.png","contentUrl":"https:\/\/international-funeral.com\/wp-content\/uploads\/2025\/05\/if_logo_pos.png","width":1890,"height":543,"caption":"international-funeral.com"},"image":{"@id":"https:\/\/international-funeral.com\/#\/schema\/logo\/image\/"}}]}},"_links":{"self":[{"href":"https:\/\/international-funeral.com\/en\/wp-json\/wp\/v2\/pages\/2779","targetHints":{"allow":["GET"]}}],"collection":[{"href":"https:\/\/international-funeral.com\/en\/wp-json\/wp\/v2\/pages"}],"about":[{"href":"https:\/\/international-funeral.com\/en\/wp-json\/wp\/v2\/types\/page"}],"author":[{"embeddable":true,"href":"https:\/\/international-funeral.com\/en\/wp-json\/wp\/v2\/users\/1"}],"replies":[{"embeddable":true,"href":"https:\/\/international-funeral.com\/en\/wp-json\/wp\/v2\/comments?post=2779"}],"version-history":[{"count":6,"href":"https:\/\/international-funeral.com\/en\/wp-json\/wp\/v2\/pages\/2779\/revisions"}],"predecessor-version":[{"id":3095,"href":"https:\/\/international-funeral.com\/en\/wp-json\/wp\/v2\/pages\/2779\/revisions\/3095"}],"wp:attachment":[{"href":"https:\/\/international-funeral.com\/en\/wp-json\/wp\/v2\/media?parent=2779"}],"curies":[{"name":"wp","href":"https:\/\/api.w.org\/{rel}","templated":true}]}}