{"id":2692,"date":"2025-04-16T14:43:00","date_gmt":"2025-04-16T12:43:00","guid":{"rendered":"https:\/\/international-funeral.com\/?page_id=2692"},"modified":"2025-05-23T13:51:28","modified_gmt":"2025-05-23T11:51:28","slug":"about-us-2","status":"publish","type":"page","link":"https:\/\/international-funeral.com\/en\/ueber-uns\/","title":{"rendered":"About us"},"content":{"rendered":"<div data-elementor-type=\"wp-page\" data-elementor-id=\"2692\" class=\"elementor elementor-2692\" data-elementor-post-type=\"page\">\n\t\t\t\t<div class=\"elementor-element elementor-element-4d57ae9f e-flex e-con-boxed e-con e-parent\" data-id=\"4d57ae9f\" data-element_type=\"container\" data-e-type=\"container\">\n\t\t\t\t\t<div class=\"e-con-inner\">\n\t\t\t\t<div class=\"elementor-element elementor-element-36ab36e6 elementor-widget elementor-widget-text-editor\" data-id=\"36ab36e6\" data-element_type=\"widget\" data-e-type=\"widget\" data-widget_type=\"text-editor.default\">\n\t\t\t\t<div class=\"elementor-widget-container\">\n\t\t\t\t\t\t\t\t\t<h1>International repatriation in the event of death - at your side worldwide<\/h1>\n<p>A death abroad poses major challenges for relatives. With <strong>International Funeral<\/strong> we have focussed on the <strong>Worldwide repatriation of the deceased<\/strong> and offer you a comprehensive service that reliably covers all organisational and legal aspects. From collection at the place of death to obtaining all the necessary documents and transfer to your home country - we take care of every step with the utmost respect and expertise. Our aim is to provide you with relief and security during this difficult time.<\/p><div><br><\/div>\n\n<h2>Multilingual service for international repatriations - German, English, French and Spanish<\/h2>\n<p>Our international team speaks <strong>German, English, French and Spanish<\/strong> and thus ensures smooth communication with authorities, consulates, embassies, airlines and cemeteries worldwide. With over 25 years of experience in funeral services and a reliable partner network in many countries, we organise <strong>International repatriations<\/strong> quickly, reverently and discreetly. Also with the <strong>Funeral provision with an international focus<\/strong> we are available to advise you - in the event that repatriation to your country of origin is desired during your lifetime.<\/p>\n<p><br><\/p>\t\t\t\t\t\t\t\t<\/div>\n\t\t\t\t<\/div>\n\t\t\t\t\t<\/div>\n\t\t\t\t<\/div>\n\t\t\t\t<\/div>","protected":false},"excerpt":{"rendered":"<p>Internationale \u00dcberf\u00fchrungen im Todesfall \u2013 weltweit an Ihrer Seite Ein Todesfall im Ausland stellt Angeh\u00f6rige vor gro\u00dfe Herausforderungen. Bei International Funeral haben wir uns auf die weltweite \u00dcberf\u00fchrung Verstorbener spezialisiert und bieten Ihnen einen umfassenden Service, der alle organisatorischen und rechtlichen Aspekte zuverl\u00e4ssig abdeckt. Von der Abholung am Sterbeort \u00fcber die Beschaffung aller erforderlichen Dokumente [&hellip;]<\/p>\n","protected":false},"author":1,"featured_media":1890,"parent":0,"menu_order":0,"comment_status":"closed","ping_status":"closed","template":"","meta":{"_acf_changed":false,"footnotes":""},"class_list":["post-2692","page","type-page","status-publish","has-post-thumbnail","hentry"],"acf":[],"yoast_head":"<!-- This site is optimized with the Yoast SEO plugin v27.5 - https:\/\/yoast.com\/product\/yoast-seo-wordpress\/ -->\n<title>\u00dcber uns \u2013 Internationale \u00dcberf\u00fchrungen weltweit erkl\u00e4rt<\/title>\n<meta name=\"description\" content=\"Ihr Partner f\u00fcr weltweite \u00dcberf\u00fchrungen im Todesfall: Mehrsprachige Betreuung &amp; komplette Organisation sicher &amp; piet\u00e4tvoll.\" \/>\n<meta name=\"robots\" content=\"index, follow, max-snippet:-1, max-image-preview:large, max-video-preview:-1\" \/>\n<link rel=\"canonical\" href=\"https:\/\/international-funeral.com\/en\/about-us-2\/\" \/>\n<meta property=\"og:locale\" content=\"en_GB\" \/>\n<meta property=\"og:type\" content=\"article\" \/>\n<meta property=\"og:title\" content=\"\u00dcber uns \u2013 Internationale \u00dcberf\u00fchrungen weltweit erkl\u00e4rt\" \/>\n<meta property=\"og:description\" content=\"Ihr Partner f\u00fcr weltweite \u00dcberf\u00fchrungen im Todesfall: Mehrsprachige Betreuung &amp; komplette Organisation sicher &amp; piet\u00e4tvoll.\" \/>\n<meta property=\"og:url\" content=\"https:\/\/international-funeral.com\/en\/about-us-2\/\" \/>\n<meta property=\"og:site_name\" content=\"international-funeral.com\" \/>\n<meta property=\"article:modified_time\" content=\"2025-05-23T11:51:28+00:00\" \/>\n<meta property=\"og:image\" content=\"https:\/\/international-funeral.com\/wp-content\/uploads\/2025\/04\/Leonardo_Phoenix_10_A_bright_and_minimal_sunrise_scene_with_so_0.jpg\" \/>\n\t<meta property=\"og:image:width\" content=\"2560\" \/>\n\t<meta property=\"og:image:height\" content=\"1920\" \/>\n\t<meta property=\"og:image:type\" content=\"image\/jpeg\" \/>\n<meta name=\"twitter:card\" content=\"summary_large_image\" \/>\n<meta name=\"twitter:label1\" content=\"Estimated reading time\" \/>\n\t<meta name=\"twitter:data1\" content=\"2 minutes\" \/>\n<script type=\"application\/ld+json\" class=\"yoast-schema-graph\">{\"@context\":\"https:\\\/\\\/schema.org\",\"@graph\":[{\"@type\":\"WebPage\",\"@id\":\"https:\\\/\\\/international-funeral.com\\\/ueber-uns\\\/\",\"url\":\"https:\\\/\\\/international-funeral.com\\\/ueber-uns\\\/\",\"name\":\"\u00dcber uns \u2013 Internationale \u00dcberf\u00fchrungen weltweit erkl\u00e4rt\",\"isPartOf\":{\"@id\":\"https:\\\/\\\/international-funeral.com\\\/#website\"},\"primaryImageOfPage\":{\"@id\":\"https:\\\/\\\/international-funeral.com\\\/ueber-uns\\\/#primaryimage\"},\"image\":{\"@id\":\"https:\\\/\\\/international-funeral.com\\\/ueber-uns\\\/#primaryimage\"},\"thumbnailUrl\":\"https:\\\/\\\/international-funeral.com\\\/wp-content\\\/uploads\\\/2025\\\/04\\\/Leonardo_Phoenix_10_A_bright_and_minimal_sunrise_scene_with_so_0.jpg\",\"datePublished\":\"2025-04-16T12:43:00+00:00\",\"dateModified\":\"2025-05-23T11:51:28+00:00\",\"description\":\"Ihr Partner f\u00fcr weltweite \u00dcberf\u00fchrungen im Todesfall: Mehrsprachige Betreuung & komplette Organisation sicher & piet\u00e4tvoll.\",\"breadcrumb\":{\"@id\":\"https:\\\/\\\/international-funeral.com\\\/ueber-uns\\\/#breadcrumb\"},\"inLanguage\":\"en-GB\",\"potentialAction\":[{\"@type\":\"ReadAction\",\"target\":[\"https:\\\/\\\/international-funeral.com\\\/ueber-uns\\\/\"]}]},{\"@type\":\"ImageObject\",\"inLanguage\":\"en-GB\",\"@id\":\"https:\\\/\\\/international-funeral.com\\\/ueber-uns\\\/#primaryimage\",\"url\":\"https:\\\/\\\/international-funeral.com\\\/wp-content\\\/uploads\\\/2025\\\/04\\\/Leonardo_Phoenix_10_A_bright_and_minimal_sunrise_scene_with_so_0.jpg\",\"contentUrl\":\"https:\\\/\\\/international-funeral.com\\\/wp-content\\\/uploads\\\/2025\\\/04\\\/Leonardo_Phoenix_10_A_bright_and_minimal_sunrise_scene_with_so_0.jpg\",\"width\":2560,\"height\":1920},{\"@type\":\"BreadcrumbList\",\"@id\":\"https:\\\/\\\/international-funeral.com\\\/ueber-uns\\\/#breadcrumb\",\"itemListElement\":[{\"@type\":\"ListItem\",\"position\":1,\"name\":\"Startseite\",\"item\":\"https:\\\/\\\/international-funeral.com\\\/\"},{\"@type\":\"ListItem\",\"position\":2,\"name\":\"\u00dcber uns\"}]},{\"@type\":\"WebSite\",\"@id\":\"https:\\\/\\\/international-funeral.com\\\/#website\",\"url\":\"https:\\\/\\\/international-funeral.com\\\/\",\"name\":\"international-funeral.com\",\"description\":\"Pompes Fun\u00e9bres |\u00a0Funeral Home | Wordwide Transfers\",\"publisher\":{\"@id\":\"https:\\\/\\\/international-funeral.com\\\/#organization\"},\"potentialAction\":[{\"@type\":\"SearchAction\",\"target\":{\"@type\":\"EntryPoint\",\"urlTemplate\":\"https:\\\/\\\/international-funeral.com\\\/?s={search_term_string}\"},\"query-input\":{\"@type\":\"PropertyValueSpecification\",\"valueRequired\":true,\"valueName\":\"search_term_string\"}}],\"inLanguage\":\"en-GB\"},{\"@type\":\"Organization\",\"@id\":\"https:\\\/\\\/international-funeral.com\\\/#organization\",\"name\":\"international-funeral.com\",\"url\":\"https:\\\/\\\/international-funeral.com\\\/\",\"logo\":{\"@type\":\"ImageObject\",\"inLanguage\":\"en-GB\",\"@id\":\"https:\\\/\\\/international-funeral.com\\\/#\\\/schema\\\/logo\\\/image\\\/\",\"url\":\"https:\\\/\\\/international-funeral.com\\\/wp-content\\\/uploads\\\/2025\\\/05\\\/if_logo_pos.png\",\"contentUrl\":\"https:\\\/\\\/international-funeral.com\\\/wp-content\\\/uploads\\\/2025\\\/05\\\/if_logo_pos.png\",\"width\":1890,\"height\":543,\"caption\":\"international-funeral.com\"},\"image\":{\"@id\":\"https:\\\/\\\/international-funeral.com\\\/#\\\/schema\\\/logo\\\/image\\\/\"}}]}<\/script>\n<!-- \/ Yoast SEO plugin. -->","yoast_head_json":{"title":"About us - International transfers explained worldwide","description":"Your partner for worldwide repatriations in the event of death: multilingual support &amp; complete organisation, safe &amp; reverent.","robots":{"index":"index","follow":"follow","max-snippet":"max-snippet:-1","max-image-preview":"max-image-preview:large","max-video-preview":"max-video-preview:-1"},"canonical":"https:\/\/international-funeral.com\/en\/about-us-2\/","og_locale":"en_GB","og_type":"article","og_title":"\u00dcber uns \u2013 Internationale \u00dcberf\u00fchrungen weltweit erkl\u00e4rt","og_description":"Ihr Partner f\u00fcr weltweite \u00dcberf\u00fchrungen im Todesfall: Mehrsprachige Betreuung & komplette Organisation sicher & piet\u00e4tvoll.","og_url":"https:\/\/international-funeral.com\/en\/about-us-2\/","og_site_name":"international-funeral.com","article_modified_time":"2025-05-23T11:51:28+00:00","og_image":[{"width":2560,"height":1920,"url":"https:\/\/international-funeral.com\/wp-content\/uploads\/2025\/04\/Leonardo_Phoenix_10_A_bright_and_minimal_sunrise_scene_with_so_0.jpg","type":"image\/jpeg"}],"twitter_card":"summary_large_image","twitter_misc":{"Estimated reading time":"2 minutes"},"schema":{"@context":"https:\/\/schema.org","@graph":[{"@type":"WebPage","@id":"https:\/\/international-funeral.com\/ueber-uns\/","url":"https:\/\/international-funeral.com\/ueber-uns\/","name":"About us - International transfers explained worldwide","isPartOf":{"@id":"https:\/\/international-funeral.com\/#website"},"primaryImageOfPage":{"@id":"https:\/\/international-funeral.com\/ueber-uns\/#primaryimage"},"image":{"@id":"https:\/\/international-funeral.com\/ueber-uns\/#primaryimage"},"thumbnailUrl":"https:\/\/international-funeral.com\/wp-content\/uploads\/2025\/04\/Leonardo_Phoenix_10_A_bright_and_minimal_sunrise_scene_with_so_0.jpg","datePublished":"2025-04-16T12:43:00+00:00","dateModified":"2025-05-23T11:51:28+00:00","description":"Your partner for worldwide repatriations in the event of death: multilingual support &amp; complete organisation, safe &amp; reverent.","breadcrumb":{"@id":"https:\/\/international-funeral.com\/ueber-uns\/#breadcrumb"},"inLanguage":"en-GB","potentialAction":[{"@type":"ReadAction","target":["https:\/\/international-funeral.com\/ueber-uns\/"]}]},{"@type":"ImageObject","inLanguage":"en-GB","@id":"https:\/\/international-funeral.com\/ueber-uns\/#primaryimage","url":"https:\/\/international-funeral.com\/wp-content\/uploads\/2025\/04\/Leonardo_Phoenix_10_A_bright_and_minimal_sunrise_scene_with_so_0.jpg","contentUrl":"https:\/\/international-funeral.com\/wp-content\/uploads\/2025\/04\/Leonardo_Phoenix_10_A_bright_and_minimal_sunrise_scene_with_so_0.jpg","width":2560,"height":1920},{"@type":"BreadcrumbList","@id":"https:\/\/international-funeral.com\/ueber-uns\/#breadcrumb","itemListElement":[{"@type":"ListItem","position":1,"name":"Startseite","item":"https:\/\/international-funeral.com\/"},{"@type":"ListItem","position":2,"name":"\u00dcber uns"}]},{"@type":"WebSite","@id":"https:\/\/international-funeral.com\/#website","url":"https:\/\/international-funeral.com\/","name":"international-funeral.com","description":"Pompes Fun\u00e9bres | Funeral Home | Wordwide Transfers","publisher":{"@id":"https:\/\/international-funeral.com\/#organization"},"potentialAction":[{"@type":"SearchAction","target":{"@type":"EntryPoint","urlTemplate":"https:\/\/international-funeral.com\/?s={search_term_string}"},"query-input":{"@type":"PropertyValueSpecification","valueRequired":true,"valueName":"search_term_string"}}],"inLanguage":"en-GB"},{"@type":"Organization","@id":"https:\/\/international-funeral.com\/#organization","name":"international-funeral.com","url":"https:\/\/international-funeral.com\/","logo":{"@type":"ImageObject","inLanguage":"en-GB","@id":"https:\/\/international-funeral.com\/#\/schema\/logo\/image\/","url":"https:\/\/international-funeral.com\/wp-content\/uploads\/2025\/05\/if_logo_pos.png","contentUrl":"https:\/\/international-funeral.com\/wp-content\/uploads\/2025\/05\/if_logo_pos.png","width":1890,"height":543,"caption":"international-funeral.com"},"image":{"@id":"https:\/\/international-funeral.com\/#\/schema\/logo\/image\/"}}]}},"_links":{"self":[{"href":"https:\/\/international-funeral.com\/en\/wp-json\/wp\/v2\/pages\/2692","targetHints":{"allow":["GET"]}}],"collection":[{"href":"https:\/\/international-funeral.com\/en\/wp-json\/wp\/v2\/pages"}],"about":[{"href":"https:\/\/international-funeral.com\/en\/wp-json\/wp\/v2\/types\/page"}],"author":[{"embeddable":true,"href":"https:\/\/international-funeral.com\/en\/wp-json\/wp\/v2\/users\/1"}],"replies":[{"embeddable":true,"href":"https:\/\/international-funeral.com\/en\/wp-json\/wp\/v2\/comments?post=2692"}],"version-history":[{"count":10,"href":"https:\/\/international-funeral.com\/en\/wp-json\/wp\/v2\/pages\/2692\/revisions"}],"predecessor-version":[{"id":2817,"href":"https:\/\/international-funeral.com\/en\/wp-json\/wp\/v2\/pages\/2692\/revisions\/2817"}],"wp:featuredmedia":[{"embeddable":true,"href":"https:\/\/international-funeral.com\/en\/wp-json\/wp\/v2\/media\/1890"}],"wp:attachment":[{"href":"https:\/\/international-funeral.com\/en\/wp-json\/wp\/v2\/media?parent=2692"}],"curies":[{"name":"wp","href":"https:\/\/api.w.org\/{rel}","templated":true}]}}