{"id":2434,"date":"2025-04-13T19:21:21","date_gmt":"2025-04-13T17:21:21","guid":{"rendered":"https:\/\/international-funeral.com\/?page_id=2434"},"modified":"2025-05-23T13:57:04","modified_gmt":"2025-05-23T11:57:04","slug":"europe","status":"publish","type":"page","link":"https:\/\/international-funeral.com\/en\/ueberfuehrung\/europa\/","title":{"rendered":"Europe"},"content":{"rendered":"<div data-elementor-type=\"wp-page\" data-elementor-id=\"2434\" class=\"elementor elementor-2434\" data-elementor-post-type=\"page\">\n\t\t\t\t<div class=\"elementor-element elementor-element-574f422 e-con-full e-flex e-con e-parent\" data-id=\"574f422\" data-element_type=\"container\" data-e-type=\"container\">\n\t\t\t\t<div class=\"elementor-element elementor-element-87be24c elementor-widget elementor-widget-heading\" data-id=\"87be24c\" data-element_type=\"widget\" data-e-type=\"widget\" data-widget_type=\"heading.default\">\n\t\t\t\t<div class=\"elementor-widget-container\">\n\t\t\t\t\t<h1 class=\"elementor-heading-title elementor-size-default\">EU transfers: Fast, regulated and with a sure instinct<\/h1>\t\t\t\t<\/div>\n\t\t\t\t<\/div>\n\t\t\t\t<div class=\"elementor-element elementor-element-e8d6e67 elementor-widget elementor-widget-text-editor\" data-id=\"e8d6e67\" data-element_type=\"widget\" data-e-type=\"widget\" data-widget_type=\"text-editor.default\">\n\t\t\t\t<div class=\"elementor-widget-container\">\n\t\t\t\t\t\t\t\t\tA death within the European Union often means fewer bureaucratic hurdles than outside Europe - but there are still many regulations to be observed.\nAs a specialist in EU transfers, we know the country-specific regulations, work together with experienced funeral directors throughout Europe and accompany you through the entire process - humanely, competently and reliably.\t\t\t\t\t\t\t\t<\/div>\n\t\t\t\t<\/div>\n\t\t\t\t<div class=\"elementor-element elementor-element-871119d elementor-widget elementor-widget-heading\" data-id=\"871119d\" data-element_type=\"widget\" data-e-type=\"widget\" data-widget_type=\"heading.default\">\n\t\t\t\t<div class=\"elementor-widget-container\">\n\t\t\t\t\t<h2 class=\"elementor-heading-title elementor-size-default\">Your advantages for transfers within the EU<\/h2>\t\t\t\t<\/div>\n\t\t\t\t<\/div>\n\t\t\t\t<div class=\"elementor-element elementor-element-8341f7d elementor-widget elementor-widget-text-editor\" data-id=\"8341f7d\" data-element_type=\"widget\" data-e-type=\"widget\" data-widget_type=\"text-editor.default\">\n\t\t\t\t<div class=\"elementor-widget-container\">\n\t\t\t\t\t\t\t\t\t<p>You benefit from simplified procedures for repatriations or repatriations abroad to EU countries. However, there are a few things to consider here too - such as the choice of transport (country, air), formalities and language.<br \/>We offer you:<\/p><ul><li>Fast transfer thanks to short distances<\/li><li>Direct communication with authorities in the local language<\/li><li>Support for all documents (also multilingual)<\/li><li>Knowledge of all current EU regulations<br \/><br \/><\/li><\/ul><p>We pay particular attention to a dignified approach and the individual wishes of the relatives - even in the case of culturally influenced requirements.<\/p>\t\t\t\t\t\t\t\t<\/div>\n\t\t\t\t<\/div>\n\t\t\t\t<div class=\"elementor-element elementor-element-fe0201f elementor-widget elementor-widget-heading\" data-id=\"fe0201f\" data-element_type=\"widget\" data-e-type=\"widget\" data-widget_type=\"heading.default\">\n\t\t\t\t<div class=\"elementor-widget-container\">\n\t\t\t\t\t<h3 class=\"elementor-heading-title elementor-size-default\">Where we carry out transfers within the EU<\/h3>\t\t\t\t<\/div>\n\t\t\t\t<\/div>\n\t\t\t\t<div class=\"elementor-element elementor-element-6576b63 elementor-widget elementor-widget-text-editor\" data-id=\"6576b63\" data-element_type=\"widget\" data-e-type=\"widget\" data-widget_type=\"text-editor.default\">\n\t\t\t\t<div class=\"elementor-widget-container\">\n\t\t\t\t\t\t\t\t\t<p>We regularly organise transfers within and from the EU - including to:<\/p><ul><li>Poland, Romania, Bulgaria, Croatia<\/li><li>France, Spain, Italy, Greece<\/li><li>Scandinavian countries such as Denmark, Sweden and Finland<\/li><li>Benelux and neighbouring regions (Belgium, Netherlands, Luxembourg)<\/li><li>and much more.<\/li><\/ul><p>\u00a0<\/p><p>Our network of European partners enables fast, dignified and safe repatriation - within a few days and with continuous support.<\/p><p>Request more about EU transfers<\/p>\t\t\t\t\t\t\t\t<\/div>\n\t\t\t\t<\/div>\n\t\t\t\t<\/div>\n\t\t\t\t<\/div>","protected":false},"excerpt":{"rendered":"<p>EU-\u00dcberf\u00fchrungen: Schnell, geregelt und mit Fingerspitzengef\u00fchl Ein Todesfall innerhalb der Europ\u00e4ischen Union bedeutet zwar oft weniger b\u00fcrokratische H\u00fcrden als au\u00dferhalb Europas \u2013 dennoch sind viele Regularien zu beachten. Als Spezialist f\u00fcr EU-\u00dcberf\u00fchrungen kennen wir die l\u00e4nderspezifischen Vorschriften, arbeiten mit erfahrenen Bestattungsunternehmen europaweit zusammen und begleiten Sie durch den gesamten Prozess \u2013 menschlich, kompetent und zuverl\u00e4ssig. [&hellip;]<\/p>\n","protected":false},"author":1,"featured_media":0,"parent":167,"menu_order":0,"comment_status":"closed","ping_status":"closed","template":"","meta":{"_acf_changed":false,"footnotes":""},"class_list":["post-2434","page","type-page","status-publish","hentry"],"acf":[],"yoast_head":"<!-- This site is optimized with the Yoast SEO plugin v27.5 - https:\/\/yoast.com\/product\/yoast-seo-wordpress\/ -->\n<title>EU-\u00dcberf\u00fchrungen im Todesfall | Schnell &amp; geregelt begleitet<\/title>\n<meta name=\"description\" content=\"Schnelle, sichere R\u00fcckf\u00fchrungen innerhalb der EU, mit Erfahrung, Sprachexpertise &amp; Kenntnis aller Regularien. Wir begleiten Sie zuverl\u00e4ssig.\" \/>\n<meta name=\"robots\" content=\"index, follow, max-snippet:-1, max-image-preview:large, max-video-preview:-1\" \/>\n<link rel=\"canonical\" href=\"https:\/\/international-funeral.com\/en\/transfer\/europe\/\" \/>\n<meta property=\"og:locale\" content=\"en_GB\" \/>\n<meta property=\"og:type\" content=\"article\" \/>\n<meta property=\"og:title\" content=\"EU-\u00dcberf\u00fchrungen im Todesfall | Schnell &amp; geregelt begleitet\" \/>\n<meta property=\"og:description\" content=\"Schnelle, sichere R\u00fcckf\u00fchrungen innerhalb der EU, mit Erfahrung, Sprachexpertise &amp; Kenntnis aller Regularien. Wir begleiten Sie zuverl\u00e4ssig.\" \/>\n<meta property=\"og:url\" content=\"https:\/\/international-funeral.com\/en\/transfer\/europe\/\" \/>\n<meta property=\"og:site_name\" content=\"international-funeral.com\" \/>\n<meta property=\"article:modified_time\" content=\"2025-05-23T11:57:04+00:00\" \/>\n<meta name=\"twitter:card\" content=\"summary_large_image\" \/>\n<meta name=\"twitter:label1\" content=\"Estimated reading time\" \/>\n\t<meta name=\"twitter:data1\" content=\"2 minutes\" \/>\n<script type=\"application\/ld+json\" class=\"yoast-schema-graph\">{\"@context\":\"https:\\\/\\\/schema.org\",\"@graph\":[{\"@type\":\"WebPage\",\"@id\":\"https:\\\/\\\/international-funeral.com\\\/ueberfuehrung\\\/europa\\\/\",\"url\":\"https:\\\/\\\/international-funeral.com\\\/ueberfuehrung\\\/europa\\\/\",\"name\":\"EU-\u00dcberf\u00fchrungen im Todesfall | Schnell & geregelt begleitet\",\"isPartOf\":{\"@id\":\"https:\\\/\\\/international-funeral.com\\\/#website\"},\"datePublished\":\"2025-04-13T17:21:21+00:00\",\"dateModified\":\"2025-05-23T11:57:04+00:00\",\"description\":\"Schnelle, sichere R\u00fcckf\u00fchrungen innerhalb der EU, mit Erfahrung, Sprachexpertise & Kenntnis aller Regularien. Wir begleiten Sie zuverl\u00e4ssig.\",\"breadcrumb\":{\"@id\":\"https:\\\/\\\/international-funeral.com\\\/ueberfuehrung\\\/europa\\\/#breadcrumb\"},\"inLanguage\":\"en-GB\",\"potentialAction\":[{\"@type\":\"ReadAction\",\"target\":[\"https:\\\/\\\/international-funeral.com\\\/ueberfuehrung\\\/europa\\\/\"]}]},{\"@type\":\"BreadcrumbList\",\"@id\":\"https:\\\/\\\/international-funeral.com\\\/ueberfuehrung\\\/europa\\\/#breadcrumb\",\"itemListElement\":[{\"@type\":\"ListItem\",\"position\":1,\"name\":\"Startseite\",\"item\":\"https:\\\/\\\/international-funeral.com\\\/\"},{\"@type\":\"ListItem\",\"position\":2,\"name\":\"Weltweite \u00dcberf\u00fchrungen\",\"item\":\"https:\\\/\\\/international-funeral.com\\\/ueberfuehrung\\\/\"},{\"@type\":\"ListItem\",\"position\":3,\"name\":\"Europa\"}]},{\"@type\":\"WebSite\",\"@id\":\"https:\\\/\\\/international-funeral.com\\\/#website\",\"url\":\"https:\\\/\\\/international-funeral.com\\\/\",\"name\":\"international-funeral.com\",\"description\":\"Pompes Fun\u00e9bres |\u00a0Funeral Home | Wordwide Transfers\",\"publisher\":{\"@id\":\"https:\\\/\\\/international-funeral.com\\\/#organization\"},\"potentialAction\":[{\"@type\":\"SearchAction\",\"target\":{\"@type\":\"EntryPoint\",\"urlTemplate\":\"https:\\\/\\\/international-funeral.com\\\/?s={search_term_string}\"},\"query-input\":{\"@type\":\"PropertyValueSpecification\",\"valueRequired\":true,\"valueName\":\"search_term_string\"}}],\"inLanguage\":\"en-GB\"},{\"@type\":\"Organization\",\"@id\":\"https:\\\/\\\/international-funeral.com\\\/#organization\",\"name\":\"international-funeral.com\",\"url\":\"https:\\\/\\\/international-funeral.com\\\/\",\"logo\":{\"@type\":\"ImageObject\",\"inLanguage\":\"en-GB\",\"@id\":\"https:\\\/\\\/international-funeral.com\\\/#\\\/schema\\\/logo\\\/image\\\/\",\"url\":\"https:\\\/\\\/international-funeral.com\\\/wp-content\\\/uploads\\\/2025\\\/05\\\/if_logo_pos.png\",\"contentUrl\":\"https:\\\/\\\/international-funeral.com\\\/wp-content\\\/uploads\\\/2025\\\/05\\\/if_logo_pos.png\",\"width\":1890,\"height\":543,\"caption\":\"international-funeral.com\"},\"image\":{\"@id\":\"https:\\\/\\\/international-funeral.com\\\/#\\\/schema\\\/logo\\\/image\\\/\"}}]}<\/script>\n<!-- \/ Yoast SEO plugin. -->","yoast_head_json":{"title":"EU transfers in the event of death | Fast &amp; organised support","description":"Fast, safe repatriations within the EU, with experience, language expertise &amp; knowledge of all regulations. We accompany you reliably.","robots":{"index":"index","follow":"follow","max-snippet":"max-snippet:-1","max-image-preview":"max-image-preview:large","max-video-preview":"max-video-preview:-1"},"canonical":"https:\/\/international-funeral.com\/en\/transfer\/europe\/","og_locale":"en_GB","og_type":"article","og_title":"EU-\u00dcberf\u00fchrungen im Todesfall | Schnell & geregelt begleitet","og_description":"Schnelle, sichere R\u00fcckf\u00fchrungen innerhalb der EU, mit Erfahrung, Sprachexpertise & Kenntnis aller Regularien. Wir begleiten Sie zuverl\u00e4ssig.","og_url":"https:\/\/international-funeral.com\/en\/transfer\/europe\/","og_site_name":"international-funeral.com","article_modified_time":"2025-05-23T11:57:04+00:00","twitter_card":"summary_large_image","twitter_misc":{"Estimated reading time":"2 minutes"},"schema":{"@context":"https:\/\/schema.org","@graph":[{"@type":"WebPage","@id":"https:\/\/international-funeral.com\/ueberfuehrung\/europa\/","url":"https:\/\/international-funeral.com\/ueberfuehrung\/europa\/","name":"EU transfers in the event of death | Fast &amp; organised support","isPartOf":{"@id":"https:\/\/international-funeral.com\/#website"},"datePublished":"2025-04-13T17:21:21+00:00","dateModified":"2025-05-23T11:57:04+00:00","description":"Fast, safe repatriations within the EU, with experience, language expertise &amp; knowledge of all regulations. We accompany you reliably.","breadcrumb":{"@id":"https:\/\/international-funeral.com\/ueberfuehrung\/europa\/#breadcrumb"},"inLanguage":"en-GB","potentialAction":[{"@type":"ReadAction","target":["https:\/\/international-funeral.com\/ueberfuehrung\/europa\/"]}]},{"@type":"BreadcrumbList","@id":"https:\/\/international-funeral.com\/ueberfuehrung\/europa\/#breadcrumb","itemListElement":[{"@type":"ListItem","position":1,"name":"Startseite","item":"https:\/\/international-funeral.com\/"},{"@type":"ListItem","position":2,"name":"Weltweite \u00dcberf\u00fchrungen","item":"https:\/\/international-funeral.com\/ueberfuehrung\/"},{"@type":"ListItem","position":3,"name":"Europa"}]},{"@type":"WebSite","@id":"https:\/\/international-funeral.com\/#website","url":"https:\/\/international-funeral.com\/","name":"international-funeral.com","description":"Pompes Fun\u00e9bres | Funeral Home | Wordwide Transfers","publisher":{"@id":"https:\/\/international-funeral.com\/#organization"},"potentialAction":[{"@type":"SearchAction","target":{"@type":"EntryPoint","urlTemplate":"https:\/\/international-funeral.com\/?s={search_term_string}"},"query-input":{"@type":"PropertyValueSpecification","valueRequired":true,"valueName":"search_term_string"}}],"inLanguage":"en-GB"},{"@type":"Organization","@id":"https:\/\/international-funeral.com\/#organization","name":"international-funeral.com","url":"https:\/\/international-funeral.com\/","logo":{"@type":"ImageObject","inLanguage":"en-GB","@id":"https:\/\/international-funeral.com\/#\/schema\/logo\/image\/","url":"https:\/\/international-funeral.com\/wp-content\/uploads\/2025\/05\/if_logo_pos.png","contentUrl":"https:\/\/international-funeral.com\/wp-content\/uploads\/2025\/05\/if_logo_pos.png","width":1890,"height":543,"caption":"international-funeral.com"},"image":{"@id":"https:\/\/international-funeral.com\/#\/schema\/logo\/image\/"}}]}},"_links":{"self":[{"href":"https:\/\/international-funeral.com\/en\/wp-json\/wp\/v2\/pages\/2434","targetHints":{"allow":["GET"]}}],"collection":[{"href":"https:\/\/international-funeral.com\/en\/wp-json\/wp\/v2\/pages"}],"about":[{"href":"https:\/\/international-funeral.com\/en\/wp-json\/wp\/v2\/types\/page"}],"author":[{"embeddable":true,"href":"https:\/\/international-funeral.com\/en\/wp-json\/wp\/v2\/users\/1"}],"replies":[{"embeddable":true,"href":"https:\/\/international-funeral.com\/en\/wp-json\/wp\/v2\/comments?post=2434"}],"version-history":[{"count":6,"href":"https:\/\/international-funeral.com\/en\/wp-json\/wp\/v2\/pages\/2434\/revisions"}],"predecessor-version":[{"id":3069,"href":"https:\/\/international-funeral.com\/en\/wp-json\/wp\/v2\/pages\/2434\/revisions\/3069"}],"up":[{"embeddable":true,"href":"https:\/\/international-funeral.com\/en\/wp-json\/wp\/v2\/pages\/167"}],"wp:attachment":[{"href":"https:\/\/international-funeral.com\/en\/wp-json\/wp\/v2\/media?parent=2434"}],"curies":[{"name":"wp","href":"https:\/\/api.w.org\/{rel}","templated":true}]}}