{"id":2424,"date":"2025-04-13T19:13:58","date_gmt":"2025-04-13T17:13:58","guid":{"rendered":"https:\/\/international-funeral.com\/?page_id=2424"},"modified":"2025-05-23T13:54:54","modified_gmt":"2025-05-23T11:54:54","slug":"international","status":"publish","type":"page","link":"https:\/\/international-funeral.com\/en\/ueberfuehrung\/international\/","title":{"rendered":"International Repatriations"},"content":{"rendered":"<div data-elementor-type=\"wp-page\" data-elementor-id=\"2424\" class=\"elementor elementor-2424\" data-elementor-post-type=\"page\">\n\t\t\t\t<div class=\"elementor-element elementor-element-fc5bac4 e-flex e-con-boxed e-con e-parent\" data-id=\"fc5bac4\" data-element_type=\"container\" data-e-type=\"container\">\n\t\t\t\t\t<div class=\"e-con-inner\">\n\t\t\t\t<div class=\"elementor-element elementor-element-531038f elementor-widget elementor-widget-heading\" data-id=\"531038f\" data-element_type=\"widget\" data-e-type=\"widget\" data-widget_type=\"heading.default\">\n\t\t\t\t<div class=\"elementor-widget-container\">\n\t\t\t\t\t<h1 class=\"elementor-heading-title elementor-size-default\">International transfers with experience and respect<\/h1>\t\t\t\t<\/div>\n\t\t\t\t<\/div>\n\t\t\t\t<div class=\"elementor-element elementor-element-d3cea8d elementor-widget elementor-widget-text-editor\" data-id=\"d3cea8d\" data-element_type=\"widget\" data-e-type=\"widget\" data-widget_type=\"text-editor.default\">\n\t\t\t\t<div class=\"elementor-widget-container\">\n\t\t\t\t\t\t\t\t\tA death abroad is an exceptional emotional situation - often additionally stressful for relatives due to language barriers, foreign laws and a lack of contacts.\nAs an experienced funeral home with an international focus, we ensure that every repatriation is carried out professionally, reverently and reliably - from anywhere in the world.\n\nWe take care of all the organisational and logistical steps so that you don't have to deal with authorities, documents and translations.\t\t\t\t\t\t\t\t<\/div>\n\t\t\t\t<\/div>\n\t\t\t\t<div class=\"elementor-element elementor-element-7b9d237 elementor-widget elementor-widget-heading\" data-id=\"7b9d237\" data-element_type=\"widget\" data-e-type=\"widget\" data-widget_type=\"heading.default\">\n\t\t\t\t<div class=\"elementor-widget-container\">\n\t\t\t\t\t<h2 class=\"elementor-heading-title elementor-size-default\">Globally networked - with local partners on all continents<\/h2>\t\t\t\t<\/div>\n\t\t\t\t<\/div>\n\t\t\t\t<div class=\"elementor-element elementor-element-7270ad4 elementor-widget elementor-widget-text-editor\" data-id=\"7270ad4\" data-element_type=\"widget\" data-e-type=\"widget\" data-widget_type=\"text-editor.default\">\n\t\t\t\t<div class=\"elementor-widget-container\">\n\t\t\t\t\t\t\t\t\t<p>Whether repatriation from Europe, Asia, Africa, North or South America: we know the entry regulations, customs requirements and burial laws of the respective countries.<br \/>Our international co-operation with:<\/p><ul><li>Consulates and embassies<\/li><li>Local funeral parlours worldwide<\/li><li>Airlines with transfer certificates<\/li><li>Translation agencies and notary's offices<\/li><\/ul><p>\u00a0<\/p><p>guarantees you a speedy and smooth repatriation or transfer abroad. Every step is carried out in accordance with the religious and cultural requirements of your home country.<\/p>\t\t\t\t\t\t\t\t<\/div>\n\t\t\t\t<\/div>\n\t\t\t\t<div class=\"elementor-element elementor-element-abaeff5 elementor-widget elementor-widget-heading\" data-id=\"abaeff5\" data-element_type=\"widget\" data-e-type=\"widget\" data-widget_type=\"heading.default\">\n\t\t\t\t<div class=\"elementor-widget-container\">\n\t\t\t\t\t<h3 class=\"elementor-heading-title elementor-size-default\">Transparent processes &amp; personal support<\/h3>\t\t\t\t<\/div>\n\t\t\t\t<\/div>\n\t\t\t\t<div class=\"elementor-element elementor-element-282dc9f elementor-widget elementor-widget-text-editor\" data-id=\"282dc9f\" data-element_type=\"widget\" data-e-type=\"widget\" data-widget_type=\"text-editor.default\">\n\t\t\t\t<div class=\"elementor-widget-container\">\n\t\t\t\t\t\t\t\t\t<p>Trust is crucial, especially for international transfers. We will provide you with a personal contact person who will accompany you step by step.<br \/>We explain the process to you in a clear and comprehensible manner, take care of the scheduling and ensure that all documents are available on time and correctly - e.g:<\/p><ul><li>International death certificates and apostilles<\/li><li>Flight reservations and coffin transport<\/li><li>Customs and import documents<\/li><li>Funeral and entry forms<\/li><\/ul><p>Our experience is your advantage - we know what to do in which situation and act immediately.<\/p><p>Find out more about our international services<\/p>\t\t\t\t\t\t\t\t<\/div>\n\t\t\t\t<\/div>\n\t\t\t\t\t<\/div>\n\t\t\t\t<\/div>\n\t\t\t\t<\/div>","protected":false},"excerpt":{"rendered":"<p>Internationale \u00dcberf\u00fchrungen mit Erfahrung und Respekt Ein Todesfall im Ausland ist eine emotionale Ausnahmesituation \u2013 f\u00fcr Angeh\u00f6rige oft zus\u00e4tzlich belastend durch sprachliche H\u00fcrden, fremde Gesetze und fehlende Ansprechpartner. Als erfahrenes Bestattungsunternehmen mit internationalem Schwerpunkt sorgen wir daf\u00fcr, dass jede \u00dcberf\u00fchrung professionell, piet\u00e4tvoll und zuverl\u00e4ssig abl\u00e4uft \u2013 von jedem Ort der Welt aus. Wir k\u00fcmmern uns [&hellip;]<\/p>\n","protected":false},"author":1,"featured_media":0,"parent":167,"menu_order":0,"comment_status":"closed","ping_status":"closed","template":"","meta":{"_acf_changed":false,"footnotes":""},"class_list":["post-2424","page","type-page","status-publish","hentry"],"acf":[],"yoast_head":"<!-- This site is optimized with the Yoast SEO plugin v27.5 - https:\/\/yoast.com\/product\/yoast-seo-wordpress\/ -->\n<title>Internationale \u00dcberf\u00fchrungen weltweit | Mit Erfahrung &amp; Respekt<\/title>\n<meta name=\"description\" content=\"Weltweite \u00dcberf\u00fchrungen im Todesfall: Rechtssicher, kultursensibel &amp; pers\u00f6nlich begleitet \u2013 mit Erfahrung auf allen Kontinenten.\" \/>\n<meta name=\"robots\" content=\"index, follow, max-snippet:-1, max-image-preview:large, max-video-preview:-1\" \/>\n<link rel=\"canonical\" href=\"https:\/\/international-funeral.com\/en\/transfer\/international\/\" \/>\n<meta property=\"og:locale\" content=\"en_GB\" \/>\n<meta property=\"og:type\" content=\"article\" \/>\n<meta property=\"og:title\" content=\"Internationale \u00dcberf\u00fchrungen weltweit | Mit Erfahrung &amp; Respekt\" \/>\n<meta property=\"og:description\" content=\"Weltweite \u00dcberf\u00fchrungen im Todesfall: Rechtssicher, kultursensibel &amp; pers\u00f6nlich begleitet \u2013 mit Erfahrung auf allen Kontinenten.\" \/>\n<meta property=\"og:url\" content=\"https:\/\/international-funeral.com\/en\/transfer\/international\/\" \/>\n<meta property=\"og:site_name\" content=\"international-funeral.com\" \/>\n<meta property=\"article:modified_time\" content=\"2025-05-23T11:54:54+00:00\" \/>\n<meta name=\"twitter:card\" content=\"summary_large_image\" \/>\n<meta name=\"twitter:label1\" content=\"Estimated reading time\" \/>\n\t<meta name=\"twitter:data1\" content=\"2 minutes\" \/>\n<script type=\"application\/ld+json\" class=\"yoast-schema-graph\">{\"@context\":\"https:\\\/\\\/schema.org\",\"@graph\":[{\"@type\":\"WebPage\",\"@id\":\"https:\\\/\\\/international-funeral.com\\\/ueberfuehrung\\\/international\\\/\",\"url\":\"https:\\\/\\\/international-funeral.com\\\/ueberfuehrung\\\/international\\\/\",\"name\":\"Internationale \u00dcberf\u00fchrungen weltweit | Mit Erfahrung & Respekt\",\"isPartOf\":{\"@id\":\"https:\\\/\\\/international-funeral.com\\\/#website\"},\"datePublished\":\"2025-04-13T17:13:58+00:00\",\"dateModified\":\"2025-05-23T11:54:54+00:00\",\"description\":\"Weltweite \u00dcberf\u00fchrungen im Todesfall: Rechtssicher, kultursensibel & pers\u00f6nlich begleitet \u2013 mit Erfahrung auf allen Kontinenten.\",\"breadcrumb\":{\"@id\":\"https:\\\/\\\/international-funeral.com\\\/ueberfuehrung\\\/international\\\/#breadcrumb\"},\"inLanguage\":\"en-GB\",\"potentialAction\":[{\"@type\":\"ReadAction\",\"target\":[\"https:\\\/\\\/international-funeral.com\\\/ueberfuehrung\\\/international\\\/\"]}]},{\"@type\":\"BreadcrumbList\",\"@id\":\"https:\\\/\\\/international-funeral.com\\\/ueberfuehrung\\\/international\\\/#breadcrumb\",\"itemListElement\":[{\"@type\":\"ListItem\",\"position\":1,\"name\":\"Startseite\",\"item\":\"https:\\\/\\\/international-funeral.com\\\/\"},{\"@type\":\"ListItem\",\"position\":2,\"name\":\"Weltweite \u00dcberf\u00fchrungen\",\"item\":\"https:\\\/\\\/international-funeral.com\\\/ueberfuehrung\\\/\"},{\"@type\":\"ListItem\",\"position\":3,\"name\":\"Internationale \u00dcberf\u00fchrungen\"}]},{\"@type\":\"WebSite\",\"@id\":\"https:\\\/\\\/international-funeral.com\\\/#website\",\"url\":\"https:\\\/\\\/international-funeral.com\\\/\",\"name\":\"international-funeral.com\",\"description\":\"Pompes Fun\u00e9bres |\u00a0Funeral Home | Wordwide Transfers\",\"publisher\":{\"@id\":\"https:\\\/\\\/international-funeral.com\\\/#organization\"},\"potentialAction\":[{\"@type\":\"SearchAction\",\"target\":{\"@type\":\"EntryPoint\",\"urlTemplate\":\"https:\\\/\\\/international-funeral.com\\\/?s={search_term_string}\"},\"query-input\":{\"@type\":\"PropertyValueSpecification\",\"valueRequired\":true,\"valueName\":\"search_term_string\"}}],\"inLanguage\":\"en-GB\"},{\"@type\":\"Organization\",\"@id\":\"https:\\\/\\\/international-funeral.com\\\/#organization\",\"name\":\"international-funeral.com\",\"url\":\"https:\\\/\\\/international-funeral.com\\\/\",\"logo\":{\"@type\":\"ImageObject\",\"inLanguage\":\"en-GB\",\"@id\":\"https:\\\/\\\/international-funeral.com\\\/#\\\/schema\\\/logo\\\/image\\\/\",\"url\":\"https:\\\/\\\/international-funeral.com\\\/wp-content\\\/uploads\\\/2025\\\/05\\\/if_logo_pos.png\",\"contentUrl\":\"https:\\\/\\\/international-funeral.com\\\/wp-content\\\/uploads\\\/2025\\\/05\\\/if_logo_pos.png\",\"width\":1890,\"height\":543,\"caption\":\"international-funeral.com\"},\"image\":{\"@id\":\"https:\\\/\\\/international-funeral.com\\\/#\\\/schema\\\/logo\\\/image\\\/\"}}]}<\/script>\n<!-- \/ Yoast SEO plugin. -->","yoast_head_json":{"title":"International transfers worldwide | With experience &amp; respect","description":"Worldwide repatriation in the event of death: legally compliant, culturally sensitive &amp; personally accompanied - with experience on all continents.","robots":{"index":"index","follow":"follow","max-snippet":"max-snippet:-1","max-image-preview":"max-image-preview:large","max-video-preview":"max-video-preview:-1"},"canonical":"https:\/\/international-funeral.com\/en\/transfer\/international\/","og_locale":"en_GB","og_type":"article","og_title":"Internationale \u00dcberf\u00fchrungen weltweit | Mit Erfahrung & Respekt","og_description":"Weltweite \u00dcberf\u00fchrungen im Todesfall: Rechtssicher, kultursensibel & pers\u00f6nlich begleitet \u2013 mit Erfahrung auf allen Kontinenten.","og_url":"https:\/\/international-funeral.com\/en\/transfer\/international\/","og_site_name":"international-funeral.com","article_modified_time":"2025-05-23T11:54:54+00:00","twitter_card":"summary_large_image","twitter_misc":{"Estimated reading time":"2 minutes"},"schema":{"@context":"https:\/\/schema.org","@graph":[{"@type":"WebPage","@id":"https:\/\/international-funeral.com\/ueberfuehrung\/international\/","url":"https:\/\/international-funeral.com\/ueberfuehrung\/international\/","name":"International transfers worldwide | With experience &amp; respect","isPartOf":{"@id":"https:\/\/international-funeral.com\/#website"},"datePublished":"2025-04-13T17:13:58+00:00","dateModified":"2025-05-23T11:54:54+00:00","description":"Worldwide repatriation in the event of death: legally compliant, culturally sensitive &amp; personally accompanied - with experience on all continents.","breadcrumb":{"@id":"https:\/\/international-funeral.com\/ueberfuehrung\/international\/#breadcrumb"},"inLanguage":"en-GB","potentialAction":[{"@type":"ReadAction","target":["https:\/\/international-funeral.com\/ueberfuehrung\/international\/"]}]},{"@type":"BreadcrumbList","@id":"https:\/\/international-funeral.com\/ueberfuehrung\/international\/#breadcrumb","itemListElement":[{"@type":"ListItem","position":1,"name":"Startseite","item":"https:\/\/international-funeral.com\/"},{"@type":"ListItem","position":2,"name":"Weltweite \u00dcberf\u00fchrungen","item":"https:\/\/international-funeral.com\/ueberfuehrung\/"},{"@type":"ListItem","position":3,"name":"Internationale \u00dcberf\u00fchrungen"}]},{"@type":"WebSite","@id":"https:\/\/international-funeral.com\/#website","url":"https:\/\/international-funeral.com\/","name":"international-funeral.com","description":"Pompes Fun\u00e9bres | Funeral Home | Wordwide Transfers","publisher":{"@id":"https:\/\/international-funeral.com\/#organization"},"potentialAction":[{"@type":"SearchAction","target":{"@type":"EntryPoint","urlTemplate":"https:\/\/international-funeral.com\/?s={search_term_string}"},"query-input":{"@type":"PropertyValueSpecification","valueRequired":true,"valueName":"search_term_string"}}],"inLanguage":"en-GB"},{"@type":"Organization","@id":"https:\/\/international-funeral.com\/#organization","name":"international-funeral.com","url":"https:\/\/international-funeral.com\/","logo":{"@type":"ImageObject","inLanguage":"en-GB","@id":"https:\/\/international-funeral.com\/#\/schema\/logo\/image\/","url":"https:\/\/international-funeral.com\/wp-content\/uploads\/2025\/05\/if_logo_pos.png","contentUrl":"https:\/\/international-funeral.com\/wp-content\/uploads\/2025\/05\/if_logo_pos.png","width":1890,"height":543,"caption":"international-funeral.com"},"image":{"@id":"https:\/\/international-funeral.com\/#\/schema\/logo\/image\/"}}]}},"_links":{"self":[{"href":"https:\/\/international-funeral.com\/en\/wp-json\/wp\/v2\/pages\/2424","targetHints":{"allow":["GET"]}}],"collection":[{"href":"https:\/\/international-funeral.com\/en\/wp-json\/wp\/v2\/pages"}],"about":[{"href":"https:\/\/international-funeral.com\/en\/wp-json\/wp\/v2\/types\/page"}],"author":[{"embeddable":true,"href":"https:\/\/international-funeral.com\/en\/wp-json\/wp\/v2\/users\/1"}],"replies":[{"embeddable":true,"href":"https:\/\/international-funeral.com\/en\/wp-json\/wp\/v2\/comments?post=2424"}],"version-history":[{"count":5,"href":"https:\/\/international-funeral.com\/en\/wp-json\/wp\/v2\/pages\/2424\/revisions"}],"predecessor-version":[{"id":3088,"href":"https:\/\/international-funeral.com\/en\/wp-json\/wp\/v2\/pages\/2424\/revisions\/3088"}],"up":[{"embeddable":true,"href":"https:\/\/international-funeral.com\/en\/wp-json\/wp\/v2\/pages\/167"}],"wp:attachment":[{"href":"https:\/\/international-funeral.com\/en\/wp-json\/wp\/v2\/media?parent=2424"}],"curies":[{"name":"wp","href":"https:\/\/api.w.org\/{rel}","templated":true}]}}