{"id":190,"date":"2023-12-19T17:14:24","date_gmt":"2023-12-19T16:14:24","guid":{"rendered":"https:\/\/international-funeral.com\/?page_id=190"},"modified":"2025-05-23T14:03:35","modified_gmt":"2025-05-23T12:03:35","slug":"social-welfare-office","status":"publish","type":"page","link":"https:\/\/international-funeral.com\/en\/finanzielles\/sozialamt\/","title":{"rendered":"Welfare agency"},"content":{"rendered":"<h1><strong>Social burial in Germany: finding ways together<\/strong><\/h1>\n<p>In moments of farewell and grief, it is important to find ways together to preserve the dignity of the deceased while minimising financial burdens. A social burial offers an opportunity to reduce funeral costs and still allow for a respectful farewell.<\/p>\n<p><strong>Together for a dignified funeral<\/strong><\/p>\n<p>We understand the financial challenges that many families face in times of loss. That's why our empathetic team is here to help you through this difficult time and find solutions together. Contacting the relevant district office or social welfare office and us at an early stage enables us to organise the transfer of the deceased and clarify the formalities.<\/p>\n<p><strong>Support in difficult times<\/strong><\/p>\n<p>Our mission is to support you in your grief and help you organise the funeral of your loved one in line with your financial means. We offer you not only professional funeral services, but also empathetic advice and support with all organisational matters.<\/p>\n<p><strong>Compassionate advice and support<\/strong><\/p>\n<p>Our team is at your side with compassion and understanding to guide you through this difficult process. We want to help you organise the funeral of your loved one or loved ones in a dignified manner without burdening your financial situation. Your needs and well-being are at the centre of everything we do.<\/p>\n<p><strong>Finding a suitable solution together<\/strong><\/p>\n<p>Contact us today to learn more about our services and financing options. We are here to help and support you through your grief. Let's work together to organise a dignified farewell for your loved one.<\/p>","protected":false},"excerpt":{"rendered":"<p>Sozialbestattung in Deutschland: Gemeinsam Wege finden In Momenten des Abschieds und der Trauer ist es wichtig, gemeinsam Wege zu finden, um die W\u00fcrde des Verstorbenen zu wahren und gleichzeitig finanzielle Belastungen zu minimieren. Eine Sozialbestattung bietet hierf\u00fcr eine M\u00f6glichkeit, die Bestattungskosten zu reduzieren und dennoch einen respektvollen Abschied zu erm\u00f6glichen. Gemeinsam f\u00fcr eine w\u00fcrdevolle Bestattung [&hellip;]<\/p>\n","protected":false},"author":1,"featured_media":0,"parent":184,"menu_order":0,"comment_status":"closed","ping_status":"closed","template":"","meta":{"_acf_changed":false,"footnotes":""},"class_list":["post-190","page","type-page","status-publish","hentry"],"acf":[],"yoast_head":"<!-- This site is optimized with the Yoast SEO plugin v27.5 - https:\/\/yoast.com\/product\/yoast-seo-wordpress\/ -->\n<title>Sozialbestattung in Deutschland | W\u00fcrdevoll trotz geringem Budget<\/title>\n<meta name=\"description\" content=\"W\u00fcrdevolle Bestattung trotz geringem Budget: Wir beraten zu Sozialbestattungen &amp; helfen bei Antr\u00e4gen ans Sozialamt \u2013 einf\u00fchlsam &amp; erfahren.\" \/>\n<meta name=\"robots\" content=\"index, follow, max-snippet:-1, max-image-preview:large, max-video-preview:-1\" \/>\n<link rel=\"canonical\" href=\"https:\/\/international-funeral.com\/en\/financial\/social-welfare-office\/\" \/>\n<meta property=\"og:locale\" content=\"en_GB\" \/>\n<meta property=\"og:type\" content=\"article\" \/>\n<meta property=\"og:title\" content=\"Sozialbestattung in Deutschland | W\u00fcrdevoll trotz geringem Budget\" \/>\n<meta property=\"og:description\" content=\"W\u00fcrdevolle Bestattung trotz geringem Budget: Wir beraten zu Sozialbestattungen &amp; helfen bei Antr\u00e4gen ans Sozialamt \u2013 einf\u00fchlsam &amp; erfahren.\" \/>\n<meta property=\"og:url\" content=\"https:\/\/international-funeral.com\/en\/financial\/social-welfare-office\/\" \/>\n<meta property=\"og:site_name\" content=\"international-funeral.com\" \/>\n<meta property=\"article:modified_time\" content=\"2025-05-23T12:03:35+00:00\" \/>\n<meta name=\"twitter:card\" content=\"summary_large_image\" \/>\n<meta name=\"twitter:label1\" content=\"Estimated reading time\" \/>\n\t<meta name=\"twitter:data1\" content=\"2 minutes\" \/>\n<script type=\"application\/ld+json\" class=\"yoast-schema-graph\">{\"@context\":\"https:\\\/\\\/schema.org\",\"@graph\":[{\"@type\":\"WebPage\",\"@id\":\"https:\\\/\\\/international-funeral.com\\\/finanzielles\\\/sozialamt\\\/\",\"url\":\"https:\\\/\\\/international-funeral.com\\\/finanzielles\\\/sozialamt\\\/\",\"name\":\"Sozialbestattung in Deutschland | W\u00fcrdevoll trotz geringem Budget\",\"isPartOf\":{\"@id\":\"https:\\\/\\\/international-funeral.com\\\/#website\"},\"datePublished\":\"2023-12-19T16:14:24+00:00\",\"dateModified\":\"2025-05-23T12:03:35+00:00\",\"description\":\"W\u00fcrdevolle Bestattung trotz geringem Budget: Wir beraten zu Sozialbestattungen & helfen bei Antr\u00e4gen ans Sozialamt \u2013 einf\u00fchlsam & erfahren.\",\"breadcrumb\":{\"@id\":\"https:\\\/\\\/international-funeral.com\\\/finanzielles\\\/sozialamt\\\/#breadcrumb\"},\"inLanguage\":\"en-GB\",\"potentialAction\":[{\"@type\":\"ReadAction\",\"target\":[\"https:\\\/\\\/international-funeral.com\\\/finanzielles\\\/sozialamt\\\/\"]}]},{\"@type\":\"BreadcrumbList\",\"@id\":\"https:\\\/\\\/international-funeral.com\\\/finanzielles\\\/sozialamt\\\/#breadcrumb\",\"itemListElement\":[{\"@type\":\"ListItem\",\"position\":1,\"name\":\"Startseite\",\"item\":\"https:\\\/\\\/international-funeral.com\\\/\"},{\"@type\":\"ListItem\",\"position\":2,\"name\":\"Finanzielles\",\"item\":\"https:\\\/\\\/international-funeral.com\\\/finanzielles\\\/\"},{\"@type\":\"ListItem\",\"position\":3,\"name\":\"Sozialamt\"}]},{\"@type\":\"WebSite\",\"@id\":\"https:\\\/\\\/international-funeral.com\\\/#website\",\"url\":\"https:\\\/\\\/international-funeral.com\\\/\",\"name\":\"international-funeral.com\",\"description\":\"Pompes Fun\u00e9bres |\u00a0Funeral Home | Wordwide Transfers\",\"publisher\":{\"@id\":\"https:\\\/\\\/international-funeral.com\\\/#organization\"},\"potentialAction\":[{\"@type\":\"SearchAction\",\"target\":{\"@type\":\"EntryPoint\",\"urlTemplate\":\"https:\\\/\\\/international-funeral.com\\\/?s={search_term_string}\"},\"query-input\":{\"@type\":\"PropertyValueSpecification\",\"valueRequired\":true,\"valueName\":\"search_term_string\"}}],\"inLanguage\":\"en-GB\"},{\"@type\":\"Organization\",\"@id\":\"https:\\\/\\\/international-funeral.com\\\/#organization\",\"name\":\"international-funeral.com\",\"url\":\"https:\\\/\\\/international-funeral.com\\\/\",\"logo\":{\"@type\":\"ImageObject\",\"inLanguage\":\"en-GB\",\"@id\":\"https:\\\/\\\/international-funeral.com\\\/#\\\/schema\\\/logo\\\/image\\\/\",\"url\":\"https:\\\/\\\/international-funeral.com\\\/wp-content\\\/uploads\\\/2025\\\/05\\\/if_logo_pos.png\",\"contentUrl\":\"https:\\\/\\\/international-funeral.com\\\/wp-content\\\/uploads\\\/2025\\\/05\\\/if_logo_pos.png\",\"width\":1890,\"height\":543,\"caption\":\"international-funeral.com\"},\"image\":{\"@id\":\"https:\\\/\\\/international-funeral.com\\\/#\\\/schema\\\/logo\\\/image\\\/\"}}]}<\/script>\n<!-- \/ Yoast SEO plugin. -->","yoast_head_json":{"title":"Social burial in Germany | Dignified despite a low budget","description":"Dignified burial despite a low budget: We advise on social burials &amp; help with applications to the social welfare office - empathetic &amp; experienced.","robots":{"index":"index","follow":"follow","max-snippet":"max-snippet:-1","max-image-preview":"max-image-preview:large","max-video-preview":"max-video-preview:-1"},"canonical":"https:\/\/international-funeral.com\/en\/financial\/social-welfare-office\/","og_locale":"en_GB","og_type":"article","og_title":"Sozialbestattung in Deutschland | W\u00fcrdevoll trotz geringem Budget","og_description":"W\u00fcrdevolle Bestattung trotz geringem Budget: Wir beraten zu Sozialbestattungen & helfen bei Antr\u00e4gen ans Sozialamt \u2013 einf\u00fchlsam & erfahren.","og_url":"https:\/\/international-funeral.com\/en\/financial\/social-welfare-office\/","og_site_name":"international-funeral.com","article_modified_time":"2025-05-23T12:03:35+00:00","twitter_card":"summary_large_image","twitter_misc":{"Estimated reading time":"2 minutes"},"schema":{"@context":"https:\/\/schema.org","@graph":[{"@type":"WebPage","@id":"https:\/\/international-funeral.com\/finanzielles\/sozialamt\/","url":"https:\/\/international-funeral.com\/finanzielles\/sozialamt\/","name":"Social burial in Germany | Dignified despite a low budget","isPartOf":{"@id":"https:\/\/international-funeral.com\/#website"},"datePublished":"2023-12-19T16:14:24+00:00","dateModified":"2025-05-23T12:03:35+00:00","description":"Dignified burial despite a low budget: We advise on social burials &amp; help with applications to the social welfare office - empathetic &amp; experienced.","breadcrumb":{"@id":"https:\/\/international-funeral.com\/finanzielles\/sozialamt\/#breadcrumb"},"inLanguage":"en-GB","potentialAction":[{"@type":"ReadAction","target":["https:\/\/international-funeral.com\/finanzielles\/sozialamt\/"]}]},{"@type":"BreadcrumbList","@id":"https:\/\/international-funeral.com\/finanzielles\/sozialamt\/#breadcrumb","itemListElement":[{"@type":"ListItem","position":1,"name":"Startseite","item":"https:\/\/international-funeral.com\/"},{"@type":"ListItem","position":2,"name":"Finanzielles","item":"https:\/\/international-funeral.com\/finanzielles\/"},{"@type":"ListItem","position":3,"name":"Sozialamt"}]},{"@type":"WebSite","@id":"https:\/\/international-funeral.com\/#website","url":"https:\/\/international-funeral.com\/","name":"international-funeral.com","description":"Pompes Fun\u00e9bres | Funeral Home | Wordwide Transfers","publisher":{"@id":"https:\/\/international-funeral.com\/#organization"},"potentialAction":[{"@type":"SearchAction","target":{"@type":"EntryPoint","urlTemplate":"https:\/\/international-funeral.com\/?s={search_term_string}"},"query-input":{"@type":"PropertyValueSpecification","valueRequired":true,"valueName":"search_term_string"}}],"inLanguage":"en-GB"},{"@type":"Organization","@id":"https:\/\/international-funeral.com\/#organization","name":"international-funeral.com","url":"https:\/\/international-funeral.com\/","logo":{"@type":"ImageObject","inLanguage":"en-GB","@id":"https:\/\/international-funeral.com\/#\/schema\/logo\/image\/","url":"https:\/\/international-funeral.com\/wp-content\/uploads\/2025\/05\/if_logo_pos.png","contentUrl":"https:\/\/international-funeral.com\/wp-content\/uploads\/2025\/05\/if_logo_pos.png","width":1890,"height":543,"caption":"international-funeral.com"},"image":{"@id":"https:\/\/international-funeral.com\/#\/schema\/logo\/image\/"}}]}},"_links":{"self":[{"href":"https:\/\/international-funeral.com\/en\/wp-json\/wp\/v2\/pages\/190","targetHints":{"allow":["GET"]}}],"collection":[{"href":"https:\/\/international-funeral.com\/en\/wp-json\/wp\/v2\/pages"}],"about":[{"href":"https:\/\/international-funeral.com\/en\/wp-json\/wp\/v2\/types\/page"}],"author":[{"embeddable":true,"href":"https:\/\/international-funeral.com\/en\/wp-json\/wp\/v2\/users\/1"}],"replies":[{"embeddable":true,"href":"https:\/\/international-funeral.com\/en\/wp-json\/wp\/v2\/comments?post=190"}],"version-history":[{"count":4,"href":"https:\/\/international-funeral.com\/en\/wp-json\/wp\/v2\/pages\/190\/revisions"}],"predecessor-version":[{"id":2479,"href":"https:\/\/international-funeral.com\/en\/wp-json\/wp\/v2\/pages\/190\/revisions\/2479"}],"up":[{"embeddable":true,"href":"https:\/\/international-funeral.com\/en\/wp-json\/wp\/v2\/pages\/184"}],"wp:attachment":[{"href":"https:\/\/international-funeral.com\/en\/wp-json\/wp\/v2\/media?parent=190"}],"curies":[{"name":"wp","href":"https:\/\/api.w.org\/{rel}","templated":true}]}}