{"id":167,"date":"2023-12-19T17:11:41","date_gmt":"2023-12-19T16:11:41","guid":{"rendered":"https:\/\/international-funeral.com\/?page_id=167"},"modified":"2025-05-23T13:56:05","modified_gmt":"2025-05-23T11:56:05","slug":"transfer","status":"publish","type":"page","link":"https:\/\/international-funeral.com\/en\/ueberfuehrung\/","title":{"rendered":"Worldwide transfers"},"content":{"rendered":"<div data-elementor-type=\"wp-page\" data-elementor-id=\"167\" class=\"elementor elementor-167\" data-elementor-post-type=\"page\">\n\t\t\t\t<div class=\"elementor-element elementor-element-326f116 e-flex e-con-boxed e-con e-parent\" data-id=\"326f116\" data-element_type=\"container\" data-e-type=\"container\">\n\t\t\t\t\t<div class=\"e-con-inner\">\n\t\t\t\t<div class=\"elementor-element elementor-element-7cb0971 elementor-widget elementor-widget-heading\" data-id=\"7cb0971\" data-element_type=\"widget\" data-e-type=\"widget\" data-widget_type=\"heading.default\">\n\t\t\t\t<div class=\"elementor-widget-container\">\n\t\t\t\t\t<h1 class=\"elementor-heading-title elementor-size-default\">Worldwide repatriation in the event of bereavement - safe &amp; dignified<\/h1>\t\t\t\t<\/div>\n\t\t\t\t<\/div>\n\t\t\t\t<div class=\"elementor-element elementor-element-527f7160 elementor-widget elementor-widget-text-editor\" data-id=\"527f7160\" data-element_type=\"widget\" data-e-type=\"widget\" data-widget_type=\"text-editor.default\">\n\t\t\t\t<div class=\"elementor-widget-container\">\n\t\t\t\t\t\t\t\t\tThe loss of a loved one is one of the most difficult experiences in life. It becomes particularly challenging when the death occurs abroad or repatriation to the country of origin is desired.\nWe are at your side as a reliable partner in this exceptional situation and take all the necessary steps for a smooth repatriation - worldwide, around the clock.\t\t\t\t\t\t\t\t<\/div>\n\t\t\t\t<\/div>\n\t\t\t\t<div class=\"elementor-element elementor-element-9487c23 elementor-widget elementor-widget-heading\" data-id=\"9487c23\" data-element_type=\"widget\" data-e-type=\"widget\" data-widget_type=\"heading.default\">\n\t\t\t\t<div class=\"elementor-widget-container\">\n\t\t\t\t\t<h2 class=\"elementor-heading-title elementor-size-default\">What is important for international transfers<\/h2>\t\t\t\t<\/div>\n\t\t\t\t<\/div>\n\t\t\t\t<div class=\"elementor-element elementor-element-b7e4641 elementor-widget elementor-widget-text-editor\" data-id=\"b7e4641\" data-element_type=\"widget\" data-e-type=\"widget\" data-widget_type=\"text-editor.default\">\n\t\t\t\t<div class=\"elementor-widget-container\">\n\t\t\t\t\t\t\t\t\t<p>A worldwide transfer requires extensive experience, cultural sensitivity and precise work. Our team takes care of all official authorisations, consular requirements and flight bookings.<br \/>We pay attention to:<\/p><ul><li>Compliance with international regulations<\/li><li>The cultural and religious requirements<\/li><li>Dealing with the deceased with dignity<\/li><li>Transparent communication with you as a relative<\/li><\/ul><p>\u00a0<\/p><p>We work with international partners, funeral directors and airlines to make the last journey for your loved one as dignified and efficient as possible.<\/p>\t\t\t\t\t\t\t\t<\/div>\n\t\t\t\t<\/div>\n\t\t\t\t<div class=\"elementor-element elementor-element-50caf56 elementor-widget elementor-widget-heading\" data-id=\"50caf56\" data-element_type=\"widget\" data-e-type=\"widget\" data-widget_type=\"heading.default\">\n\t\t\t\t<div class=\"elementor-widget-container\">\n\t\t\t\t\t<h3 class=\"elementor-heading-title elementor-size-default\">Your advantage: Everything from a single source - with heart and experience<\/h3>\t\t\t\t<\/div>\n\t\t\t\t<\/div>\n\t\t\t\t<div class=\"elementor-element elementor-element-5a55747 elementor-widget elementor-widget-text-editor\" data-id=\"5a55747\" data-element_type=\"widget\" data-e-type=\"widget\" data-widget_type=\"text-editor.default\">\n\t\t\t\t<div class=\"elementor-widget-container\">\n\t\t\t\t\t\t\t\t\t<p>We take the pressure off you at a time when you should be concentrating on your grief. From the first call to arrival in the country of destination, we take care of the complete organisation of the transfer.<br \/>We are at your side with empathy, professionalism and years of experience - regardless of whether you are travelling to Africa, Asia, America or within Europe.<\/p><p>Contact us around the clock - we will help you immediately.<\/p>\t\t\t\t\t\t\t\t<\/div>\n\t\t\t\t<\/div>\n\t\t\t\t\t<\/div>\n\t\t\t\t<\/div>\n\t\t\t\t<\/div>","protected":false},"excerpt":{"rendered":"<p>Weltweite \u00dcberf\u00fchrungen im Trauerfall \u2013 sicher &amp; w\u00fcrdevoll Der Verlust eines geliebten Menschen ist eine der schwersten Erfahrungen im Leben. Besonders herausfordernd wird es, wenn der Todesfall im Ausland eintritt oder eine R\u00fcckf\u00fchrung in das Herkunftsland gew\u00fcnscht wird. Wir stehen Ihnen in dieser Ausnahmesituation als verl\u00e4sslicher Partner zur Seite und \u00fcbernehmen alle notwendigen Schritte f\u00fcr [&hellip;]<\/p>\n","protected":false},"author":1,"featured_media":1904,"parent":0,"menu_order":0,"comment_status":"closed","ping_status":"closed","template":"","meta":{"_acf_changed":false,"footnotes":""},"class_list":["post-167","page","type-page","status-publish","has-post-thumbnail","hentry"],"acf":[],"yoast_head":"<!-- This site is optimized with the Yoast SEO plugin v27.5 - https:\/\/yoast.com\/product\/yoast-seo-wordpress\/ -->\n<title>Weltweite \u00dcberf\u00fchrungen im Todesfall | International Funeral<\/title>\n<meta name=\"description\" content=\"Weltweite \u00dcberf\u00fchrungen im Trauerfall \u2013 wir organisieren jeden Schritt zuverl\u00e4ssig, piet\u00e4tvoll &amp; kultursensibel \u2013 24\/7 f\u00fcr Sie da.\" \/>\n<meta name=\"robots\" content=\"index, follow, max-snippet:-1, max-image-preview:large, max-video-preview:-1\" \/>\n<link rel=\"canonical\" href=\"https:\/\/international-funeral.com\/en\/transfer\/\" \/>\n<meta property=\"og:locale\" content=\"en_GB\" \/>\n<meta property=\"og:type\" content=\"article\" \/>\n<meta property=\"og:title\" content=\"Weltweite \u00dcberf\u00fchrungen im Todesfall | International Funeral\" \/>\n<meta property=\"og:description\" content=\"Weltweite \u00dcberf\u00fchrungen im Trauerfall \u2013 wir organisieren jeden Schritt zuverl\u00e4ssig, piet\u00e4tvoll &amp; kultursensibel \u2013 24\/7 f\u00fcr Sie da.\" \/>\n<meta property=\"og:url\" content=\"https:\/\/international-funeral.com\/en\/transfer\/\" \/>\n<meta property=\"og:site_name\" content=\"international-funeral.com\" \/>\n<meta property=\"article:modified_time\" content=\"2025-05-23T11:56:05+00:00\" \/>\n<meta property=\"og:image\" content=\"https:\/\/international-funeral.com\/wp-content\/uploads\/2025\/04\/fantasy-style-clouds-scaled.jpg\" \/>\n\t<meta property=\"og:image:width\" content=\"2560\" \/>\n\t<meta property=\"og:image:height\" content=\"2560\" \/>\n\t<meta property=\"og:image:type\" content=\"image\/jpeg\" \/>\n<meta name=\"twitter:card\" content=\"summary_large_image\" \/>\n<meta name=\"twitter:label1\" content=\"Estimated reading time\" \/>\n\t<meta name=\"twitter:data1\" content=\"2 minutes\" \/>\n<script type=\"application\/ld+json\" class=\"yoast-schema-graph\">{\"@context\":\"https:\\\/\\\/schema.org\",\"@graph\":[{\"@type\":\"WebPage\",\"@id\":\"https:\\\/\\\/international-funeral.com\\\/ueberfuehrung\\\/\",\"url\":\"https:\\\/\\\/international-funeral.com\\\/ueberfuehrung\\\/\",\"name\":\"Weltweite \u00dcberf\u00fchrungen im Todesfall | International Funeral\",\"isPartOf\":{\"@id\":\"https:\\\/\\\/international-funeral.com\\\/#website\"},\"primaryImageOfPage\":{\"@id\":\"https:\\\/\\\/international-funeral.com\\\/ueberfuehrung\\\/#primaryimage\"},\"image\":{\"@id\":\"https:\\\/\\\/international-funeral.com\\\/ueberfuehrung\\\/#primaryimage\"},\"thumbnailUrl\":\"https:\\\/\\\/international-funeral.com\\\/wp-content\\\/uploads\\\/2025\\\/04\\\/fantasy-style-clouds-scaled.jpg\",\"datePublished\":\"2023-12-19T16:11:41+00:00\",\"dateModified\":\"2025-05-23T11:56:05+00:00\",\"description\":\"Weltweite \u00dcberf\u00fchrungen im Trauerfall \u2013 wir organisieren jeden Schritt zuverl\u00e4ssig, piet\u00e4tvoll & kultursensibel \u2013 24\\\/7 f\u00fcr Sie da.\",\"breadcrumb\":{\"@id\":\"https:\\\/\\\/international-funeral.com\\\/ueberfuehrung\\\/#breadcrumb\"},\"inLanguage\":\"en-GB\",\"potentialAction\":[{\"@type\":\"ReadAction\",\"target\":[\"https:\\\/\\\/international-funeral.com\\\/ueberfuehrung\\\/\"]}]},{\"@type\":\"ImageObject\",\"inLanguage\":\"en-GB\",\"@id\":\"https:\\\/\\\/international-funeral.com\\\/ueberfuehrung\\\/#primaryimage\",\"url\":\"https:\\\/\\\/international-funeral.com\\\/wp-content\\\/uploads\\\/2025\\\/04\\\/fantasy-style-clouds-scaled.jpg\",\"contentUrl\":\"https:\\\/\\\/international-funeral.com\\\/wp-content\\\/uploads\\\/2025\\\/04\\\/fantasy-style-clouds-scaled.jpg\",\"width\":2560,\"height\":2560},{\"@type\":\"BreadcrumbList\",\"@id\":\"https:\\\/\\\/international-funeral.com\\\/ueberfuehrung\\\/#breadcrumb\",\"itemListElement\":[{\"@type\":\"ListItem\",\"position\":1,\"name\":\"Startseite\",\"item\":\"https:\\\/\\\/international-funeral.com\\\/\"},{\"@type\":\"ListItem\",\"position\":2,\"name\":\"Weltweite \u00dcberf\u00fchrungen\"}]},{\"@type\":\"WebSite\",\"@id\":\"https:\\\/\\\/international-funeral.com\\\/#website\",\"url\":\"https:\\\/\\\/international-funeral.com\\\/\",\"name\":\"international-funeral.com\",\"description\":\"Pompes Fun\u00e9bres |\u00a0Funeral Home | Wordwide Transfers\",\"publisher\":{\"@id\":\"https:\\\/\\\/international-funeral.com\\\/#organization\"},\"potentialAction\":[{\"@type\":\"SearchAction\",\"target\":{\"@type\":\"EntryPoint\",\"urlTemplate\":\"https:\\\/\\\/international-funeral.com\\\/?s={search_term_string}\"},\"query-input\":{\"@type\":\"PropertyValueSpecification\",\"valueRequired\":true,\"valueName\":\"search_term_string\"}}],\"inLanguage\":\"en-GB\"},{\"@type\":\"Organization\",\"@id\":\"https:\\\/\\\/international-funeral.com\\\/#organization\",\"name\":\"international-funeral.com\",\"url\":\"https:\\\/\\\/international-funeral.com\\\/\",\"logo\":{\"@type\":\"ImageObject\",\"inLanguage\":\"en-GB\",\"@id\":\"https:\\\/\\\/international-funeral.com\\\/#\\\/schema\\\/logo\\\/image\\\/\",\"url\":\"https:\\\/\\\/international-funeral.com\\\/wp-content\\\/uploads\\\/2025\\\/05\\\/if_logo_pos.png\",\"contentUrl\":\"https:\\\/\\\/international-funeral.com\\\/wp-content\\\/uploads\\\/2025\\\/05\\\/if_logo_pos.png\",\"width\":1890,\"height\":543,\"caption\":\"international-funeral.com\"},\"image\":{\"@id\":\"https:\\\/\\\/international-funeral.com\\\/#\\\/schema\\\/logo\\\/image\\\/\"}}]}<\/script>\n<!-- \/ Yoast SEO plugin. -->","yoast_head_json":{"title":"Worldwide repatriations in the event of death | International Funeral","description":"Worldwide repatriation in the event of bereavement - we organise every step reliably, reverently &amp; culturally sensitive - there for you 24\/7.","robots":{"index":"index","follow":"follow","max-snippet":"max-snippet:-1","max-image-preview":"max-image-preview:large","max-video-preview":"max-video-preview:-1"},"canonical":"https:\/\/international-funeral.com\/en\/transfer\/","og_locale":"en_GB","og_type":"article","og_title":"Weltweite \u00dcberf\u00fchrungen im Todesfall | International Funeral","og_description":"Weltweite \u00dcberf\u00fchrungen im Trauerfall \u2013 wir organisieren jeden Schritt zuverl\u00e4ssig, piet\u00e4tvoll & kultursensibel \u2013 24\/7 f\u00fcr Sie da.","og_url":"https:\/\/international-funeral.com\/en\/transfer\/","og_site_name":"international-funeral.com","article_modified_time":"2025-05-23T11:56:05+00:00","og_image":[{"width":2560,"height":2560,"url":"https:\/\/international-funeral.com\/wp-content\/uploads\/2025\/04\/fantasy-style-clouds-scaled.jpg","type":"image\/jpeg"}],"twitter_card":"summary_large_image","twitter_misc":{"Estimated reading time":"2 minutes"},"schema":{"@context":"https:\/\/schema.org","@graph":[{"@type":"WebPage","@id":"https:\/\/international-funeral.com\/ueberfuehrung\/","url":"https:\/\/international-funeral.com\/ueberfuehrung\/","name":"Worldwide repatriations in the event of death | International Funeral","isPartOf":{"@id":"https:\/\/international-funeral.com\/#website"},"primaryImageOfPage":{"@id":"https:\/\/international-funeral.com\/ueberfuehrung\/#primaryimage"},"image":{"@id":"https:\/\/international-funeral.com\/ueberfuehrung\/#primaryimage"},"thumbnailUrl":"https:\/\/international-funeral.com\/wp-content\/uploads\/2025\/04\/fantasy-style-clouds-scaled.jpg","datePublished":"2023-12-19T16:11:41+00:00","dateModified":"2025-05-23T11:56:05+00:00","description":"Worldwide repatriation in the event of bereavement - we organise every step reliably, reverently &amp; culturally sensitive - there for you 24\/7.","breadcrumb":{"@id":"https:\/\/international-funeral.com\/ueberfuehrung\/#breadcrumb"},"inLanguage":"en-GB","potentialAction":[{"@type":"ReadAction","target":["https:\/\/international-funeral.com\/ueberfuehrung\/"]}]},{"@type":"ImageObject","inLanguage":"en-GB","@id":"https:\/\/international-funeral.com\/ueberfuehrung\/#primaryimage","url":"https:\/\/international-funeral.com\/wp-content\/uploads\/2025\/04\/fantasy-style-clouds-scaled.jpg","contentUrl":"https:\/\/international-funeral.com\/wp-content\/uploads\/2025\/04\/fantasy-style-clouds-scaled.jpg","width":2560,"height":2560},{"@type":"BreadcrumbList","@id":"https:\/\/international-funeral.com\/ueberfuehrung\/#breadcrumb","itemListElement":[{"@type":"ListItem","position":1,"name":"Startseite","item":"https:\/\/international-funeral.com\/"},{"@type":"ListItem","position":2,"name":"Weltweite \u00dcberf\u00fchrungen"}]},{"@type":"WebSite","@id":"https:\/\/international-funeral.com\/#website","url":"https:\/\/international-funeral.com\/","name":"international-funeral.com","description":"Pompes Fun\u00e9bres | Funeral Home | Wordwide Transfers","publisher":{"@id":"https:\/\/international-funeral.com\/#organization"},"potentialAction":[{"@type":"SearchAction","target":{"@type":"EntryPoint","urlTemplate":"https:\/\/international-funeral.com\/?s={search_term_string}"},"query-input":{"@type":"PropertyValueSpecification","valueRequired":true,"valueName":"search_term_string"}}],"inLanguage":"en-GB"},{"@type":"Organization","@id":"https:\/\/international-funeral.com\/#organization","name":"international-funeral.com","url":"https:\/\/international-funeral.com\/","logo":{"@type":"ImageObject","inLanguage":"en-GB","@id":"https:\/\/international-funeral.com\/#\/schema\/logo\/image\/","url":"https:\/\/international-funeral.com\/wp-content\/uploads\/2025\/05\/if_logo_pos.png","contentUrl":"https:\/\/international-funeral.com\/wp-content\/uploads\/2025\/05\/if_logo_pos.png","width":1890,"height":543,"caption":"international-funeral.com"},"image":{"@id":"https:\/\/international-funeral.com\/#\/schema\/logo\/image\/"}}]}},"_links":{"self":[{"href":"https:\/\/international-funeral.com\/en\/wp-json\/wp\/v2\/pages\/167","targetHints":{"allow":["GET"]}}],"collection":[{"href":"https:\/\/international-funeral.com\/en\/wp-json\/wp\/v2\/pages"}],"about":[{"href":"https:\/\/international-funeral.com\/en\/wp-json\/wp\/v2\/types\/page"}],"author":[{"embeddable":true,"href":"https:\/\/international-funeral.com\/en\/wp-json\/wp\/v2\/users\/1"}],"replies":[{"embeddable":true,"href":"https:\/\/international-funeral.com\/en\/wp-json\/wp\/v2\/comments?post=167"}],"version-history":[{"count":9,"href":"https:\/\/international-funeral.com\/en\/wp-json\/wp\/v2\/pages\/167\/revisions"}],"predecessor-version":[{"id":3087,"href":"https:\/\/international-funeral.com\/en\/wp-json\/wp\/v2\/pages\/167\/revisions\/3087"}],"wp:featuredmedia":[{"embeddable":true,"href":"https:\/\/international-funeral.com\/en\/wp-json\/wp\/v2\/media\/1904"}],"wp:attachment":[{"href":"https:\/\/international-funeral.com\/en\/wp-json\/wp\/v2\/media?parent=167"}],"curies":[{"name":"wp","href":"https:\/\/api.w.org\/{rel}","templated":true}]}}